{"id":10266,"date":"2026-02-19T17:54:25","date_gmt":"2026-02-19T16:54:25","guid":{"rendered":"https:\/\/www.imbe.fr\/?page_id=10266"},"modified":"2026-04-17T10:29:40","modified_gmt":"2026-04-17T08:29:40","slug":"concours-photo-les-15-ans-de-limbe","status":"publish","type":"page","link":"https:\/\/www.imbe.fr\/en\/concours-photo-les-15-ans-de-limbe\/","title":{"rendered":"Photo competition, 15 years of IMBE"},"content":{"rendered":"<div data-elementor-type=\"wp-page\" data-elementor-id=\"10266\" class=\"elementor elementor-10266\" data-elementor-post-type=\"page\">\n\t\t\t\t<div class=\"elementor-element elementor-element-f30e5e0 e-con-full e-flex elementor-invisible e-con e-parent\" data-id=\"f30e5e0\" data-element_type=\"container\" data-e-type=\"container\" data-settings=\"{&quot;background_background&quot;:&quot;classic&quot;,&quot;animation&quot;:&quot;fadeIn&quot;}\">\n\t\t\t\t<\/div>\n\t\t<div class=\"elementor-element elementor-element-8fe46d1 e-flex e-con-boxed e-con e-parent\" data-id=\"8fe46d1\" data-element_type=\"container\" data-e-type=\"container\">\n\t\t\t\t\t<div class=\"e-con-inner\">\n\t\t\t\t\t<\/div>\n\t\t\t\t<\/div>\n\t\t<div class=\"elementor-element elementor-element-7fcdc74 e-flex e-con-boxed e-con e-parent\" data-id=\"7fcdc74\" data-element_type=\"container\" data-e-type=\"container\">\n\t\t\t\t\t<div class=\"e-con-inner\">\n\t\t\t\t<div class=\"elementor-element elementor-element-8fa4b60 elementor-widget__width-initial elementor-widget elementor-widget-text-editor\" data-id=\"8fa4b60\" data-element_type=\"widget\" data-e-type=\"widget\" data-widget_type=\"text-editor.default\">\n\t\t\t\t<div class=\"elementor-widget-container\">\n\t\t\t\t\t\t\t\t\t<h4 style=\"text-align: center;\"><img decoding=\"async\" class=\"wp-image-10837 alignleft\" src=\"https:\/\/www.imbe.fr\/wp-content\/uploads\/2026\/04\/logos-15-ans.jpg\" alt=\"\" width=\"67\" height=\"73\" srcset=\"https:\/\/www.imbe.fr\/wp-content\/uploads\/2026\/04\/logos-15-ans.jpg 375w, https:\/\/www.imbe.fr\/wp-content\/uploads\/2026\/04\/logos-15-ans-274x300.jpg 274w, https:\/\/www.imbe.fr\/wp-content\/uploads\/2026\/04\/logos-15-ans-11x12.jpg 11w\" sizes=\"(max-width: 67px) 100vw, 67px\" \/><\/h4><h3><strong style=\"color: inherit; font-family: inherit; font-size: 1.5rem; text-align: center;\"><span style=\"font-size: 16.0pt; line-height: 115%;\">15 years of IMBE: at the heart of life<\/span><\/strong><\/h3><p class=\"MsoNormal\" style=\"text-align: justify;\">Fifteen years. Fifteen years that the IMBE has been exploring, deciphering and protecting life in all its forms. Since 2012, we've been accumulating discoveries, protocols and data; field notebooks have been filling up, and our workbenches have been bursting at the seams.<\/p><p class=\"MsoNormal\" style=\"text-align: justify;\">To celebrate this anniversary in 2027, we invite you to take a different look at what unites us. Not simply to document our activities, but to reveal their poetry, or simply their beauty.\u00a0<\/p><p class=\"MsoNormal\" style=\"text-align: justify;\"><img fetchpriority=\"high\" decoding=\"async\" class=\"alignnone wp-image-10825 size-full\" src=\"https:\/\/www.imbe.fr\/wp-content\/uploads\/2026\/04\/intro-1.jpg\" alt=\"\" width=\"931\" height=\"446\" srcset=\"https:\/\/www.imbe.fr\/wp-content\/uploads\/2026\/04\/intro-1.jpg 931w, https:\/\/www.imbe.fr\/wp-content\/uploads\/2026\/04\/intro-1-300x144.jpg 300w, https:\/\/www.imbe.fr\/wp-content\/uploads\/2026\/04\/intro-1-768x368.jpg 768w, https:\/\/www.imbe.fr\/wp-content\/uploads\/2026\/04\/intro-1-18x9.jpg 18w\" sizes=\"(max-width: 931px) 100vw, 931px\" \/><\/p><p class=\"MsoNormal\" style=\"text-align: justify;\"><b><img decoding=\"async\" class=\"aligncenter wp-image-10826 size-full\" src=\"https:\/\/www.imbe.fr\/wp-content\/uploads\/2026\/04\/intro-2.jpg\" alt=\"\" width=\"2000\" height=\"1125\" srcset=\"https:\/\/www.imbe.fr\/wp-content\/uploads\/2026\/04\/intro-2.jpg 2000w, https:\/\/www.imbe.fr\/wp-content\/uploads\/2026\/04\/intro-2-300x169.jpg 300w, https:\/\/www.imbe.fr\/wp-content\/uploads\/2026\/04\/intro-2-1024x576.jpg 1024w, https:\/\/www.imbe.fr\/wp-content\/uploads\/2026\/04\/intro-2-768x432.jpg 768w, https:\/\/www.imbe.fr\/wp-content\/uploads\/2026\/04\/intro-2-1536x864.jpg 1536w, https:\/\/www.imbe.fr\/wp-content\/uploads\/2026\/04\/intro-2-18x10.jpg 18w, https:\/\/www.imbe.fr\/wp-content\/uploads\/2026\/04\/intro-2-1320x743.jpg 1320w\" sizes=\"(max-width: 2000px) 100vw, 2000px\" \/><\/b><\/p><p class=\"MsoNormal\" style=\"text-align: justify;\"><b>More than just a competition, it's a project for everyone!\u00a0<\/b><span style=\"text-align: center;\">Through this photographic project, we propose to sketch out a sensitive memory of our laboratory: an iconographic collection that would bear witness to our shared identity, but also to constitute the visual heritage of our institute for years to come. <\/span><\/p><p class=\"MsoNormal\" style=\"text-align: justify;\"><span style=\"text-align: center;\">Quite simply, to get our heads out of our spreadsheets and protocols and capture the poetry of a gesture, the power of a landscape or the fragility of a species. Enhancing the light and shade of our professions. Strengthening our ties by sharing our unique visions.<\/span><\/p>\t\t\t\t\t\t\t\t<\/div>\n\t\t\t\t<\/div>\n\t\t\t\t<div class=\"elementor-element elementor-element-69d18e2 elementor-widget__width-initial elementor-widget elementor-widget-text-editor\" data-id=\"69d18e2\" data-element_type=\"widget\" data-e-type=\"widget\" data-widget_type=\"text-editor.default\">\n\t\t\t\t<div class=\"elementor-widget-container\">\n\t\t\t\t\t\t\t\t\t<h3 style=\"font-weight: 400;\"><b><strong>Three horizons for your gaze<\/strong><\/b><\/h3><p>We invite you to explore three dimensions of our daily lives through 3 categories, with no limit other than your emotions (up to 20 shots per theme):<\/p>\t\t\t\t\t\t\t\t<\/div>\n\t\t\t\t<\/div>\n\t\t<div class=\"elementor-element elementor-element-6272dc4 e-con-full e-flex e-con e-child\" data-id=\"6272dc4\" data-element_type=\"container\" data-e-type=\"container\">\n\t\t<a class=\"elementor-element elementor-element-42924ac e-con-full e-flex e-con e-child\" data-id=\"42924ac\" data-element_type=\"container\" data-e-type=\"container\" data-settings=\"{&quot;background_background&quot;:&quot;gradient&quot;}\" href=\"https:\/\/www.imbe.fr\/en\/concours-la-biodiversite-en-images\/\">\n\t\t\t\t<div class=\"elementor-element elementor-element-903bd66 elementor-widget elementor-widget-heading\" data-id=\"903bd66\" data-element_type=\"widget\" data-e-type=\"widget\" data-widget_type=\"heading.default\">\n\t\t\t\t<div class=\"elementor-widget-container\">\n\t\t\t\t\t<h2 class=\"elementor-heading-title elementor-size-default\">Biodiversity in Pictures<\/h2>\t\t\t\t<\/div>\n\t\t\t\t<\/div>\n\t\t\t\t<\/a>\n\t\t<a class=\"elementor-element elementor-element-5a92a62 e-con-full e-flex e-con e-child\" data-id=\"5a92a62\" data-element_type=\"container\" data-e-type=\"container\" data-settings=\"{&quot;background_background&quot;:&quot;gradient&quot;}\" href=\"https:\/\/www.imbe.fr\/en\/concours-terrains-et-expeditions\/\">\n\t\t\t\t<div class=\"elementor-element elementor-element-21262ce elementor-widget elementor-widget-heading\" data-id=\"21262ce\" data-element_type=\"widget\" data-e-type=\"widget\" data-widget_type=\"heading.default\">\n\t\t\t\t<div class=\"elementor-widget-container\">\n\t\t\t\t\t<h2 class=\"elementor-heading-title elementor-size-default\">Land and Shipping\n\n<\/h2>\t\t\t\t<\/div>\n\t\t\t\t<\/div>\n\t\t\t\t<\/a>\n\t\t<a class=\"elementor-element elementor-element-599df9f e-con-full e-flex e-con e-child\" data-id=\"599df9f\" data-element_type=\"container\" data-e-type=\"container\" data-settings=\"{&quot;background_background&quot;:&quot;gradient&quot;}\" href=\"https:\/\/www.imbe.fr\/en\/concours-vie-des-labos-et-metiers-de-notre-institut\/\">\n\t\t\t\t<div class=\"elementor-element elementor-element-64b5fea elementor-widget elementor-widget-heading\" data-id=\"64b5fea\" data-element_type=\"widget\" data-e-type=\"widget\" data-widget_type=\"heading.default\">\n\t\t\t\t<div class=\"elementor-widget-container\">\n\t\t\t\t\t<h2 class=\"elementor-heading-title elementor-size-default\">Life in the Labs and Professions of our Institute<\/h2>\t\t\t\t<\/div>\n\t\t\t\t<\/div>\n\t\t\t\t<\/a>\n\t\t\t\t<\/div>\n\t\t<div class=\"elementor-element elementor-element-f104862 e-con-full e-flex e-con e-child\" data-id=\"f104862\" data-element_type=\"container\" data-e-type=\"container\">\n\t\t\t\t<div class=\"elementor-element elementor-element-5da2401 elementor-widget elementor-widget-text-editor\" data-id=\"5da2401\" data-element_type=\"widget\" data-e-type=\"widget\" data-widget_type=\"text-editor.default\">\n\t\t\t\t<div class=\"elementor-widget-container\">\n\t\t\t\t\t\t\t\t\t<p><strong>The otherness of living things.<\/strong>\u00a0From microscope to telephoto lens, let's show the fauna, flora and ecosystems that we study with passion. Tissues or organisms in their environment, your photos celebrate all the facets of living things.<\/p><p><strong>The IMBE out-of-home adventure.<\/strong>\u00a0Let's capture the spirit of our expeditions and missions, the effort, the solidarity, the taste for adventure and our wonder at the landscapes and ecosystems we travel through.\u00a0<\/p><p><strong>The human touch and expertise. The intimacy of the gesture.\u00a0<\/strong>Let's pay tribute to the life of our laboratories. The light of a culture room, the concentration of a manipulation, the beauty of an instrument or the passion of an exchange between colleagues.<\/p>\t\t\t\t\t\t\t\t<\/div>\n\t\t\t\t<\/div>\n\t\t\t\t<\/div>\n\t\t\t\t<div class=\"elementor-element elementor-element-f75a145 elementor-widget__width-inherit elementor-widget elementor-widget-image\" data-id=\"f75a145\" data-element_type=\"widget\" data-e-type=\"widget\" data-widget_type=\"image.default\">\n\t\t\t\t<div class=\"elementor-widget-container\">\n\t\t\t\t\t\t\t\t\t\t\t\t\t\t\t<img loading=\"lazy\" decoding=\"async\" width=\"2048\" height=\"224\" src=\"https:\/\/www.imbe.fr\/wp-content\/uploads\/2026\/04\/Sans-titre-2-scaled.jpg\" class=\"attachment-full size-full wp-image-10804\" alt=\"\" srcset=\"https:\/\/www.imbe.fr\/wp-content\/uploads\/2026\/04\/Sans-titre-2-scaled.jpg 2048w, https:\/\/www.imbe.fr\/wp-content\/uploads\/2026\/04\/Sans-titre-2-300x33.jpg 300w, https:\/\/www.imbe.fr\/wp-content\/uploads\/2026\/04\/Sans-titre-2-1024x112.jpg 1024w, https:\/\/www.imbe.fr\/wp-content\/uploads\/2026\/04\/Sans-titre-2-768x84.jpg 768w, https:\/\/www.imbe.fr\/wp-content\/uploads\/2026\/04\/Sans-titre-2-1536x168.jpg 1536w, https:\/\/www.imbe.fr\/wp-content\/uploads\/2026\/04\/Sans-titre-2-18x2.jpg 18w, https:\/\/www.imbe.fr\/wp-content\/uploads\/2026\/04\/Sans-titre-2-1320x144.jpg 1320w\" sizes=\"(max-width: 2048px) 100vw, 2048px\" \/>\t\t\t\t\t\t\t\t\t\t\t\t\t\t\t<\/div>\n\t\t\t\t<\/div>\n\t\t<div class=\"elementor-element elementor-element-0eb5fb3 e-con-full e-flex e-con e-child\" data-id=\"0eb5fb3\" data-element_type=\"container\" data-e-type=\"container\">\n\t\t\t\t<div class=\"elementor-element elementor-element-be63005 elementor-widget__width-initial elementor-widget elementor-widget-text-editor\" data-id=\"be63005\" data-element_type=\"widget\" data-e-type=\"widget\" data-widget_type=\"text-editor.default\">\n\t\t\t\t<div class=\"elementor-widget-container\">\n\t\t\t\t\t\t\t\t\t<p><strong>The Jury...us<\/strong><br \/><br \/>This competition is a collective effort in which <strong>every member of the Institute becomes a player<\/strong>. The process will begin with an internal vote: together we will choose the photos that touch us, make us laugh or impress us. Far from focusing on technical performance, we'll be looking first and foremost for the accuracy of the testimony.<br \/><br \/><strong><em>Adding value across the board<\/em><\/strong><br \/><br \/>The best photographs, selected by you, will travel with you: they will become <strong>a travelling exhibition<\/strong>, while <strong>permanent exhibitions<\/strong> will transform the places where we live and work. Finally, because every view counts, all the contributions will be preserved in a unique collection of images. This visual heritage will enable us to enhance our identity and to tell the story of our laboratory in different formats for a long time to come (<strong>books<\/strong> and <strong>digital gallery<\/strong>).<\/p>\t\t\t\t\t\t\t\t<\/div>\n\t\t\t\t<\/div>\n\t\t\t\t<\/div>\n\t\t\t\t\t<\/div>\n\t\t\t\t<\/div>\n\t\t<div class=\"elementor-element elementor-element-af468ec e-flex e-con-boxed e-con e-parent\" data-id=\"af468ec\" data-element_type=\"container\" data-e-type=\"container\">\n\t\t\t\t\t<div class=\"e-con-inner\">\n\t\t\t\t<div class=\"elementor-element elementor-element-834e2bb elementor-widget elementor-widget-text-editor\" data-id=\"834e2bb\" data-element_type=\"widget\" data-e-type=\"widget\" data-widget_type=\"text-editor.default\">\n\t\t\t\t<div class=\"elementor-widget-container\">\n\t\t\t\t\t\t\t\t\t<p style=\"text-align: center;\">Find out more in <a href=\"https:\/\/www.imbe.fr\/wp-content\/uploads\/2026\/04\/reglement-concours-photo.pdf\">Photo competition rules and practical information<\/a><\/p>\t\t\t\t\t\t\t\t<\/div>\n\t\t\t\t<\/div>\n\t\t\t\t\t<\/div>\n\t\t\t\t<\/div>\n\t\t\t\t<\/div>","protected":false},"excerpt":{"rendered":"<p>15 Ans de l\u2019IMBE :\u00a0 au c\u0153ur du vivant Quinze ans. Quinze ans que l&#8217;IMBE explore, d\u00e9crypte ou prot\u00e8ge le vivant sous toutes ses formes. Depuis 2012, nous accumulons des [&hellip;]<\/p>\n","protected":false},"author":1,"featured_media":0,"parent":0,"menu_order":0,"comment_status":"closed","ping_status":"closed","template":"","meta":{"_acf_changed":false,"footnotes":""},"class_list":["post-10266","page","type-page","status-publish","hentry"],"acf":[],"_links":{"self":[{"href":"https:\/\/www.imbe.fr\/en\/wp-json\/wp\/v2\/pages\/10266","targetHints":{"allow":["GET"]}}],"collection":[{"href":"https:\/\/www.imbe.fr\/en\/wp-json\/wp\/v2\/pages"}],"about":[{"href":"https:\/\/www.imbe.fr\/en\/wp-json\/wp\/v2\/types\/page"}],"author":[{"embeddable":true,"href":"https:\/\/www.imbe.fr\/en\/wp-json\/wp\/v2\/users\/1"}],"replies":[{"embeddable":true,"href":"https:\/\/www.imbe.fr\/en\/wp-json\/wp\/v2\/comments?post=10266"}],"version-history":[{"count":71,"href":"https:\/\/www.imbe.fr\/en\/wp-json\/wp\/v2\/pages\/10266\/revisions"}],"predecessor-version":[{"id":11066,"href":"https:\/\/www.imbe.fr\/en\/wp-json\/wp\/v2\/pages\/10266\/revisions\/11066"}],"wp:attachment":[{"href":"https:\/\/www.imbe.fr\/en\/wp-json\/wp\/v2\/media?parent=10266"}],"curies":[{"name":"wp","href":"https:\/\/api.w.org\/{rel}","templated":true}]}}