{"id":10551,"date":"2026-03-19T15:31:07","date_gmt":"2026-03-19T14:31:07","guid":{"rendered":"https:\/\/www.imbe.fr\/?page_id=10551"},"modified":"2026-04-16T16:54:01","modified_gmt":"2026-04-16T14:54:01","slug":"concours-terrains-et-expeditions","status":"publish","type":"page","link":"https:\/\/www.imbe.fr\/en\/concours-terrains-et-expeditions\/","title":{"rendered":"Land and Expeditions Competition"},"content":{"rendered":"\t\t<div data-elementor-type=\"wp-page\" data-elementor-id=\"10551\" class=\"elementor elementor-10551\" data-elementor-post-type=\"page\">\n\t\t\t\t<div class=\"elementor-element elementor-element-7a16ef4d e-con-full e-flex elementor-invisible e-con e-parent\" data-id=\"7a16ef4d\" data-element_type=\"container\" data-e-type=\"container\" data-settings=\"{&quot;background_background&quot;:&quot;classic&quot;,&quot;animation&quot;:&quot;fadeIn&quot;}\">\n\t\t\t\t<\/div>\n\t\t<div class=\"elementor-element elementor-element-461d9295 e-con-full breadcrumb e-flex elementor-invisible e-con e-parent\" data-id=\"461d9295\" data-element_type=\"container\" data-e-type=\"container\" data-settings=\"{&quot;animation&quot;:&quot;fadeInUp&quot;}\">\n\t\t<div class=\"elementor-element elementor-element-6ef95f3d e-con-full e-flex e-con e-child\" data-id=\"6ef95f3d\" data-element_type=\"container\" data-e-type=\"container\">\n\t\t\t\t<div class=\"elementor-element elementor-element-452809b4 elementor-widget elementor-widget-shortcode\" data-id=\"452809b4\" data-element_type=\"widget\" data-e-type=\"widget\" data-widget_type=\"shortcode.default\">\n\t\t\t\t<div class=\"elementor-widget-container\">\n\t\t\t\t\t\t\t<div class=\"elementor-shortcode\"><nav aria-label=\"breadcrumbs\">\n            <div class=\"breadcrumb-container theme1\">\n                <ol>\n                                    <\/ol>\n            <\/div>\n        <\/nav>    <script type=\"application\/ld+json\">\n        {\n            \"@context\": \"http:\/\/schema.org\",\n            \"@type\": \"BreadcrumbList\",\n            \"itemListElement\": [\n                            ]\n        }\n    <\/script>\n   \n    <script>\n            <\/script>\n<\/div>\n\t\t\t\t\t\t<\/div>\n\t\t\t\t<\/div>\n\t\t\t\t<\/div>\n\t\t\t\t<\/div>\n\t\t<div class=\"elementor-element elementor-element-5b908bf e-flex e-con-boxed e-con e-parent\" data-id=\"5b908bf\" data-element_type=\"container\" data-e-type=\"container\">\n\t\t\t\t\t<div class=\"e-con-inner\">\n\t\t\t\t<div class=\"elementor-element elementor-element-f5a0611 elementor-widget elementor-widget-text-editor\" data-id=\"f5a0611\" data-element_type=\"widget\" data-e-type=\"widget\" data-widget_type=\"text-editor.default\">\n\t\t\t\t<div class=\"elementor-widget-container\">\n\t\t\t\t\t\t\t\t\t<p style=\"text-align: center;\"><img fetchpriority=\"high\" decoding=\"async\" class=\"alignnone wp-image-11026 size-large\" src=\"https:\/\/www.imbe.fr\/wp-content\/uploads\/2026\/04\/Sans-titre-3-1024x313.jpg\" alt=\"\" width=\"800\" height=\"245\" srcset=\"https:\/\/www.imbe.fr\/wp-content\/uploads\/2026\/04\/Sans-titre-3-1024x313.jpg 1024w, https:\/\/www.imbe.fr\/wp-content\/uploads\/2026\/04\/Sans-titre-3-300x92.jpg 300w, https:\/\/www.imbe.fr\/wp-content\/uploads\/2026\/04\/Sans-titre-3-768x235.jpg 768w, https:\/\/www.imbe.fr\/wp-content\/uploads\/2026\/04\/Sans-titre-3-1536x470.jpg 1536w, https:\/\/www.imbe.fr\/wp-content\/uploads\/2026\/04\/Sans-titre-3-18x6.jpg 18w, https:\/\/www.imbe.fr\/wp-content\/uploads\/2026\/04\/Sans-titre-3-1320x404.jpg 1320w, https:\/\/www.imbe.fr\/wp-content\/uploads\/2026\/04\/Sans-titre-3.jpg 1751w\" sizes=\"(max-width: 800px) 100vw, 800px\" \/><\/p><p>Missions de terrain ou encore paysages sont \u00e0 l\u2019honneur dans cette cat\u00e9gorie. <br \/>Place \u00e0 la beaut\u00e9 des milieux, leur originalit\u00e9 et toute la complexit\u00e9 de nos missions.<\/p><p><a href=\"https:\/\/www.resizepixel.com\/fr\" target=\"_blank\" rel=\"noopener\">Comment redimensionner ma photo<\/a><\/p>\t\t\t\t\t\t\t\t<\/div>\n\t\t\t\t<\/div>\n\t\t\t\t\t<\/div>\n\t\t\t\t<\/div>\n\t\t<div class=\"elementor-element elementor-element-656951f4 e-con-full e-flex e-con e-parent\" data-id=\"656951f4\" data-element_type=\"container\" data-e-type=\"container\">\n\t\t\t\t<div class=\"elementor-element elementor-element-89a00d9 elementor-widget elementor-widget-shortcode\" data-id=\"89a00d9\" data-element_type=\"widget\" data-e-type=\"widget\" data-widget_type=\"shortcode.default\">\n\t\t\t\t<div class=\"elementor-widget-container\">\n\t\t\t\t\t\t\t<div class=\"elementor-shortcode\"><div id=\"totalcontest\" class=\"totalcontest-wrapper totalcontest-uid-86ba124f0b0799b8e65b9f74726d295b is-ltr\" totalcontest=\"10546\" totalcontest-submission-id=\"\" totalcontest-uid=\"86ba124f0b0799b8e65b9f74726d295b\" totalcontest-screen=\"contest.participate\" totalcontest-ajax-url=\"https:\/\/www.imbe.fr\/wp-admin\/admin-ajax.php?action=totalcontest&#038;totalcontest%5BcontestId%5D=10546&#038;totalcontest%5Baction%5D=participate&#038;totalcontest%5Bcontext%5D=page&#038;totalcontest%5Bmenu%5D=1\"><script type=\"text\/totalcontest-config\" totalcontest-config=\"10546\">{\"ajaxEndpoint\":\"https:\/\/www.imbe.fr\/wp-admin\/admin-ajax.php?action=totalcontest\",\"behaviours\":{\"ajax\":true,\"scrollUp\":true,\"async\":true},\"effects\":{\"transition\":\"fade\",\"duration\":\"500\"}}<\/script><link rel=\"stylesheet\" id=\"totalcontest-contest-86ba124f0b0799b8e65b9f74726d295b-css\"  href=\"https:\/\/www.imbe.fr\/wp-content\/cache\/totalcontest\/css\/86ba124f0b0799b8e65b9f74726d295b.css\" type=\"text\/css\" media=\"all\" \/><div id=\"totalcontest-contest-10546\" class=\"totalcontest-container\"><div class=\"totalcontest-header\">\n\t<div class=\"totalcontest-menu totalcontest-desktop-menu\" totalcontest-mobile-scrollable>\n\t        <a class=\"totalcontest-menu-item \" href=\"https:\/\/www.imbe.fr\/en\/wp-json\/totalcontest\/v2\/contest\/10546\/?cid=10546&#038;cac=landing&#038;ctx=page&#038;cm=1\" totalcontest-ajax-url=\"https:\/\/www.imbe.fr\/wp-admin\/admin-ajax.php?action=totalcontest&#038;totalcontest%5BcontestId%5D=10546&#038;totalcontest%5Baction%5D=landing&#038;totalcontest%5Bcontext%5D=page&#038;totalcontest%5Bmenu%5D=1\">Terrains et Exp\u00e9ditions<\/a>\n\t        <a class=\"totalcontest-menu-item totalcontest-menu-item-active\" href=\"https:\/\/www.imbe.fr\/en\/wp-json\/totalcontest\/v2\/contest\/10546\/?cid=10546&#038;cac=participate&#038;ctx=page&#038;cm=1\" totalcontest-ajax-url=\"https:\/\/www.imbe.fr\/wp-admin\/admin-ajax.php?action=totalcontest&#038;totalcontest%5BcontestId%5D=10546&#038;totalcontest%5Baction%5D=participate&#038;totalcontest%5Bcontext%5D=page&#038;totalcontest%5Bmenu%5D=1\">Participer<\/a>\n\t        <a class=\"totalcontest-menu-item \" href=\"https:\/\/www.imbe.fr\/en\/wp-json\/totalcontest\/v2\/contest\/10546\/?cid=10546&#038;cac=submissions&#038;ctx=page&#038;cm=1\" totalcontest-ajax-url=\"https:\/\/www.imbe.fr\/wp-admin\/admin-ajax.php?action=totalcontest&#038;totalcontest%5BcontestId%5D=10546&#038;totalcontest%5Baction%5D=submissions&#038;totalcontest%5Bcontext%5D=page&#038;totalcontest%5Bmenu%5D=1&#038;totalcontest%5BsortDirection%5D=desc&#038;totalcontest%5BsortBy%5D=date&#038;totalcontest%5Bpage%5D=1\">Participations<\/a>\n\t<\/div>\n\n\n\n<select class=\"totalcontest-menu totalcontest-mobile-menu\" totalcontest-mobile-scrollable>\n\t      <option class=\"totalcontest-menu-item\n                \"\n              value=\"https:\/\/www.imbe.fr\/en\/wp-json\/totalcontest\/v2\/contest\/10546\/?cid=10546&#038;cac=landing&#038;ctx=page&#038;cm=1\"\n              totalcontest-ajax-url=\"https:\/\/www.imbe.fr\/wp-admin\/admin-ajax.php?action=totalcontest&#038;totalcontest%5BcontestId%5D=10546&#038;totalcontest%5Baction%5D=landing&#038;totalcontest%5Bcontext%5D=page&#038;totalcontest%5Bmenu%5D=1\"\n\t\t\t\t      >\n\t\t\t\tTerrains et Exp\u00e9ditions      <\/option>\n\t      <option class=\"totalcontest-menu-item\n                totalcontest-menu-item-active\"\n              value=\"https:\/\/www.imbe.fr\/en\/wp-json\/totalcontest\/v2\/contest\/10546\/?cid=10546&#038;cac=participate&#038;ctx=page&#038;cm=1\"\n              totalcontest-ajax-url=\"https:\/\/www.imbe.fr\/wp-admin\/admin-ajax.php?action=totalcontest&#038;totalcontest%5BcontestId%5D=10546&#038;totalcontest%5Baction%5D=participate&#038;totalcontest%5Bcontext%5D=page&#038;totalcontest%5Bmenu%5D=1\"\n\t\t\t\tselected      >\n\t\t\t\tParticiper      <\/option>\n\t      <option class=\"totalcontest-menu-item\n                \"\n              value=\"https:\/\/www.imbe.fr\/en\/wp-json\/totalcontest\/v2\/contest\/10546\/?cid=10546&#038;cac=submissions&#038;ctx=page&#038;cm=1\"\n              totalcontest-ajax-url=\"https:\/\/www.imbe.fr\/wp-admin\/admin-ajax.php?action=totalcontest&#038;totalcontest%5BcontestId%5D=10546&#038;totalcontest%5Baction%5D=submissions&#038;totalcontest%5Bcontext%5D=page&#038;totalcontest%5Bmenu%5D=1&#038;totalcontest%5BsortDirection%5D=desc&#038;totalcontest%5BsortBy%5D=date&#038;totalcontest%5Bpage%5D=1\"\n\t\t\t\t      >\n\t\t\t\tParticipations      <\/option>\n\t<\/select>\n<\/div>\n<div class=\"totalcontest-body\">\n    <div class=\"totalcontest-participate\">\n\t\t<form action=\"\" class=\"totalcontest-form totalcontest-participate-form\" method=\"POST\" novalidate=\"novalidate\">        <div class=\"totalcontest-form-loading\" style=\"display: none;\">\n            <svg width=\"38\" height=\"38\" viewBox=\"0 0 38 38\" xmlns=\"http:\/\/www.w3.org\/2000\/svg\">\n                <defs>\n                    <linearGradient x1=\"8.042%\" y1=\"0%\" x2=\"65.682%\" y2=\"23.865%\" id=\"a\">\n                        <stop stop-color=\"#000000\" stop-opacity=\"0\" offset=\"0%\"\/>\n                        <stop stop-color=\"#000000\" stop-opacity=\".631\" offset=\"63.146%\"\/>\n                        <stop stop-color=\"#000000\" offset=\"100%\"\/>\n                    <\/linearGradient>\n                <\/defs>\n                <g fill=\"none\" fill-rule=\"evenodd\">\n                    <g transform=\"translate(1 1)\">\n                        <path d=\"M36 18c0-9.94-8.06-18-18-18\" id=\"Oval-2\" stroke=\"url(#a)\" stroke-width=\"2\">\n                            <animateTransform\n                                    attributeName=\"transform\"\n                                    type=\"rotate\"\n                                    from=\"0 18 18\"\n                                    to=\"360 18 18\"\n                                    dur=\"0.9s\"\n                                    repeatCount=\"indefinite\"\/>\n                        <\/path>\n                        <circle fill=\"#fff\" cx=\"36\" cy=\"18\" r=\"1\">\n                            <animateTransform\n                                    attributeName=\"transform\"\n                                    type=\"rotate\"\n                                    from=\"0 18 18\"\n                                    to=\"360 18 18\"\n                                    dur=\"0.9s\"\n                                    repeatCount=\"indefinite\"\/>\n                        <\/circle>\n                    <\/g>\n                <\/g>\n            <\/svg>\n\t\t\tParticipation en cours        <\/div>\n        <div class=\"totalcontest-form-hidden-fields\">\n\t\t\t<div class=\"totalcontest-form-page\"><div class=\"totalcontest-form-field-hidden\"><div class=\"totalcontest-form-field totalcontest-form-field-type-hidden totalcontest-column-full\"><div class=\"totalcontest-form-field-wrapper\"><input type=\"hidden\" name=\"totalcontest[action]\" value=\"participate\" class=\"totalcontest-form-field-input\"><div class=\"totalcontest-form-field-errors\"><\/div><\/div><\/div><\/div><div class=\"totalcontest-form-field-hidden\"><div class=\"totalcontest-form-field totalcontest-form-field-type-hidden totalcontest-column-full\"><div class=\"totalcontest-form-field-wrapper\"><input type=\"hidden\" name=\"totalcontest[contestId]\" value=\"10546\" class=\"totalcontest-form-field-input\"><div class=\"totalcontest-form-field-errors\"><\/div><\/div><\/div><\/div><div class=\"totalcontest-form-field-hidden\"><div class=\"totalcontest-form-field totalcontest-form-field-type-hidden totalcontest-column-full\"><div class=\"totalcontest-form-field-wrapper\"><input type=\"hidden\" name=\"totalcontest[context]\" value=\"page\" class=\"totalcontest-form-field-input\"><div class=\"totalcontest-form-field-errors\"><\/div><\/div><\/div><\/div><div class=\"totalcontest-form-field-hidden\"><div class=\"totalcontest-form-field totalcontest-form-field-type-hidden totalcontest-column-full\"><div class=\"totalcontest-form-field-wrapper\"><input type=\"hidden\" name=\"totalcontest[menu]\" value=\"1\" class=\"totalcontest-form-field-input\"><div class=\"totalcontest-form-field-errors\"><\/div><\/div><\/div><\/div><\/div>        <\/div>\n        <div class=\"totalcontest-form-custom-fields\">\n\t\t\t<div class=\"totalcontest-form-page\"><\/div>        <\/div>\n        <div class=\"totalcontest-buttons\">\n\t\t\t<button type=\"submit\" class=\"totalcontest-button totalcontest-button-primary totalcontest-button-submit\">Participer<\/button>        <\/div>\n\t\t<\/form>    <\/div>\n\n<\/div>\n<div class=\"totalcontest-footer\">\n\t<\/div>\n<\/div><\/div><\/div>\n\t\t\t\t\t\t<\/div>\n\t\t\t\t<\/div>\n\t\t\t\t<\/div>\n\t\t\t\t<\/div>\n\t\t","protected":false},"excerpt":{"rendered":"<p>Missions de terrain ou encore paysages sont \u00e0 l\u2019honneur dans cette cat\u00e9gorie. Place \u00e0 la beaut\u00e9 des milieux, leur originalit\u00e9 et toute la complexit\u00e9 de nos missions. Comment redimensionner ma [&hellip;]<\/p>\n","protected":false},"author":1,"featured_media":0,"parent":0,"menu_order":0,"comment_status":"closed","ping_status":"closed","template":"","meta":{"_acf_changed":false,"footnotes":""},"class_list":["post-10551","page","type-page","status-publish","hentry"],"acf":[],"_links":{"self":[{"href":"https:\/\/www.imbe.fr\/en\/wp-json\/wp\/v2\/pages\/10551","targetHints":{"allow":["GET"]}}],"collection":[{"href":"https:\/\/www.imbe.fr\/en\/wp-json\/wp\/v2\/pages"}],"about":[{"href":"https:\/\/www.imbe.fr\/en\/wp-json\/wp\/v2\/types\/page"}],"author":[{"embeddable":true,"href":"https:\/\/www.imbe.fr\/en\/wp-json\/wp\/v2\/users\/1"}],"replies":[{"embeddable":true,"href":"https:\/\/www.imbe.fr\/en\/wp-json\/wp\/v2\/comments?post=10551"}],"version-history":[{"count":34,"href":"https:\/\/www.imbe.fr\/en\/wp-json\/wp\/v2\/pages\/10551\/revisions"}],"predecessor-version":[{"id":11029,"href":"https:\/\/www.imbe.fr\/en\/wp-json\/wp\/v2\/pages\/10551\/revisions\/11029"}],"wp:attachment":[{"href":"https:\/\/www.imbe.fr\/en\/wp-json\/wp\/v2\/media?parent=10551"}],"curies":[{"name":"wp","href":"https:\/\/api.w.org\/{rel}","templated":true}]}}