{"id":1954,"date":"2024-04-28T19:28:01","date_gmt":"2024-04-28T17:28:01","guid":{"rendered":"https:\/\/dev.imbe.fr\/?page_id=1954"},"modified":"2025-03-31T12:55:00","modified_gmt":"2025-03-31T10:55:00","slug":"pole-informatique-et-donnees","status":"publish","type":"page","link":"https:\/\/www.imbe.fr\/en\/techniques\/pole-informatique-et-donnees\/","title":{"rendered":"Information Technology and Data"},"content":{"rendered":"\t\t<div data-elementor-type=\"wp-page\" data-elementor-id=\"1954\" class=\"elementor elementor-1954\" data-elementor-post-type=\"page\">\n\t\t\t\t<div class=\"elementor-element elementor-element-4c92e20 e-flex e-con-boxed e-con e-parent\" data-id=\"4c92e20\" data-element_type=\"container\" data-e-type=\"container\">\n\t\t\t\t\t<div class=\"e-con-inner\">\n\t\t<div class=\"elementor-element elementor-element-3153271 e-con-full e-flex e-con e-child\" data-id=\"3153271\" data-element_type=\"container\" data-e-type=\"container\">\n\t\t\t\t<\/div>\n\t\t<div class=\"elementor-element elementor-element-1b431ec e-con-full e-flex e-con e-child\" data-id=\"1b431ec\" data-element_type=\"container\" data-e-type=\"container\">\n\t\t\t\t<\/div>\n\t\t\t\t\t<\/div>\n\t\t\t\t<\/div>\n\t\t<div class=\"elementor-element elementor-element-c415ebc e-con-full e-flex elementor-invisible e-con e-parent\" data-id=\"c415ebc\" data-element_type=\"container\" data-e-type=\"container\" data-settings=\"{&quot;background_background&quot;:&quot;classic&quot;,&quot;animation&quot;:&quot;fadeIn&quot;}\">\n\t\t\t\t<div class=\"elementor-element elementor-element-7986ce9 elementor-widget elementor-widget-heading\" data-id=\"7986ce9\" data-element_type=\"widget\" data-e-type=\"widget\" data-widget_type=\"heading.default\">\n\t\t\t\t<div class=\"elementor-widget-container\">\n\t\t\t\t\t<h1 class=\"elementor-heading-title elementor-size-default\">Nom de l'\u00e9quipe<\/h1>\t\t\t\t<\/div>\n\t\t\t\t<\/div>\n\t\t\t\t<\/div>\n\t\t<div class=\"elementor-element elementor-element-e0a30ee e-con-full menuEquipe e-flex elementor-invisible e-con e-parent\" data-id=\"e0a30ee\" data-element_type=\"container\" data-e-type=\"container\" id=\"menueq\" data-settings=\"{&quot;background_background&quot;:&quot;classic&quot;,&quot;animation&quot;:&quot;fadeInUp&quot;,&quot;sticky&quot;:&quot;top&quot;,&quot;sticky_offset&quot;:94,&quot;sticky_on&quot;:[&quot;desktop&quot;,&quot;laptop&quot;,&quot;tablet&quot;,&quot;mobile&quot;],&quot;sticky_effects_offset&quot;:0,&quot;sticky_anchor_link_offset&quot;:0}\">\n\t\t<div class=\"elementor-element elementor-element-418cfda e-con-full e-flex e-con e-child\" data-id=\"418cfda\" data-element_type=\"container\" data-e-type=\"container\">\n\t\t\t\t<div class=\"elementor-element elementor-element-5d97e1f elementor-view-default elementor-position-block-start elementor-mobile-position-block-start elementor-widget elementor-widget-icon-box\" data-id=\"5d97e1f\" data-element_type=\"widget\" data-e-type=\"widget\" data-widget_type=\"icon-box.default\">\n\t\t\t\t<div class=\"elementor-widget-container\">\n\t\t\t\t\t\t\t<div class=\"elementor-icon-box-wrapper\">\n\n\t\t\t\t\t\t<div class=\"elementor-icon-box-icon\">\n\t\t\t\t<a href=\"#menueq\" class=\"elementor-icon\" tabindex=\"-1\" aria-label=\"Pr\u00e9sentation\">\n\t\t\t\t<svg xmlns=\"http:\/\/www.w3.org\/2000\/svg\" xmlns:xlink=\"http:\/\/www.w3.org\/1999\/xlink\" id=\"Calque_1\" data-name=\"Calque 1\" viewBox=\"0 0 30.35 34.78\"><defs><style>      .cls-1 {        fill: none;      }      .cls-1, .cls-2 {        stroke-width: 0px;      }      .cls-3 {        clip-path: url(#clippath);      }      .cls-2 {        fill: #161615;      }    <\/style><clipPath id=\"clippath\"><rect class=\"cls-1\" width=\"30.35\" height=\"34.78\"><\/rect><\/clipPath><\/defs><g class=\"cls-3\"><g id=\"Groupe_456\" data-name=\"Groupe 456\"><path id=\"Trac&#xE9;_383\" data-name=\"Trac&#xE9; 383\" class=\"cls-2\" d=\"M15.19,34.78H2.35c-1.69,0-2.44-.82-2.34-2.51.21-6.57,5.68-11.74,12.25-11.58,2.72-.07,5.43.01,8.14.25,5.6.66,10.16,6.21,9.95,11.83.01,1.1-.87,2.01-1.98,2.02-.08,0-.15,0-.23-.01-4.32,0-8.63,0-12.95,0M2.11,32.56h26.09c0-4.71-3.41-8.73-8.06-9.49-2.95-.34-5.93-.41-8.89-.21-5.11.35-9.09,4.57-9.14,9.69\"><\/path><path id=\"Trac&#xE9;_384\" data-name=\"Trac&#xE9; 384\" class=\"cls-2\" d=\"M23.82,8.68c-.01,4.78-3.9,8.65-8.68,8.63s-8.65-3.9-8.63-8.68C6.51,3.85,10.4-.01,15.18,0c.01,0,.02,0,.03,0,4.77.03,8.62,3.91,8.6,8.68M15.27,2.13c-3.66-.04-6.65,2.89-6.69,6.55h0c0,3.63,2.94,6.58,6.58,6.58s6.58-2.94,6.58-6.58c-.03-3.57-2.89-6.48-6.46-6.55\"><\/path><\/g><\/g><\/svg>\t\t\t\t<\/a>\n\t\t\t<\/div>\n\t\t\t\n\t\t\t\t\t\t<div class=\"elementor-icon-box-content\">\n\n\t\t\t\t\t\t\t\t\t<h3 class=\"elementor-icon-box-title\">\n\t\t\t\t\t\t<a href=\"#menueq\" >\n\t\t\t\t\t\t\tPr\u00e9sentation\t\t\t\t\t\t<\/a>\n\t\t\t\t\t<\/h3>\n\t\t\t\t\n\t\t\t\t\n\t\t\t<\/div>\n\t\t\t\n\t\t<\/div>\n\t\t\t\t\t\t<\/div>\n\t\t\t\t<\/div>\n\t\t\t\t<\/div>\n\t\t<div class=\"elementor-element elementor-element-538ee29 e-con-full e-flex e-con e-child\" data-id=\"538ee29\" data-element_type=\"container\" data-e-type=\"container\">\n\t\t\t\t<div class=\"elementor-element elementor-element-ad0ab54 elementor-view-default elementor-position-block-start elementor-mobile-position-block-start elementor-widget elementor-widget-icon-box\" data-id=\"ad0ab54\" data-element_type=\"widget\" data-e-type=\"widget\" data-widget_type=\"icon-box.default\">\n\t\t\t\t<div class=\"elementor-widget-container\">\n\t\t\t\t\t\t\t<div class=\"elementor-icon-box-wrapper\">\n\n\t\t\t\t\t\t<div class=\"elementor-icon-box-icon\">\n\t\t\t\t<a href=\"#equipe\" class=\"elementor-icon\" tabindex=\"-1\" aria-label=\"\u00c9quipe\">\n\t\t\t\t<svg xmlns=\"http:\/\/www.w3.org\/2000\/svg\" xmlns:xlink=\"http:\/\/www.w3.org\/1999\/xlink\" id=\"Calque_1\" x=\"0px\" y=\"0px\" viewBox=\"0 0 42 33.6\" style=\"enable-background:new 0 0 42 33.6;\" xml:space=\"preserve\"><style type=\"text\/css\">\t.st0{fill:#212121;}<\/style><path id=\"Trac&#xE9;_378\" class=\"st0\" d=\"M14.6,33.6H2.3c-1.6,0-2.4-0.8-2.3-2.4C0.2,24.9,5.5,19.9,11.9,20c2.6-0.1,5.2,0,7.9,0.2 c5.4,0.6,9.8,6,9.6,11.4c0,1.1-0.8,1.9-1.9,2c-0.1,0-0.1,0-0.2,0C23,33.6,18.8,33.6,14.6,33.6 M27.2,31.5c0.3-4.2-3.2-8.6-7.6-9.2 C17,22,14.3,22,11.7,22.1C8.2,22,5,23.8,3.3,26.8c-0.9,1.4-1.3,3-1.3,4.7C2,31.5,27.2,31.5,27.2,31.5z\"><\/path><path id=\"Trac&#xE9;_379\" class=\"st0\" d=\"M23,8.4c0,4.6-3.7,8.4-8.4,8.4c-4.6,0-8.4-3.7-8.4-8.4c0-4.6,3.7-8.3,8.3-8.4 C19.2-0.1,23,3.7,23,8.4C23,8.3,23,8.3,23,8.4 M14.6,14.7c3.5,0,6.4-2.8,6.4-6.3c0-3.5-2.8-6.4-6.3-6.4S8.3,4.8,8.3,8.3 C8.3,11.8,11.1,14.7,14.6,14.7\"><\/path><path id=\"Trac&#xE9;_380\" class=\"st0\" d=\"M24.6,5.4l-0.7-1.8c2.7-2.4,7.1-1.9,9.8,1.1c2.6,3.1,2.3,7.6-0.8,10.3 c-2.9,2.6-7.2,2.4-9.9-0.3l1-1.6c3.1,2.3,5.9,2.3,7.9,0.2c1.8-2,1.9-5,0.2-7.1C30.5,3.9,27.6,3.6,24.6,5.4\"><\/path><path id=\"Trac&#xE9;_381\" class=\"st0\" d=\"M26.9,20.9c2.5,0,5.1,0.3,7.6,0.7c4.5,1.2,7.6,5.3,7.6,10c0.1,1.1-0.7,2-1.8,2.1 c-0.1,0-0.1,0-0.2,0c-2.9,0-5.8,0-8.8,0l0.5-2h8.2c0.5-3.3-2.2-7-5.7-8c-1.2-0.4-2.4-0.5-3.6-0.4C28.7,23.4,27.8,22.3,26.9,20.9\"><\/path><\/svg>\t\t\t\t<\/a>\n\t\t\t<\/div>\n\t\t\t\n\t\t\t\t\t\t<div class=\"elementor-icon-box-content\">\n\n\t\t\t\t\t\t\t\t\t<h3 class=\"elementor-icon-box-title\">\n\t\t\t\t\t\t<a href=\"#equipe\" >\n\t\t\t\t\t\t\t\u00c9quipe\t\t\t\t\t\t<\/a>\n\t\t\t\t\t<\/h3>\n\t\t\t\t\n\t\t\t\t\n\t\t\t<\/div>\n\t\t\t\n\t\t<\/div>\n\t\t\t\t\t\t<\/div>\n\t\t\t\t<\/div>\n\t\t\t\t<\/div>\n\t\t<div class=\"elementor-element elementor-element-ac77090 e-con-full e-flex e-con e-child\" data-id=\"ac77090\" data-element_type=\"container\" data-e-type=\"container\">\n\t\t\t\t<div class=\"elementor-element elementor-element-75f8604 elementor-view-default elementor-position-block-start elementor-mobile-position-block-start elementor-widget elementor-widget-icon-box\" data-id=\"75f8604\" data-element_type=\"widget\" data-e-type=\"widget\" data-widget_type=\"icon-box.default\">\n\t\t\t\t<div class=\"elementor-widget-container\">\n\t\t\t\t\t\t\t<div class=\"elementor-icon-box-wrapper\">\n\n\t\t\t\t\t\t<div class=\"elementor-icon-box-icon\">\n\t\t\t\t<a href=\"#publications\" class=\"elementor-icon\" tabindex=\"-1\" aria-label=\"Publications\">\n\t\t\t\t<svg xmlns=\"http:\/\/www.w3.org\/2000\/svg\" xmlns:xlink=\"http:\/\/www.w3.org\/1999\/xlink\" id=\"Calque_1\" x=\"0px\" y=\"0px\" viewBox=\"0 0 35.7 35.5\" style=\"enable-background:new 0 0 35.7 35.5;\" xml:space=\"preserve\"><style type=\"text\/css\">\t.st0{fill:#212121;}<\/style><g>\t<g id=\"Groupe_401\">\t\t<path id=\"Trac&#xE9;_357\" class=\"st0\" d=\"M31.9,28.9l-2.8,2.8L3.9,6.5c0.8-1,1.8-2,2.9-2.8L31.9,28.9\"><\/path>\t\t<path id=\"Trac&#xE9;_358\" class=\"st0\" d=\"M34.5,24.3c-11.4-4.1-19.1-11.8-23-23.2c1.2-0.5,2.6-0.9,3.9-1c0.3,0.7,0.5,1.5,0.8,2.2   c1.5,3.7,3.7,7,6.4,9.9c3.5,3.7,7.9,6.5,12.7,8.1c0.2,0.1,0.3,0.1,0.2,0.3c-0.3,1.2-0.6,2.3-1,3.5C34.5,24.2,34.5,24.3,34.5,24.3\"><\/path>\t\t<path id=\"Trac&#xE9;_359\" class=\"st0\" d=\"M0,15.2l1-3.8c4.9,1.5,9.4,4.1,13.2,7.5c4.7,4.2,8.3,9.6,10.2,15.6c-0.8,0.2-1.6,0.5-2.5,0.7   c-0.4,0.1-0.8,0.1-1.2,0.2c-0.2,0-0.3,0-0.4-0.2c-1.1-3.2-2.6-6.1-4.6-8.8c-3.9-5.2-9.2-9-15.4-11.1c-0.1,0-0.2-0.1-0.2-0.1   c0,0,0,0,0,0L0,15.2\"><\/path>\t\t<path id=\"Trac&#xE9;_360\" class=\"st0\" d=\"M16,35.5c-1.4-0.1-2.7-0.3-4-0.8c0.1-3-1-5.8-3.2-7.9c-2.1-2.1-5-3.2-8-3.1   c-0.5-1.3-0.8-2.6-0.9-4c4.3-0.4,8.6,1.1,11.7,4.2C14.8,26.9,16.4,31.2,16,35.5\"><\/path>\t\t<path id=\"Trac&#xE9;_361\" class=\"st0\" d=\"M35.7,16c-8,0.7-15-5.3-15.7-13.3c-0.1-0.9-0.1-1.8,0-2.7c0.5,0.1,1.1,0.2,1.6,0.3   c0.7,0.2,1.4,0.4,2,0.6c0.1,0,0.3,0.1,0.2,0.3c0,0,0,0,0,0c-0.1,4.7,2.8,8.9,7.3,10.4c1.1,0.4,2.3,0.6,3.4,0.6   c0.1,0,0.2,0.1,0.3,0.2c0.3,1.2,0.5,2.4,0.8,3.6C35.7,15.9,35.7,16,35.7,16\"><\/path>\t\t<path id=\"Trac&#xE9;_362\" class=\"st0\" d=\"M2.9,27.7c1.6-1.4,4-1.1,5.3,0.4c1.2,1.4,1.2,3.4,0.1,4.8C7.1,32.5,3.8,29.3,2.9,27.7\"><\/path>\t\t<path id=\"Trac&#xE9;_363\" class=\"st0\" d=\"M27.7,2.8c2.1,1.4,3.9,3.2,5.3,5.3c-1.6,1.3-4,1.1-5.3-0.5C26.5,6.3,26.5,4.2,27.7,2.8\"><\/path>\t<\/g><\/g><\/svg>\t\t\t\t<\/a>\n\t\t\t<\/div>\n\t\t\t\n\t\t\t\t\t\t<div class=\"elementor-icon-box-content\">\n\n\t\t\t\t\t\t\t\t\t<h3 class=\"elementor-icon-box-title\">\n\t\t\t\t\t\t<a href=\"#publications\" >\n\t\t\t\t\t\t\tPublications\t\t\t\t\t\t<\/a>\n\t\t\t\t\t<\/h3>\n\t\t\t\t\n\t\t\t\t\n\t\t\t<\/div>\n\t\t\t\n\t\t<\/div>\n\t\t\t\t\t\t<\/div>\n\t\t\t\t<\/div>\n\t\t\t\t<\/div>\n\t\t\t\t<\/div>\n\t\t<div class=\"elementor-element elementor-element-bc38499 e-con-full breadcrumb e-flex elementor-invisible e-con e-parent\" data-id=\"bc38499\" data-element_type=\"container\" data-e-type=\"container\" id=\"ariane\" data-settings=\"{&quot;animation&quot;:&quot;fadeInUp&quot;}\">\n\t\t<div class=\"elementor-element elementor-element-4d4427f e-con-full e-flex e-con e-child\" data-id=\"4d4427f\" data-element_type=\"container\" data-e-type=\"container\">\n\t\t\t\t<div class=\"elementor-element elementor-element-24b7e7a elementor-widget elementor-widget-shortcode\" data-id=\"24b7e7a\" data-element_type=\"widget\" data-e-type=\"widget\" data-widget_type=\"shortcode.default\">\n\t\t\t\t<div class=\"elementor-widget-container\">\n\t\t\t\t\t\t\t<div class=\"elementor-shortcode\"><nav aria-label=\"breadcrumbs\">\n            <div class=\"breadcrumb-container theme1\">\n                <ol>\n                                    <\/ol>\n            <\/div>\n        <\/nav>    <script type=\"application\/ld+json\">\n        {\n            \"@context\": \"http:\/\/schema.org\",\n            \"@type\": \"BreadcrumbList\",\n            \"itemListElement\": [\n                            ]\n        }\n    <\/script>\n   \n    <script>\n            <\/script>\n<\/div>\n\t\t\t\t\t\t<\/div>\n\t\t\t\t<\/div>\n\t\t\t\t<\/div>\n\t\t\t\t<\/div>\n\t\t<div class=\"elementor-element elementor-element-f262443 e-con-full e-flex e-con e-parent\" data-id=\"f262443\" data-element_type=\"container\" data-e-type=\"container\" id=\"presentation\">\n\t\t<div class=\"elementor-element elementor-element-92f4c5b e-con-full e-flex e-con e-child\" data-id=\"92f4c5b\" data-element_type=\"container\" data-e-type=\"container\">\n\t\t\t\t<div class=\"elementor-element elementor-element-71b28d4 elementor-position-inline-start elementor-mobile-position-inline-start elementor-view-default elementor-widget elementor-widget-icon-box\" data-id=\"71b28d4\" data-element_type=\"widget\" data-e-type=\"widget\" data-widget_type=\"icon-box.default\">\n\t\t\t\t<div class=\"elementor-widget-container\">\n\t\t\t\t\t\t\t<div class=\"elementor-icon-box-wrapper\">\n\n\t\t\t\t\t\t<div class=\"elementor-icon-box-icon\">\n\t\t\t\t<span  class=\"elementor-icon\">\n\t\t\t\t<svg xmlns=\"http:\/\/www.w3.org\/2000\/svg\" xmlns:xlink=\"http:\/\/www.w3.org\/1999\/xlink\" id=\"Calque_1\" data-name=\"Calque 1\" viewBox=\"0 0 30.35 34.78\"><defs><style>      .cls-1 {        fill: none;      }      .cls-1, .cls-2 {        stroke-width: 0px;      }      .cls-3 {        clip-path: url(#clippath);      }      .cls-2 {        fill: #161615;      }    <\/style><clipPath id=\"clippath\"><rect class=\"cls-1\" width=\"30.35\" height=\"34.78\"><\/rect><\/clipPath><\/defs><g class=\"cls-3\"><g id=\"Groupe_456\" data-name=\"Groupe 456\"><path id=\"Trac&#xE9;_383\" data-name=\"Trac&#xE9; 383\" class=\"cls-2\" d=\"M15.19,34.78H2.35c-1.69,0-2.44-.82-2.34-2.51.21-6.57,5.68-11.74,12.25-11.58,2.72-.07,5.43.01,8.14.25,5.6.66,10.16,6.21,9.95,11.83.01,1.1-.87,2.01-1.98,2.02-.08,0-.15,0-.23-.01-4.32,0-8.63,0-12.95,0M2.11,32.56h26.09c0-4.71-3.41-8.73-8.06-9.49-2.95-.34-5.93-.41-8.89-.21-5.11.35-9.09,4.57-9.14,9.69\"><\/path><path id=\"Trac&#xE9;_384\" data-name=\"Trac&#xE9; 384\" class=\"cls-2\" d=\"M23.82,8.68c-.01,4.78-3.9,8.65-8.68,8.63s-8.65-3.9-8.63-8.68C6.51,3.85,10.4-.01,15.18,0c.01,0,.02,0,.03,0,4.77.03,8.62,3.91,8.6,8.68M15.27,2.13c-3.66-.04-6.65,2.89-6.69,6.55h0c0,3.63,2.94,6.58,6.58,6.58s6.58-2.94,6.58-6.58c-.03-3.57-2.89-6.48-6.46-6.55\"><\/path><\/g><\/g><\/svg>\t\t\t\t<\/span>\n\t\t\t<\/div>\n\t\t\t\n\t\t\t\t\t\t<div class=\"elementor-icon-box-content\">\n\n\t\t\t\t\t\t\t\t\t<h2 class=\"elementor-icon-box-title\">\n\t\t\t\t\t\t<span  >\n\t\t\t\t\t\t\tPr\u00e9sentation\t\t\t\t\t\t<\/span>\n\t\t\t\t\t<\/h2>\n\t\t\t\t\n\t\t\t\t\n\t\t\t<\/div>\n\t\t\t\n\t\t<\/div>\n\t\t\t\t\t\t<\/div>\n\t\t\t\t<\/div>\n\t\t<div class=\"elementor-element elementor-element-7722517 e-con-full e-flex e-con e-child\" data-id=\"7722517\" data-element_type=\"container\" data-e-type=\"container\">\n\t\t<div class=\"elementor-element elementor-element-cbc1e09 e-con-full e-flex e-con e-child\" data-id=\"cbc1e09\" data-element_type=\"container\" data-e-type=\"container\">\n\t\t\t\t<div class=\"elementor-element elementor-element-0493992 elementor-widget elementor-widget-text-editor\" data-id=\"0493992\" data-element_type=\"widget\" data-e-type=\"widget\" data-widget_type=\"text-editor.default\">\n\t\t\t\t<div class=\"elementor-widget-container\">\n\t\t\t\t\t\t\t\t\t<p><span style=\"color: var( --e-global-color-text ); text-align: var(--text-align); font-size: 1rem;\">En \u00e9cologie de nombreuses donn\u00e9es sont r\u00e9colt\u00e9es puis analys\u00e9es.<\/span><\/p><p>Le PID a pour mission principale d\u2019assurer leur p\u00e9rennit\u00e9, leur accessibilit\u00e9 et leur diffusion par le biais de diff\u00e9rents outils informatiques. Le PID assure ainsi un soutien aux projets de recherche de l\u2019ensemble de l\u2019unit\u00e9 en apportant une expertise dans les domaines des bases de donn\u00e9es, du d\u00e9veloppement d\u2019interface et\u00a0du traitement des donn\u00e9es.<\/p>\t\t\t\t\t\t\t\t<\/div>\n\t\t\t\t<\/div>\n\t\t\t\t<\/div>\n\t\t<div class=\"elementor-element elementor-element-7268862 e-con-full e-flex e-con e-child\" data-id=\"7268862\" data-element_type=\"container\" data-e-type=\"container\">\n\t\t\t\t<div class=\"elementor-element elementor-element-160a995 elementor-widget elementor-widget-image\" data-id=\"160a995\" data-element_type=\"widget\" data-e-type=\"widget\" data-widget_type=\"image.default\">\n\t\t\t\t<div class=\"elementor-widget-container\">\n\t\t\t\t\t\t\t\t\t\t\t\t\t\t\t<img decoding=\"async\" src=\"https:\/\/www.imbe.fr\/wp-content\/uploads\/elementor\/thumbs\/missions-qq80hds0iulwsyyzypkbko5smje85jftz0ly2yzod4.png\" title=\"missions\" alt=\"missions\" loading=\"lazy\" \/>\t\t\t\t\t\t\t\t\t\t\t\t\t\t\t<\/div>\n\t\t\t\t<\/div>\n\t\t\t\t<\/div>\n\t\t\t\t<\/div>\n\t\t<div class=\"elementor-element elementor-element-d84f4dd e-con-full e-flex e-con e-child\" data-id=\"d84f4dd\" data-element_type=\"container\" data-e-type=\"container\">\n\t\t\t\t<div class=\"elementor-element elementor-element-d9c1b93 elementor-widget__width-initial elementor-widget elementor-widget-image\" data-id=\"d9c1b93\" data-element_type=\"widget\" data-e-type=\"widget\" data-widget_type=\"image.default\">\n\t\t\t\t<div class=\"elementor-widget-container\">\n\t\t\t\t\t\t\t\t\t\t\t\t\t\t\t<img decoding=\"async\" src=\"https:\/\/www.imbe.fr\/wp-content\/uploads\/2024\/09\/catalogue-service.drawio.png\" title=\"catalogue-service.drawio\" alt=\"catalogue-service.drawio\" loading=\"lazy\" \/>\t\t\t\t\t\t\t\t\t\t\t\t\t\t\t<\/div>\n\t\t\t\t<\/div>\n\t\t\t\t<\/div>\n\t\t\t\t<\/div>\n\t\t\t\t<\/div>\n\t\t<div class=\"elementor-element elementor-element-8a3cc62 e-con-full e-flex elementor-invisible e-con e-parent\" data-id=\"8a3cc62\" data-element_type=\"container\" data-e-type=\"container\" id=\"equipe\" data-settings=\"{&quot;background_background&quot;:&quot;classic&quot;,&quot;animation&quot;:&quot;fadeInUp&quot;}\">\n\t\t\t\t<div class=\"elementor-element elementor-element-22d9d4f elementor-position-inline-start elementor-mobile-position-inline-start elementor-view-default elementor-widget elementor-widget-icon-box\" data-id=\"22d9d4f\" data-element_type=\"widget\" data-e-type=\"widget\" data-widget_type=\"icon-box.default\">\n\t\t\t\t<div class=\"elementor-widget-container\">\n\t\t\t\t\t\t\t<div class=\"elementor-icon-box-wrapper\">\n\n\t\t\t\t\t\t<div class=\"elementor-icon-box-icon\">\n\t\t\t\t<span  class=\"elementor-icon\">\n\t\t\t\t<svg xmlns=\"http:\/\/www.w3.org\/2000\/svg\" xmlns:xlink=\"http:\/\/www.w3.org\/1999\/xlink\" id=\"Calque_1\" x=\"0px\" y=\"0px\" viewBox=\"0 0 42 33.6\" style=\"enable-background:new 0 0 42 33.6;\" xml:space=\"preserve\"><style type=\"text\/css\">\t.st0{fill:#212121;}<\/style><path id=\"Trac&#xE9;_378\" class=\"st0\" d=\"M14.6,33.6H2.3c-1.6,0-2.4-0.8-2.3-2.4C0.2,24.9,5.5,19.9,11.9,20c2.6-0.1,5.2,0,7.9,0.2 c5.4,0.6,9.8,6,9.6,11.4c0,1.1-0.8,1.9-1.9,2c-0.1,0-0.1,0-0.2,0C23,33.6,18.8,33.6,14.6,33.6 M27.2,31.5c0.3-4.2-3.2-8.6-7.6-9.2 C17,22,14.3,22,11.7,22.1C8.2,22,5,23.8,3.3,26.8c-0.9,1.4-1.3,3-1.3,4.7C2,31.5,27.2,31.5,27.2,31.5z\"><\/path><path id=\"Trac&#xE9;_379\" class=\"st0\" d=\"M23,8.4c0,4.6-3.7,8.4-8.4,8.4c-4.6,0-8.4-3.7-8.4-8.4c0-4.6,3.7-8.3,8.3-8.4 C19.2-0.1,23,3.7,23,8.4C23,8.3,23,8.3,23,8.4 M14.6,14.7c3.5,0,6.4-2.8,6.4-6.3c0-3.5-2.8-6.4-6.3-6.4S8.3,4.8,8.3,8.3 C8.3,11.8,11.1,14.7,14.6,14.7\"><\/path><path id=\"Trac&#xE9;_380\" class=\"st0\" d=\"M24.6,5.4l-0.7-1.8c2.7-2.4,7.1-1.9,9.8,1.1c2.6,3.1,2.3,7.6-0.8,10.3 c-2.9,2.6-7.2,2.4-9.9-0.3l1-1.6c3.1,2.3,5.9,2.3,7.9,0.2c1.8-2,1.9-5,0.2-7.1C30.5,3.9,27.6,3.6,24.6,5.4\"><\/path><path id=\"Trac&#xE9;_381\" class=\"st0\" d=\"M26.9,20.9c2.5,0,5.1,0.3,7.6,0.7c4.5,1.2,7.6,5.3,7.6,10c0.1,1.1-0.7,2-1.8,2.1 c-0.1,0-0.1,0-0.2,0c-2.9,0-5.8,0-8.8,0l0.5-2h8.2c0.5-3.3-2.2-7-5.7-8c-1.2-0.4-2.4-0.5-3.6-0.4C28.7,23.4,27.8,22.3,26.9,20.9\"><\/path><\/svg>\t\t\t\t<\/span>\n\t\t\t<\/div>\n\t\t\t\n\t\t\t\t\t\t<div class=\"elementor-icon-box-content\">\n\n\t\t\t\t\t\t\t\t\t<h2 class=\"elementor-icon-box-title\">\n\t\t\t\t\t\t<span  >\n\t\t\t\t\t\t\tL'\u00c9quipe\t\t\t\t\t\t<\/span>\n\t\t\t\t\t<\/h2>\n\t\t\t\t\n\t\t\t\t\n\t\t\t<\/div>\n\t\t\t\n\t\t<\/div>\n\t\t\t\t\t\t<\/div>\n\t\t\t\t<\/div>\n\t\t<div class=\"elementor-element elementor-element-491938a e-con-full e-flex e-con e-child\" data-id=\"491938a\" data-element_type=\"container\" data-e-type=\"container\">\n\t\t\t\t<div class=\"elementor-element elementor-element-a35e09d elementor-widget elementor-widget-pymac-singleUsersList\" data-id=\"a35e09d\" data-element_type=\"widget\" data-e-type=\"widget\" data-widget_type=\"pymac-singleUsersList.default\">\n\t\t\t\t<div class=\"elementor-widget-container\">\n\t\t\t\t\t<div class=\"imbe-users\" ><div class=\"imbe-user\" data-title=\"ITA-Ingenieur Technicien Administratif\" data-business-category=\"Array\" data-nom=\"alrick dias\"><div class=\"imbe-user_content\"><div class=\"imbe-user_name\"><a href=\"https:\/\/www.imbe.fr\/en\/annuaire\/alrick-dias\/\">Alrick Dias<\/a><\/div><div class=\"imbe-user_desc\">Responsable technique du PID<\/div><div class=\"imbe-user_title\">ITA-Ingenieur Technicien Administratif<\/div><\/div><\/div><\/div>\t\t\t\t<\/div>\n\t\t\t\t<\/div>\n\t\t\t\t<div class=\"elementor-element elementor-element-c0047da elementor-widget elementor-widget-pymac-singleUsersList\" data-id=\"c0047da\" data-element_type=\"widget\" data-e-type=\"widget\" data-widget_type=\"pymac-singleUsersList.default\">\n\t\t\t\t<div class=\"elementor-widget-container\">\n\t\t\t\t\t<div class=\"imbe-users\" ><div class=\"imbe-user\" data-title=\"CR-Charge de Recherche\" data-business-category=\"Array\" data-nom=\"amandine gasc\"><div class=\"imbe-user_content\"><div class=\"imbe-user_name\"><a href=\"https:\/\/www.imbe.fr\/en\/annuaire\/amandine-gasc\/\">Amandine Gasc<\/a><\/div><div class=\"imbe-user_desc\">Responsable scientifique du PID<\/div><div class=\"imbe-user_title\">CR-Charge de Recherche<\/div><\/div><\/div><\/div>\t\t\t\t<\/div>\n\t\t\t\t<\/div>\n\t\t\t\t<\/div>\n\t\t\t\t<div class=\"elementor-element elementor-element-c38f535 elementor-widget elementor-widget-pymac-userslist\" data-id=\"c38f535\" data-element_type=\"widget\" data-e-type=\"widget\" data-widget_type=\"pymac-userslist.default\">\n\t\t\t\t<div class=\"elementor-widget-container\">\n\t\t\t\t\t<div class=\"imbe-filters\"><div class=\"imbe-filters_header\"><div class=\"imbe-filters_header_title\">Rechercher un membre de l'\u00e9quipe<\/div><\/div><div class=\"imbe-filters_content\"><div class=\"imbe_filter imbe-filters_nom\"><input name=\"imbe_users_nom\" type=\"text\" placeholder=\"Nom ou pr\u00e9nom...\" id=\"imbe_users_nom\"><\/div><div class=\"imbe_filter imbe-filters_title\"><select name=\"imbe_users_title\" id=\"imbe_users_title\"><option value=\"\">Choisissez un titre<\/option><\/select><\/div><\/div><\/div><div class=\"imbe-users display-team\"><div class=\"imbe-user\" data-title=\"ITA\" data-business-category=\"PAHIS,PID,SPOT\" data-nom=\"eliane charrat\"><div class=\"imbe-user_photo\"><a href=\"https:\/\/www.imbe.fr\/en\/annuaire\/eliane-charrat\/\"><img decoding=\"async\" src=\"https:\/\/www.imbe.fr\/wp-content\/uploads\/annuaire\/2866.jpg\" alt=\"Eliane Charrat\"><\/a><\/div><div class=\"imbe-user_content\"><div class=\"imbe-user_name\"><a href=\"https:\/\/www.imbe.fr\/en\/annuaire\/eliane-charrat\/\">Eliane Charrat<\/a><\/div><div class=\"imbe-user_title\">ITA-Ingenieur Technicien Administratif<\/div><\/div><\/div><div class=\"imbe-user\" data-title=\"ITA\" data-business-category=\"POPCO,PID\" data-nom=\"helene de meringo\"><div class=\"imbe-user_photo\"><a href=\"https:\/\/www.imbe.fr\/en\/annuaire\/helene-de-meringo\/\"><img decoding=\"async\" src=\"https:\/\/www.imbe.fr\/wp-content\/uploads\/annuaire\/8111.jpg\" alt=\"Helene De Meringo\"><\/a><\/div><div class=\"imbe-user_content\"><div class=\"imbe-user_name\"><a href=\"https:\/\/www.imbe.fr\/en\/annuaire\/helene-de-meringo\/\">Helene De Meringo<\/a><\/div><div class=\"imbe-user_title\">ITA-Ingenieur Technicien Administratif<\/div><\/div><\/div><div class=\"imbe-user\" data-title=\"ITA\" data-business-category=\"SIP,PID\" data-nom=\"alrick dias\"><div class=\"imbe-user_photo\"><a href=\"https:\/\/www.imbe.fr\/en\/annuaire\/alrick-dias\/\"><img decoding=\"async\" src=\"https:\/\/www.imbe.fr\/wp-content\/uploads\/annuaire\/8420.jpg\" alt=\"Alrick Dias\"><\/a><\/div><div class=\"imbe-user_content\"><div class=\"imbe-user_name\"><a href=\"https:\/\/www.imbe.fr\/en\/annuaire\/alrick-dias\/\">Alrick Dias<\/a><\/div><div class=\"imbe-user_title\">ITA-Ingenieur Technicien Administratif<\/div><\/div><\/div><div class=\"imbe-user\" data-title=\"CR\" data-business-category=\"POPCO,PID\" data-nom=\"amandine gasc\"><div class=\"imbe-user_photo\"><a href=\"https:\/\/www.imbe.fr\/en\/annuaire\/amandine-gasc\/\"><img decoding=\"async\" src=\"https:\/\/www.imbe.fr\/wp-content\/uploads\/annuaire\/2744.jpg\" alt=\"Amandine Gasc\"><\/a><\/div><div class=\"imbe-user_content\"><div class=\"imbe-user_name\"><a href=\"https:\/\/www.imbe.fr\/en\/annuaire\/amandine-gasc\/\">Amandine Gasc<\/a><\/div><div class=\"imbe-user_title\">CR-Charge de Recherche<\/div><\/div><\/div><div class=\"imbe-user\" data-title=\"ITA\" data-business-category=\"PID,SPOT\" data-nom=\"michelle leydet\"><div class=\"imbe-user_photo\"><a href=\"https:\/\/www.imbe.fr\/en\/annuaire\/michelle-leydet\/\"><img decoding=\"async\" src=\"https:\/\/www.imbe.fr\/wp-content\/themes\/pymac\/assets\/img\/default-user.png\" alt=\"Michelle Leydet\"><\/a><\/div><div class=\"imbe-user_content\"><div class=\"imbe-user_name\"><a href=\"https:\/\/www.imbe.fr\/en\/annuaire\/michelle-leydet\/\">Michelle Leydet<\/a><\/div><div class=\"imbe-user_title\">ITA-Ingenieur Technicien Administratif<\/div><\/div><\/div><div class=\"imbe-user\" data-title=\"ITA\" data-business-category=\"SIP,PID\" data-nom=\"anouar toumi\"><div class=\"imbe-user_photo\"><a href=\"https:\/\/www.imbe.fr\/en\/annuaire\/anouar-toumi\/\"><img decoding=\"async\" src=\"https:\/\/www.imbe.fr\/wp-content\/themes\/pymac\/assets\/img\/default-user.png\" alt=\"Anouar Toumi\"><\/a><\/div><div class=\"imbe-user_content\"><div class=\"imbe-user_name\"><a href=\"https:\/\/www.imbe.fr\/en\/annuaire\/anouar-toumi\/\">Anouar Toumi<\/a><\/div><div class=\"imbe-user_title\">ITA-Ingenieur Technicien Administratif<\/div><\/div><\/div><\/div><div id=\"loadMore-wrapper\"><a href=\"#\" class=\"elementor-button elementor-button-link elementor-size-sm\" id=\"loadMore\">Voir l'ensemble des membres<\/a><\/div>\t\t\t\t<\/div>\n\t\t\t\t<\/div>\n\t\t\t\t<\/div>\n\t\t\t\t<\/div>\n\t\t","protected":false},"excerpt":{"rendered":"<p>Pr\u00e9sentation \u00c9quipe Publications Pr\u00e9sentation En \u00e9cologie de nombreuses donn\u00e9es sont r\u00e9colt\u00e9es puis analys\u00e9es. Le PID a pour mission principale d\u2019assurer leur p\u00e9rennit\u00e9, leur accessibilit\u00e9 et leur diffusion par le biais [&hellip;]<\/p>\n","protected":false},"author":300,"featured_media":0,"parent":52,"menu_order":0,"comment_status":"closed","ping_status":"closed","template":"","meta":{"_acf_changed":false,"footnotes":""},"class_list":["post-1954","page","type-page","status-publish","hentry"],"acf":[],"_links":{"self":[{"href":"https:\/\/www.imbe.fr\/en\/wp-json\/wp\/v2\/pages\/1954","targetHints":{"allow":["GET"]}}],"collection":[{"href":"https:\/\/www.imbe.fr\/en\/wp-json\/wp\/v2\/pages"}],"about":[{"href":"https:\/\/www.imbe.fr\/en\/wp-json\/wp\/v2\/types\/page"}],"author":[{"embeddable":true,"href":"https:\/\/www.imbe.fr\/en\/wp-json\/wp\/v2\/users\/300"}],"replies":[{"embeddable":true,"href":"https:\/\/www.imbe.fr\/en\/wp-json\/wp\/v2\/comments?post=1954"}],"version-history":[{"count":118,"href":"https:\/\/www.imbe.fr\/en\/wp-json\/wp\/v2\/pages\/1954\/revisions"}],"predecessor-version":[{"id":8820,"href":"https:\/\/www.imbe.fr\/en\/wp-json\/wp\/v2\/pages\/1954\/revisions\/8820"}],"up":[{"embeddable":true,"href":"https:\/\/www.imbe.fr\/en\/wp-json\/wp\/v2\/pages\/52"}],"wp:attachment":[{"href":"https:\/\/www.imbe.fr\/en\/wp-json\/wp\/v2\/media?parent=1954"}],"curies":[{"name":"wp","href":"https:\/\/api.w.org\/{rel}","templated":true}]}}