{"id":2340,"date":"2024-05-22T10:37:31","date_gmt":"2024-05-22T08:37:31","guid":{"rendered":"https:\/\/dev.imbe.fr\/?page_id=2340"},"modified":"2024-09-06T17:20:31","modified_gmt":"2024-09-06T15:20:31","slug":"equipes-de-recherche","status":"publish","type":"page","link":"https:\/\/www.imbe.fr\/en\/recherche\/equipes-de-recherche\/","title":{"rendered":"Research teams"},"content":{"rendered":"\t\t<div data-elementor-type=\"wp-page\" data-elementor-id=\"2340\" class=\"elementor elementor-2340\" data-elementor-post-type=\"page\">\n\t\t\t\t<div class=\"elementor-element elementor-element-2c1e1509 e-con-full e-flex elementor-invisible e-con e-parent\" data-id=\"2c1e1509\" data-element_type=\"container\" data-e-type=\"container\" data-settings=\"{&quot;background_background&quot;:&quot;classic&quot;,&quot;animation&quot;:&quot;fadeIn&quot;}\">\n\t\t\t\t<\/div>\n\t\t<div class=\"elementor-element elementor-element-61a75649 e-con-full breadcrumb e-flex elementor-invisible e-con e-parent\" data-id=\"61a75649\" data-element_type=\"container\" data-e-type=\"container\" data-settings=\"{&quot;animation&quot;:&quot;fadeInUp&quot;}\">\n\t\t<div class=\"elementor-element elementor-element-2084660c e-con-full e-flex e-con e-child\" data-id=\"2084660c\" data-element_type=\"container\" data-e-type=\"container\">\n\t\t\t\t<div class=\"elementor-element elementor-element-54e053a7 elementor-widget elementor-widget-shortcode\" data-id=\"54e053a7\" data-element_type=\"widget\" data-e-type=\"widget\" data-widget_type=\"shortcode.default\">\n\t\t\t\t<div class=\"elementor-widget-container\">\n\t\t\t\t\t\t\t<div class=\"elementor-shortcode\"><nav aria-label=\"breadcrumbs\">\n            <div class=\"breadcrumb-container theme1\">\n                <ol>\n                                    <\/ol>\n            <\/div>\n        <\/nav>    <script type=\"application\/ld+json\">\n        {\n            \"@context\": \"http:\/\/schema.org\",\n            \"@type\": \"BreadcrumbList\",\n            \"itemListElement\": [\n                            ]\n        }\n    <\/script>\n   \n    <script>\n            <\/script>\n<\/div>\n\t\t\t\t\t\t<\/div>\n\t\t\t\t<\/div>\n\t\t\t\t<\/div>\n\t\t\t\t<\/div>\n\t\t<div class=\"elementor-element elementor-element-30c8d133 e-con-full e-flex e-con e-parent\" data-id=\"30c8d133\" data-element_type=\"container\" data-e-type=\"container\">\n\t\t<div class=\"elementor-element elementor-element-867d1dd e-con-full e-flex elementor-invisible e-con e-child\" data-id=\"867d1dd\" data-element_type=\"container\" data-e-type=\"container\" data-settings=\"{&quot;animation&quot;:&quot;fadeInUp&quot;}\">\n\t\t\t\t<div class=\"elementor-element elementor-element-19dfc5e2 elementor-widget elementor-widget-icon-box\" data-id=\"19dfc5e2\" data-element_type=\"widget\" data-e-type=\"widget\" data-widget_type=\"icon-box.default\">\n\t\t\t\t<div class=\"elementor-widget-container\">\n\t\t\t\t\t\t\t<div class=\"elementor-icon-box-wrapper\">\n\n\t\t\t\n\t\t\t\t\t\t<div class=\"elementor-icon-box-content\">\n\n\t\t\t\t\t\t\t\t\t<h2 class=\"elementor-icon-box-title\">\n\t\t\t\t\t\t<span  >\n\t\t\t\t\t\t\tUne organisation fonctionnelle au sein de 8 \u00e9quipes de recherche\t\t\t\t\t\t<\/span>\n\t\t\t\t\t<\/h2>\n\t\t\t\t\n\t\t\t\t\n\t\t\t<\/div>\n\t\t\t\n\t\t<\/div>\n\t\t\t\t\t\t<\/div>\n\t\t\t\t<\/div>\n\t\t\t\t<div class=\"elementor-element elementor-element-35db15e6 elementor-widget elementor-widget-text-editor\" data-id=\"35db15e6\" data-element_type=\"widget\" data-e-type=\"widget\" data-widget_type=\"text-editor.default\">\n\t\t\t\t<div class=\"elementor-widget-container\">\n\t\t\t\t\t\t\t\t\t<p>8 \u00e9quipes de recherche\u00a0 constituent les \u00e9l\u00e9ments fonctionnels de notre recherche :<\/p><p>\u2022 L\u2019\u00e9quipe <a href=\"https:\/\/www.imbe.fr\/fr\/recherche\/equipes-de-recherche\/pahis-paleoecologie-et-ecologie-historique\/\">PAHIS<\/a> (Pal\u00e9o\u00e9cologie et \u00c9cologie Historique).<br \/>\u2022 L\u2019\u00e9quipe<a href=\"https:\/\/www.imbe.fr\/fr\/recherche\/equipes-de-recherche\/biologie-evolution-et-ecologie-moleculaires-beem-2\/\"> BEEM<\/a> (Biologie, Evolution et Ecologie Mol\u00e9culaires).<br \/>\u2022 L\u2019\u00e9quipe <a href=\"https:\/\/www.imbe.fr\/fr\/ecologie-ecotoxicologie-chimie-appliquees-a-lagroecologie-et-a-la-restauration\/\">EECAR<\/a> (\u00c9cologie, \u00c9cotoxicologie et Chimie appliqu\u00e9es \u00e0 l\u2019Agro\u00e9cologie et \u00e0 la Restauration).<br \/>\u2022 L\u2019\u00e9quipe <a href=\"https:\/\/www.imbe.fr\/fr\/recherche\/equipes-de-recherche\/popco-populations-paysages-communautes-conservation\/\">POPCO<\/a> (POpulations, Paysages, Communaut\u00e9s &amp; cOnservation).<br \/>\u2022 L\u2019\u00e9quipe <a href=\"https:\/\/www.imbe.fr\/fr\/recherche\/equipes-de-recherche\/ecosom-ecologie-fonctionnelle-des-systemes-socioecologiques-aux-molecules\/\">EcoSoM<\/a> (\u00c9cologie fonctionnelle : des syst\u00e8mes socio-\u00e9cologiques aux mol\u00e9cules).<br \/>\u2022 L\u2019\u00e9quipe <a href=\"https:\/\/www.imbe.fr\/fr\/recherche\/equipes-de-recherche\/equipe-santes-sante-et-toxicologie-environnementales\/\">SANTES<\/a> (SANt\u00e9 et Toxicologie EnvironnementaleS).<br \/>\u2022 L\u2019\u00e9quipe <a href=\"https:\/\/www.imbe.fr\/fr\/recherche\/equipes-de-recherche\/equipe-chimiometrie-plan-dexperiences-systemes-experts\/\">CHIPS<\/a> (CHImiom\u00e9trie, Plans d\u2019exp\u00e9riences, Syst\u00e8mes experts).<br \/>\u2022 L\u2019\u00e9quipe <a href=\"https:\/\/www.imbe.fr\/fr\/recherche\/equipes-de-recherche\/equipe-nemo-nature-ecologie-marine-et-oceans\/\">NEMO<\/a> (Nature, \u00c9cologie Marine et Oc\u00e9an).<\/p>\t\t\t\t\t\t\t\t<\/div>\n\t\t\t\t<\/div>\n\t\t\t\t<\/div>\n\t\t\t\t<\/div>\n\t\t\t\t<\/div>\n\t\t","protected":false},"excerpt":{"rendered":"<p>Une organisation fonctionnelle au sein de 8 \u00e9quipes de recherche 8 \u00e9quipes de recherche\u00a0 constituent les \u00e9l\u00e9ments fonctionnels de notre recherche : \u2022 L\u2019\u00e9quipe PAHIS (Pal\u00e9o\u00e9cologie et \u00c9cologie Historique).\u2022 L\u2019\u00e9quipe [&hellip;]<\/p>\n","protected":false},"author":1,"featured_media":0,"parent":50,"menu_order":0,"comment_status":"closed","ping_status":"closed","template":"","meta":{"_acf_changed":false,"footnotes":""},"class_list":["post-2340","page","type-page","status-publish","hentry"],"acf":[],"_links":{"self":[{"href":"https:\/\/www.imbe.fr\/en\/wp-json\/wp\/v2\/pages\/2340","targetHints":{"allow":["GET"]}}],"collection":[{"href":"https:\/\/www.imbe.fr\/en\/wp-json\/wp\/v2\/pages"}],"about":[{"href":"https:\/\/www.imbe.fr\/en\/wp-json\/wp\/v2\/types\/page"}],"author":[{"embeddable":true,"href":"https:\/\/www.imbe.fr\/en\/wp-json\/wp\/v2\/users\/1"}],"replies":[{"embeddable":true,"href":"https:\/\/www.imbe.fr\/en\/wp-json\/wp\/v2\/comments?post=2340"}],"version-history":[{"count":22,"href":"https:\/\/www.imbe.fr\/en\/wp-json\/wp\/v2\/pages\/2340\/revisions"}],"predecessor-version":[{"id":5468,"href":"https:\/\/www.imbe.fr\/en\/wp-json\/wp\/v2\/pages\/2340\/revisions\/5468"}],"up":[{"embeddable":true,"href":"https:\/\/www.imbe.fr\/en\/wp-json\/wp\/v2\/pages\/50"}],"wp:attachment":[{"href":"https:\/\/www.imbe.fr\/en\/wp-json\/wp\/v2\/media?parent=2340"}],"curies":[{"name":"wp","href":"https:\/\/api.w.org\/{rel}","templated":true}]}}