{"id":3,"date":"2023-09-26T15:31:37","date_gmt":"2023-09-26T13:31:37","guid":{"rendered":"https:\/\/dev.imbe.fr\/?page_id=3"},"modified":"2024-12-03T12:05:28","modified_gmt":"2024-12-03T11:05:28","slug":"mentions-legales","status":"publish","type":"page","link":"https:\/\/www.imbe.fr\/en\/mentions-legales\/","title":{"rendered":"Legal information"},"content":{"rendered":"\t\t<div data-elementor-type=\"wp-page\" data-elementor-id=\"3\" class=\"elementor elementor-3\" data-elementor-post-type=\"page\">\n\t\t\t\t<div class=\"elementor-element elementor-element-084aad2 e-con-full e-flex elementor-invisible e-con e-parent\" data-id=\"084aad2\" data-element_type=\"container\" data-e-type=\"container\" data-settings=\"{&quot;background_background&quot;:&quot;classic&quot;,&quot;animation&quot;:&quot;fadeIn&quot;}\">\n\t\t\t\t<\/div>\n\t\t<div class=\"elementor-element elementor-element-2ad2ab68 e-con-full breadcrumb e-flex elementor-invisible e-con e-parent\" data-id=\"2ad2ab68\" data-element_type=\"container\" data-e-type=\"container\" data-settings=\"{&quot;animation&quot;:&quot;fadeInUp&quot;}\">\n\t\t<div class=\"elementor-element elementor-element-1580ea96 e-con-full e-flex e-con e-child\" data-id=\"1580ea96\" data-element_type=\"container\" data-e-type=\"container\">\n\t\t\t\t<div class=\"elementor-element elementor-element-25e43ce4 elementor-widget elementor-widget-shortcode\" data-id=\"25e43ce4\" data-element_type=\"widget\" data-e-type=\"widget\" data-widget_type=\"shortcode.default\">\n\t\t\t\t<div class=\"elementor-widget-container\">\n\t\t\t\t\t\t\t<div class=\"elementor-shortcode\"><nav aria-label=\"breadcrumbs\">\n            <div class=\"breadcrumb-container theme1\">\n                <ol>\n                                    <\/ol>\n            <\/div>\n        <\/nav>    <script type=\"application\/ld+json\">\n        {\n            \"@context\": \"http:\/\/schema.org\",\n            \"@type\": \"BreadcrumbList\",\n            \"itemListElement\": [\n                            ]\n        }\n    <\/script>\n   \n    <script>\n            <\/script>\n<\/div>\n\t\t\t\t\t\t<\/div>\n\t\t\t\t<\/div>\n\t\t\t\t<\/div>\n\t\t\t\t<\/div>\n\t\t<div class=\"elementor-element elementor-element-2da69f38 e-con-full e-flex e-con e-parent\" data-id=\"2da69f38\" data-element_type=\"container\" data-e-type=\"container\">\n\t\t<div class=\"elementor-element elementor-element-40a2bbd e-con-full e-flex elementor-invisible e-con e-child\" data-id=\"40a2bbd\" data-element_type=\"container\" data-e-type=\"container\" data-settings=\"{&quot;animation&quot;:&quot;fadeInUp&quot;}\">\n\t\t\t\t<div class=\"elementor-element elementor-element-5e299550 elementor-widget elementor-widget-text-editor\" data-id=\"5e299550\" data-element_type=\"widget\" data-e-type=\"widget\" data-widget_type=\"text-editor.default\">\n\t\t\t\t<div class=\"elementor-widget-container\">\n\t\t\t\t\t\t\t\t\t<p><strong>IMBE &#8211; Institut M\u00e9diterran\u00e9en de Biodiversit\u00e9 et d\u2019Ecologie marine et continentale<\/strong><\/p>\n<p>Adresse : IMBE &#8211; UMR CNRS 7263 \/ IRD 237 \/ Aix Marseille Universit\u00e9 \/ Avignon Universit\u00e9.<br \/>IMBE, Facult\u00e9 des Sciences et Techniques St-J\u00e9r\u00f4me &#8211; Service 421 &#8211; Av. Escadrille Normandie Ni\u00e9men \u2013 F-13 397 Marseille cedex 20 &#8211; France<\/p>\n<p>T\u00e9l\u00e9phone : +33 (0)4 13 94 49 28<\/p>\n<p><strong>Directeur de la publication<\/strong>\u00a0: Catherine Fernandez<\/p>\n<p><strong>Directrice de la r\u00e9daction<\/strong>\u00a0: Catherine Fernandez<\/p>\n<p><strong>H\u00e9bergeur\u00a0<\/strong>: Service informatique OSU PYTHEAS<\/p>\n<h2>Protection des informations nominatives<\/h2>\n<p>Conform\u00e9ment \u00e0 la loi n\u00b0 78-17 du 6 janvier 1978, relative \u00e0 l&#8217;Informatique, aux fichiers et aux Libert\u00e9s (articles 38, 39, 40), vous disposez d&#8217;un droit d&#8217;acc\u00e8s, de rectification et de suppression des donn\u00e9es vous concernant, en ligne sur ce site.<\/p>\n<p>Pour exercer ce droit, vous pouvez vous adresser au\u00a0<a href=\"https:\/\/www.imbe.fr\/contact\/\">webmestre<\/a>.<\/p>\n<h2>Conditions d&#8217;utilisation<\/h2>\n<h3>Clause de non-responsabilit\u00e9<\/h3>\n<p>La responsabilit\u00e9 de l&#8217;IMBE &#8211; Institut M\u00e9diterran\u00e9en de Biodiversit\u00e9 et d\u2019Ecologie marine et continentale ne peut, en aucune mani\u00e8re, \u00eatre engag\u00e9e quant au contenu des informations figurant sur ce site ou aux cons\u00e9quences pouvant r\u00e9sulter de leur utilisation ou interpr\u00e9tation.<\/p>\n<h3>Propri\u00e9t\u00e9 intellectuelle<\/h3>\n<p>Le site de l&#8217;IMBE &#8211; Institut M\u00e9diterran\u00e9en de Biodiversit\u00e9 et d\u2019Ecologie marine et continentale est une \u0153uvre de cr\u00e9ation, propri\u00e9t\u00e9 exclusive de l&#8217;IMBE &#8211; Institut M\u00e9diterran\u00e9en de Biodiversit\u00e9 et d\u2019Ecologie marine et continentale, prot\u00e9g\u00e9 par la l\u00e9gislation fran\u00e7aise et internationale sur le droit de la propri\u00e9t\u00e9 intellectuelle. Aucune reproduction ou repr\u00e9sentation ne peut \u00eatre r\u00e9alis\u00e9e en contravention avec les droits de l&#8217;IMBE &#8211; Institut M\u00e9diterran\u00e9en de Biodiversit\u00e9 et d\u2019Ecologie marine et continentale issus de la l\u00e9gislation susvis\u00e9e.<\/p>\n<h3>Liens hypertextes<\/h3>\n<p>La mise en place de liens hypertextes par des tiers vers des pages ou des documents diffus\u00e9s sur le site de l&#8217;IMBE &#8211; Institut M\u00e9diterran\u00e9en de Biodiversit\u00e9 et d\u2019Ecologie marine et continentale, est autoris\u00e9e sous r\u00e9serve que les liens ne contreviennent pas aux int\u00e9r\u00eats de l&#8217;IMBE &#8211; Institut M\u00e9diterran\u00e9en de Biodiversit\u00e9 et d\u2019Ecologie marine et continentale, et, qu&#8217;ils garantissent la possibilit\u00e9 pour l&#8217;utilisateur d&#8217;identifier l&#8217;origine et l&#8217;auteur du document.<\/p>\n<h2>Cr\u00e9dits<\/h2>\n<h3>Cr\u00e9dit photographique<\/h3>\n<ol>\n<li>Affre, N. Kaldonski, V. Masotti, F. M\u00e9dail, N. Mont\u00e8s<\/li>\n<\/ol>\n<h3>R\u00e9alisation du site\u00a0<\/h3>\n<p><a href=\"https:\/\/www.pymac.fr\" target=\"_blank\" rel=\"noopener\">PYMAC, l&#8217;agence qui vous parle<\/a>. 11 rue louise Colet 13090 Aix en Provence.<\/p>\t\t\t\t\t\t\t\t<\/div>\n\t\t\t\t<\/div>\n\t\t\t\t<\/div>\n\t\t\t\t<\/div>\n\t\t\t\t<\/div>\n\t\t","protected":false},"excerpt":{"rendered":"<p>IMBE &#8211; Institut M\u00e9diterran\u00e9en de Biodiversit\u00e9 et d\u2019Ecologie marine et continentale Adresse : IMBE &#8211; UMR CNRS 7263 \/ IRD 237 \/ Aix Marseille Universit\u00e9 \/ Avignon Universit\u00e9. IMBE, Facult\u00e9 [&hellip;]<\/p>\n","protected":false},"author":1,"featured_media":0,"parent":0,"menu_order":0,"comment_status":"closed","ping_status":"closed","template":"","meta":{"_acf_changed":false,"footnotes":""},"class_list":["post-3","page","type-page","status-publish","hentry"],"acf":[],"_links":{"self":[{"href":"https:\/\/www.imbe.fr\/en\/wp-json\/wp\/v2\/pages\/3","targetHints":{"allow":["GET"]}}],"collection":[{"href":"https:\/\/www.imbe.fr\/en\/wp-json\/wp\/v2\/pages"}],"about":[{"href":"https:\/\/www.imbe.fr\/en\/wp-json\/wp\/v2\/types\/page"}],"author":[{"embeddable":true,"href":"https:\/\/www.imbe.fr\/en\/wp-json\/wp\/v2\/users\/1"}],"replies":[{"embeddable":true,"href":"https:\/\/www.imbe.fr\/en\/wp-json\/wp\/v2\/comments?post=3"}],"version-history":[{"count":17,"href":"https:\/\/www.imbe.fr\/en\/wp-json\/wp\/v2\/pages\/3\/revisions"}],"predecessor-version":[{"id":7891,"href":"https:\/\/www.imbe.fr\/en\/wp-json\/wp\/v2\/pages\/3\/revisions\/7891"}],"wp:attachment":[{"href":"https:\/\/www.imbe.fr\/en\/wp-json\/wp\/v2\/media?parent=3"}],"curies":[{"name":"wp","href":"https:\/\/api.w.org\/{rel}","templated":true}]}}