{"id":3411,"date":"2024-06-21T14:20:25","date_gmt":"2024-06-21T12:20:25","guid":{"rendered":"https:\/\/dev.imbe.fr\/?page_id=3411"},"modified":"2024-10-29T13:21:30","modified_gmt":"2024-10-29T12:21:30","slug":"formation-licence","status":"publish","type":"page","link":"https:\/\/www.imbe.fr\/en\/formation\/enseignement-et-formations\/formation-licence\/","title":{"rendered":"Licences"},"content":{"rendered":"\t\t<div data-elementor-type=\"wp-page\" data-elementor-id=\"3411\" class=\"elementor elementor-3411\" data-elementor-post-type=\"page\">\n\t\t\t\t<div class=\"elementor-element elementor-element-a526ba9 e-con-full e-flex elementor-invisible e-con e-parent\" data-id=\"a526ba9\" data-element_type=\"container\" data-e-type=\"container\" data-settings=\"{&quot;background_background&quot;:&quot;classic&quot;,&quot;animation&quot;:&quot;fadeIn&quot;}\">\n\t\t\t\t<\/div>\n\t\t<div class=\"elementor-element elementor-element-5fa653ba e-con-full breadcrumb e-flex elementor-invisible e-con e-parent\" data-id=\"5fa653ba\" data-element_type=\"container\" data-e-type=\"container\" data-settings=\"{&quot;animation&quot;:&quot;fadeInUp&quot;}\">\n\t\t<div class=\"elementor-element elementor-element-6c46d01 e-con-full e-flex e-con e-child\" data-id=\"6c46d01\" data-element_type=\"container\" data-e-type=\"container\">\n\t\t\t\t<div class=\"elementor-element elementor-element-3c4b0295 elementor-widget elementor-widget-shortcode\" data-id=\"3c4b0295\" data-element_type=\"widget\" data-e-type=\"widget\" data-widget_type=\"shortcode.default\">\n\t\t\t\t<div class=\"elementor-widget-container\">\n\t\t\t\t\t\t\t<div class=\"elementor-shortcode\"><nav aria-label=\"breadcrumbs\">\n            <div class=\"breadcrumb-container theme1\">\n                <ol>\n                                    <\/ol>\n            <\/div>\n        <\/nav>    <script type=\"application\/ld+json\">\n        {\n            \"@context\": \"http:\/\/schema.org\",\n            \"@type\": \"BreadcrumbList\",\n            \"itemListElement\": [\n                            ]\n        }\n    <\/script>\n   \n    <script>\n            <\/script>\n<\/div>\n\t\t\t\t\t\t<\/div>\n\t\t\t\t<\/div>\n\t\t\t\t<\/div>\n\t\t\t\t<\/div>\n\t\t<div class=\"elementor-element elementor-element-9635424 e-con-full e-flex e-con e-parent\" data-id=\"9635424\" data-element_type=\"container\" data-e-type=\"container\">\n\t\t<div class=\"elementor-element elementor-element-5cfacaf6 e-con-full e-flex elementor-invisible e-con e-child\" data-id=\"5cfacaf6\" data-element_type=\"container\" data-e-type=\"container\" data-settings=\"{&quot;animation&quot;:&quot;fadeInUp&quot;}\">\n\t\t\t\t<div class=\"elementor-element elementor-element-1b82be93 elementor-widget elementor-widget-icon-box\" data-id=\"1b82be93\" data-element_type=\"widget\" data-e-type=\"widget\" data-widget_type=\"icon-box.default\">\n\t\t\t\t<div class=\"elementor-widget-container\">\n\t\t\t\t\t\t\t<div class=\"elementor-icon-box-wrapper\">\n\n\t\t\t\n\t\t\t\t\t\t<div class=\"elementor-icon-box-content\">\n\n\t\t\t\t\t\t\t\t\t<h2 class=\"elementor-icon-box-title\">\n\t\t\t\t\t\t<span  >\n\t\t\t\t\t\t\tLicence Sciences et Vie de la Terre - Avignon Universit\u00e9\t\t\t\t\t\t<\/span>\n\t\t\t\t\t<\/h2>\n\t\t\t\t\n\t\t\t\t\n\t\t\t<\/div>\n\t\t\t\n\t\t<\/div>\n\t\t\t\t\t\t<\/div>\n\t\t\t\t<\/div>\n\t\t\t\t<div class=\"elementor-element elementor-element-191f6d71 elementor-widget elementor-widget-text-editor\" data-id=\"191f6d71\" data-element_type=\"widget\" data-e-type=\"widget\" data-widget_type=\"text-editor.default\">\n\t\t\t\t<div class=\"elementor-widget-container\">\n\t\t\t\t\t\t\t\t\t<p>La <a href=\"https:\/\/formations.univ-avignon.fr\/formation\/licence-sciences-de-la-vie-et-de-la-terre-agrosciences-4\/\" target=\"_blank\" rel=\"noopener\"><b>Licence Sciences de la Vie et de la Terre<\/b><\/a> d&#8217;Avignon Universit\u00e9 est une formation g\u00e9n\u00e9raliste \u00e0 destination des bacheliers qui s\u2019int\u00e9ressent aux disciplines telles que la biologie animale et v\u00e9g\u00e9tale, la biologie cellulaire et mol\u00e9culaire, la g\u00e9ologie, la g\u00e9n\u00e9tique, la microbiologie, la biochimie, la physiologie ou l\u2019\u00e9cologie. La formation permet une orientation progressive de la premi\u00e8re (L1) \u00e0 la troisi\u00e8me ann\u00e9e (L3) gr\u00e2ce au choix d&#8217;options en L2. La sp\u00e9cialisation se fait en L3 par le choix d\u2019en parcours en :<\/p><p>&#8211; Biologie Sant\u00e9 Environnement\u00a0<\/p><p>&#8211; Agrosciences\u00a0<\/p><p>&#8211; Sciences de la Terre et de l&#8217;Eau<\/p>\t\t\t\t\t\t\t\t<\/div>\n\t\t\t\t<\/div>\n\t\t\t\t<\/div>\n\t\t\t\t<\/div>\n\t\t<div class=\"elementor-element elementor-element-2d22650 e-con-full e-flex e-con e-parent\" data-id=\"2d22650\" data-element_type=\"container\" data-e-type=\"container\">\n\t\t<div class=\"elementor-element elementor-element-cdf19da e-con-full e-flex elementor-invisible e-con e-child\" data-id=\"cdf19da\" data-element_type=\"container\" data-e-type=\"container\" data-settings=\"{&quot;animation&quot;:&quot;fadeInUp&quot;}\">\n\t\t\t\t<div class=\"elementor-element elementor-element-20ce128 elementor-widget elementor-widget-icon-box\" data-id=\"20ce128\" data-element_type=\"widget\" data-e-type=\"widget\" data-widget_type=\"icon-box.default\">\n\t\t\t\t<div class=\"elementor-widget-container\">\n\t\t\t\t\t\t\t<div class=\"elementor-icon-box-wrapper\">\n\n\t\t\t\n\t\t\t\t\t\t<div class=\"elementor-icon-box-content\">\n\n\t\t\t\t\t\t\t\t\t<h2 class=\"elementor-icon-box-title\">\n\t\t\t\t\t\t<span  >\n\t\t\t\t\t\t\tLicence Sciences et Vie de la Terre - Aix Marseille Universit\u00e9\t\t\t\t\t\t<\/span>\n\t\t\t\t\t<\/h2>\n\t\t\t\t\n\t\t\t\t\n\t\t\t<\/div>\n\t\t\t\n\t\t<\/div>\n\t\t\t\t\t\t<\/div>\n\t\t\t\t<\/div>\n\t\t<div class=\"elementor-element elementor-element-d6474bf e-grid e-con-full e-con e-child\" data-id=\"d6474bf\" data-element_type=\"container\" data-e-type=\"container\">\n\t\t\t\t<div class=\"elementor-element elementor-element-b9f14b8 elementor-widget elementor-widget-text-editor\" data-id=\"b9f14b8\" data-element_type=\"widget\" data-e-type=\"widget\" data-widget_type=\"text-editor.default\">\n\t\t\t\t<div class=\"elementor-widget-container\">\n\t\t\t\t\t\t\t\t\t<p><strong>L\u2019environnement sous toutes ses facettes\u00a0!<\/strong><\/p><p><a href=\"https:\/\/sciences.univ-amu.fr\/fr\/formation\/licences\/licence-sciences-vie-terre#pacome-parcours-8535\" target=\"_blank\" rel=\"noopener\">La licence SVT<\/a> est une <strong>formation g\u00e9n\u00e9raliste<\/strong> propos\u00e9e aux \u00e9tudiants int\u00e9ress\u00e9s par le fonctionnement de la plan\u00e8te et de ses diff\u00e9rents \u00e9cosyst\u00e8mes marins comme terrestres, et des perturbations anthropiques qui les affectent et les menacent.<\/p><p>La premi\u00e8re ann\u00e9e de licence (L1) est une ann\u00e9e pluridisciplinaire qui s\u2019effectue au sein d\u2019un portail de licence. La mention commence donc en L2 avec ses diff\u00e9rents parcours diff\u00e9renci\u00e9s , mais avec une mutualisation notable sur un plan disciplinaire et m\u00e9thodologique pour atteindre les objectifs de comp\u00e9tences communes \u00e0 la mention.<\/p><ul><li>Parcours <a href=\"https:\/\/sciences.univ-amu.fr\/fr\/formation\/licences\/licence-sciences-vie-terre\/parcours-biodiversite-ecologie\" target=\"_blank\" rel=\"noopener\">Biodiversit\u00e9 et \u00e9cologie <strong>(BIOECO)<\/strong><\/a><\/li><li>Parcours <a href=\"https:\/\/sciences.univ-amu.fr\/fr\/formation\/licences\/licence-sciences-vie-terre\/parcours-environnement-pollutions-milieux\" target=\"_blank\" rel=\"noopener\">Environnement, pollution et milieu <strong>(ENVIPOM)<\/strong><\/a><\/li><li>Parcours <a href=\"https:\/\/sciences.univ-amu.fr\/fr\/formation\/licences\/licence-sciences-vie-terre\/parcours-homme-environnement\" target=\"_blank\" rel=\"noopener\">Homme et Environnement <strong>(H&amp;E)<\/strong><\/a><\/li><li>Parcours <a href=\"https:\/\/sciences.univ-amu.fr\/fr\/formation\/licences\/licence-sciences-vie-terre\/parcours-mer\" target=\"_blank\" rel=\"noopener\"><strong>Mer<\/strong><\/a><\/li><li>Parcours <a href=\"https:\/\/sciences.univ-amu.fr\/fr\/formation\/licences\/licence-sciences-vie-terre\/parcours-terre\" target=\"_blank\" rel=\"noopener\"><strong>Terre<\/strong><\/a><ul><li>Parcours Terre vers L3 <a href=\"https:\/\/sciences.univ-amu.fr\/fr\/formation\/licences\/licence-sciences-de-vie-de-terre\/parcours-metiers-technicien-geologue\" target=\"_blank\" rel=\"noopener\">M\u00e9tier de Technicien G\u00e9ologue<\/a><\/li><\/ul><\/li><li>Parcours <a href=\"https:\/\/sciences.univ-amu.fr\/fr\/formation\/licences\/licence-sciences-vie-terre\/parcours-sciences-biologiques-geologiques\" target=\"_blank\" rel=\"noopener\">Sciences Biologiques et G\u00e9ologiques (<strong>SBG<\/strong>)<\/a><ul><li>Parcours SBG vers L3 <a href=\"https:\/\/sciences.univ-amu.fr\/fr\/formation\/licences\/parcours-plurisciences\" target=\"_blank\" rel=\"noopener\">Plurisciences en t\u00e9l\u00e9enseignement<\/a><\/li><\/ul><\/li><li>Parcours <a href=\"https:\/\/sciences.univ-amu.fr\/fr\/formation\/licences\/licence-sciences-vie-terre\/parcours-cupge-agro-veto\" target=\"_blank\" rel=\"noopener\"><strong>CUPGE &#8220;Agro-V\u00e9to&#8221;<\/strong><\/a><\/li><\/ul>\t\t\t\t\t\t\t\t<\/div>\n\t\t\t\t<\/div>\n\t\t\t\t<div class=\"elementor-element elementor-element-a8ae395 elementor-widget elementor-widget-video\" data-id=\"a8ae395\" data-element_type=\"widget\" data-e-type=\"widget\" data-settings=\"{&quot;youtube_url&quot;:&quot;https:\\\/\\\/www.youtube.com\\\/watch?v=9MZzLc_Aj9M&quot;,&quot;video_type&quot;:&quot;youtube&quot;,&quot;controls&quot;:&quot;yes&quot;}\" data-widget_type=\"video.default\">\n\t\t\t\t<div class=\"elementor-widget-container\">\n\t\t\t\t\t\t\t<div class=\"elementor-wrapper elementor-open-inline\">\n\t\t\t<div class=\"elementor-video\"><\/div>\t\t<\/div>\n\t\t\t\t\t\t<\/div>\n\t\t\t\t<\/div>\n\t\t\t\t<\/div>\n\t\t\t\t<\/div>\n\t\t\t\t<\/div>\n\t\t<div class=\"elementor-element elementor-element-6476b90 e-con-full e-flex e-con e-parent\" data-id=\"6476b90\" data-element_type=\"container\" data-e-type=\"container\">\n\t\t<div class=\"elementor-element elementor-element-ec55aee e-con-full e-flex elementor-invisible e-con e-child\" data-id=\"ec55aee\" data-element_type=\"container\" data-e-type=\"container\" data-settings=\"{&quot;animation&quot;:&quot;fadeInUp&quot;}\">\n\t\t\t\t<div class=\"elementor-element elementor-element-0d0df29 elementor-widget elementor-widget-icon-box\" data-id=\"0d0df29\" data-element_type=\"widget\" data-e-type=\"widget\" data-widget_type=\"icon-box.default\">\n\t\t\t\t<div class=\"elementor-widget-container\">\n\t\t\t\t\t\t\t<div class=\"elementor-icon-box-wrapper\">\n\n\t\t\t\n\t\t\t\t\t\t<div class=\"elementor-icon-box-content\">\n\n\t\t\t\t\t\t\t\t\t<h2 class=\"elementor-icon-box-title\">\n\t\t\t\t\t\t<span  >\n\t\t\t\t\t\t\tLicence Professionnelle Agronomie parcours Transition agro-\u00e9cologique des territoires (TAET) - Avignon Universit\u00e9\t\t\t\t\t\t<\/span>\n\t\t\t\t\t<\/h2>\n\t\t\t\t\n\t\t\t\t\n\t\t\t<\/div>\n\t\t\t\n\t\t<\/div>\n\t\t\t\t\t\t<\/div>\n\t\t\t\t<\/div>\n\t\t\t\t<div class=\"elementor-element elementor-element-aff565f elementor-widget elementor-widget-text-editor\" data-id=\"aff565f\" data-element_type=\"widget\" data-e-type=\"widget\" data-widget_type=\"text-editor.default\">\n\t\t\t\t<div class=\"elementor-widget-container\">\n\t\t\t\t\t\t\t\t\t<p>La<a href=\"https:\/\/formations.univ-avignon.fr\/formation\/licence-professionnelle-agronomie-agronomie-transition-agro-ecologique\/\" target=\"_blank\" rel=\"noopener\"><b> Licence Professionnelle Agronomie parcours Transition agro-\u00e9cologique des territoires <\/b>(TAET)<\/a>, fruit de l\u2019association entre Avignon Universit\u00e9 et la MFR du Haut Vaucluse de Boll\u00e8ne a pour objectif de former des professionnels capables d\u2019accompagner et\/ou de conseiller les acteurs du monde agricole \u00e0 la transition agro\u00e9cologique des territoires dans une dynamique sociale respectueuse de l\u2019environnement et des hommes. La formation est organis\u00e9e en 7 comp\u00e9tences qui regroupent diff\u00e9rentes disciplines scientifiques, techniques et professionnelles :<\/p><p>&#8211; Concevoir des d\u00e9marches exp\u00e9rimentales en agro\u00e9cologie<\/p><p>&#8211; R\u00e9aliser un diagnostic et\/ou un audit pour apporter des conseils<\/p><p>&#8211; Savoir se positionner et agir vis \u00e0 vis d&#8217;une organisation professionnelle<\/p><p>&#8211; Savoir g\u00e9rer la coordination d&#8217;un r\u00e9seau technique et de d\u00e9veloppement des territoires<\/p><p>&#8211; Savoir int\u00e9grer les concepts agronomiques dans les techniques agro\u00e9cologiques<\/p><p>&#8211; Concevoir une approche globale des syst\u00e8mes de productions dans leur environnement<\/p><p>&#8211; Mettre en \u0153uvre la transition agro\u00e9cologique<\/p>\t\t\t\t\t\t\t\t<\/div>\n\t\t\t\t<\/div>\n\t\t\t\t<\/div>\n\t\t\t\t<\/div>\n\t\t<div class=\"elementor-element elementor-element-b1f43bf e-con-full e-flex e-con e-parent\" data-id=\"b1f43bf\" data-element_type=\"container\" data-e-type=\"container\">\n\t\t<div class=\"elementor-element elementor-element-c6e376f e-con-full e-flex elementor-invisible e-con e-child\" data-id=\"c6e376f\" data-element_type=\"container\" data-e-type=\"container\" data-settings=\"{&quot;animation&quot;:&quot;fadeInUp&quot;}\">\n\t\t\t\t<div class=\"elementor-element elementor-element-15f9eda elementor-widget elementor-widget-icon-box\" data-id=\"15f9eda\" data-element_type=\"widget\" data-e-type=\"widget\" data-widget_type=\"icon-box.default\">\n\t\t\t\t<div class=\"elementor-widget-container\">\n\t\t\t\t\t\t\t<div class=\"elementor-icon-box-wrapper\">\n\n\t\t\t\n\t\t\t\t\t\t<div class=\"elementor-icon-box-content\">\n\n\t\t\t\t\t\t\t\t\t<h2 class=\"elementor-icon-box-title\">\n\t\t\t\t\t\t<span  >\n\t\t\t\t\t\t\tLicence Professionnelle M\u00e9tiers de la protection et de la gestion de l'environnement, Parcours : Eco-RSE : responsabilit\u00e9 soci\u00e9tale des entreprises - Aix-Marseille Universit\u00e9\t\t\t\t\t\t<\/span>\n\t\t\t\t\t<\/h2>\n\t\t\t\t\n\t\t\t\t\n\t\t\t<\/div>\n\t\t\t\n\t\t<\/div>\n\t\t\t\t\t\t<\/div>\n\t\t\t\t<\/div>\n\t\t\t\t<div class=\"elementor-element elementor-element-d0c1208 elementor-widget elementor-widget-text-editor\" data-id=\"d0c1208\" data-element_type=\"widget\" data-e-type=\"widget\" data-widget_type=\"text-editor.default\">\n\t\t\t\t<div class=\"elementor-widget-container\">\n\t\t\t\t\t\t\t\t\t<p><a href=\"https:\/\/sciences.univ-amu.fr\/fr\/formation\/licences\/licence-professionnelle-metiers-de-protection-de-gestion-de-lenvironnement-parcours-eco-rse\" target=\"_blank\" rel=\"noopener\">Les objectifs scientifiques et p\u00e9dagogiques de la formation<\/a> portent sur l&#8217;acquisition d&#8217;un socle de connaissances th\u00e9oriques et techniques dans le domaine du d\u00e9veloppement durable\/ transition \u00e9cologique et de l\u2019\u00e9co-conception.<\/p>\t\t\t\t\t\t\t\t<\/div>\n\t\t\t\t<\/div>\n\t\t\t\t<\/div>\n\t\t\t\t<\/div>\n\t\t\t\t<\/div>\n\t\t","protected":false},"excerpt":{"rendered":"<p>Licence Sciences et Vie de la Terre &#8211; Avignon Universit\u00e9 La Licence Sciences de la Vie et de la Terre d&#8217;Avignon Universit\u00e9 est une formation g\u00e9n\u00e9raliste \u00e0 destination des bacheliers [&hellip;]<\/p>\n","protected":false},"author":232,"featured_media":0,"parent":4592,"menu_order":0,"comment_status":"closed","ping_status":"closed","template":"","meta":{"_acf_changed":false,"footnotes":""},"class_list":["post-3411","page","type-page","status-publish","hentry"],"acf":[],"_links":{"self":[{"href":"https:\/\/www.imbe.fr\/en\/wp-json\/wp\/v2\/pages\/3411","targetHints":{"allow":["GET"]}}],"collection":[{"href":"https:\/\/www.imbe.fr\/en\/wp-json\/wp\/v2\/pages"}],"about":[{"href":"https:\/\/www.imbe.fr\/en\/wp-json\/wp\/v2\/types\/page"}],"author":[{"embeddable":true,"href":"https:\/\/www.imbe.fr\/en\/wp-json\/wp\/v2\/users\/232"}],"replies":[{"embeddable":true,"href":"https:\/\/www.imbe.fr\/en\/wp-json\/wp\/v2\/comments?post=3411"}],"version-history":[{"count":91,"href":"https:\/\/www.imbe.fr\/en\/wp-json\/wp\/v2\/pages\/3411\/revisions"}],"predecessor-version":[{"id":7081,"href":"https:\/\/www.imbe.fr\/en\/wp-json\/wp\/v2\/pages\/3411\/revisions\/7081"}],"up":[{"embeddable":true,"href":"https:\/\/www.imbe.fr\/en\/wp-json\/wp\/v2\/pages\/4592"}],"wp:attachment":[{"href":"https:\/\/www.imbe.fr\/en\/wp-json\/wp\/v2\/media?parent=3411"}],"curies":[{"name":"wp","href":"https:\/\/api.w.org\/{rel}","templated":true}]}}