{"id":3489,"date":"2024-06-21T15:05:55","date_gmt":"2024-06-21T13:05:55","guid":{"rendered":"https:\/\/dev.imbe.fr\/?page_id=3489"},"modified":"2024-10-29T15:45:39","modified_gmt":"2024-10-29T14:45:39","slug":"formation-ed","status":"publish","type":"page","link":"https:\/\/www.imbe.fr\/en\/formation\/enseignement-et-formations\/formation-ed\/","title":{"rendered":"Doctoral schools"},"content":{"rendered":"\t\t<div data-elementor-type=\"wp-page\" data-elementor-id=\"3489\" class=\"elementor elementor-3489\" data-elementor-post-type=\"page\">\n\t\t\t\t<div class=\"elementor-element elementor-element-a526ba9 e-con-full e-flex elementor-invisible e-con e-parent\" data-id=\"a526ba9\" data-element_type=\"container\" data-e-type=\"container\" data-settings=\"{&quot;background_background&quot;:&quot;classic&quot;,&quot;animation&quot;:&quot;fadeIn&quot;}\">\n\t\t\t\t<\/div>\n\t\t<div class=\"elementor-element elementor-element-5fa653ba e-con-full breadcrumb e-flex elementor-invisible e-con e-parent\" data-id=\"5fa653ba\" data-element_type=\"container\" data-e-type=\"container\" data-settings=\"{&quot;animation&quot;:&quot;fadeInUp&quot;}\">\n\t\t<div class=\"elementor-element elementor-element-6c46d01 e-con-full e-flex e-con e-child\" data-id=\"6c46d01\" data-element_type=\"container\" data-e-type=\"container\">\n\t\t\t\t<div class=\"elementor-element elementor-element-3c4b0295 elementor-widget elementor-widget-shortcode\" data-id=\"3c4b0295\" data-element_type=\"widget\" data-e-type=\"widget\" data-widget_type=\"shortcode.default\">\n\t\t\t\t<div class=\"elementor-widget-container\">\n\t\t\t\t\t\t\t<div class=\"elementor-shortcode\"><nav aria-label=\"breadcrumbs\">\n            <div class=\"breadcrumb-container theme1\">\n                <ol>\n                                    <\/ol>\n            <\/div>\n        <\/nav>    <script type=\"application\/ld+json\">\n        {\n            \"@context\": \"http:\/\/schema.org\",\n            \"@type\": \"BreadcrumbList\",\n            \"itemListElement\": [\n                            ]\n        }\n    <\/script>\n   \n    <script>\n            <\/script>\n<\/div>\n\t\t\t\t\t\t<\/div>\n\t\t\t\t<\/div>\n\t\t\t\t<\/div>\n\t\t\t\t<\/div>\n\t\t<div class=\"elementor-element elementor-element-9635424 e-con-full e-flex e-con e-parent\" data-id=\"9635424\" data-element_type=\"container\" data-e-type=\"container\">\n\t\t<div class=\"elementor-element elementor-element-5cfacaf6 e-con-full e-flex elementor-invisible e-con e-child\" data-id=\"5cfacaf6\" data-element_type=\"container\" data-e-type=\"container\" data-settings=\"{&quot;animation&quot;:&quot;fadeInUp&quot;}\">\n\t\t\t\t<div class=\"elementor-element elementor-element-1b82be93 elementor-widget elementor-widget-icon-box\" data-id=\"1b82be93\" data-element_type=\"widget\" data-e-type=\"widget\" data-widget_type=\"icon-box.default\">\n\t\t\t\t<div class=\"elementor-widget-container\">\n\t\t\t\t\t\t\t<div class=\"elementor-icon-box-wrapper\">\n\n\t\t\t\n\t\t\t\t\t\t<div class=\"elementor-icon-box-content\">\n\n\t\t\t\t\t\t\t\t\t<h2 class=\"elementor-icon-box-title\">\n\t\t\t\t\t\t<span  >\n\t\t\t\t\t\t\tEcoles doctorales\t\t\t\t\t\t<\/span>\n\t\t\t\t\t<\/h2>\n\t\t\t\t\n\t\t\t\t\n\t\t\t<\/div>\n\t\t\t\n\t\t<\/div>\n\t\t\t\t\t\t<\/div>\n\t\t\t\t<\/div>\n\t\t\t\t<div class=\"elementor-element elementor-element-191f6d71 elementor-widget elementor-widget-text-editor\" data-id=\"191f6d71\" data-element_type=\"widget\" data-e-type=\"widget\" data-widget_type=\"text-editor.default\">\n\t\t\t\t<div class=\"elementor-widget-container\">\n\t\t\t\t\t\t\t\t\t<ul class=\"spip\"><li>L\u2019\u00c9cole Doctorale 251 des <a class=\"spip_out external\" title=\"\u00ab\u00a0Sciences de l\u2019Environnement\u00a0\u00bb - ED251 (nouvelle fen\u00eatre)\" href=\"https:\/\/ecole-doctorale-251.univ-amu.fr\/fr\" target=\"_blank\" rel=\"external noopener noreferrer\">\u00ab\u00a0Sciences de l\u2019Environnement\u00a0\u00bb &#8211; ED251<\/a><\/li><\/ul><p>Cette ED regroupe <strong>7 grands domaines th\u00e9matiques<\/strong>\u00a0: Anthropologie biologique, Chimie de l\u2019Environnement, Ecologie, Environnement et Sant\u00e9, G\u00e9nie des Proc\u00e9d\u00e9s, G\u00e9osciences de l\u2019Environnement et Oc\u00e9anographie<\/p><ul class=\"spip\"><li>L\u2019\u00c9cole Doctorale 536 <a class=\"spip_out external\" title=\"\u00ab\u00a0Agrosciences et Sciences\u00a0\u00bb - ED 536 (nouvelle fen\u00eatre)\" href=\"https:\/\/univ-avignon.fr\/recherche\/le-doctorat\/je-souhaite-preparer-un-doctorat\/\" target=\"_blank\" rel=\"external noopener noreferrer\">\u00ab Agrosciences et Sciences \u00bb &#8211; ED 536<\/a><\/li><\/ul><p>\u00a0<\/p><ul class=\"spip\"><li>L\u2019\u00c9cole Doctorale 537 <a class=\"spip_out external\" title=\"\u00ab\u00a0Agrosciences et Sciences\u00a0\u00bb - ED 536 (nouvelle fen\u00eatre)\" href=\"https:\/\/univ-avignon.fr\/recherche\/le-doctorat\/je-souhaite-preparer-un-doctorat\/\" target=\"_blank\" rel=\"external noopener noreferrer\">\u00ab Culture et Patrimoine \u00bb &#8211; ED 537<\/a><\/li><\/ul><p>\u00a0<\/p><ul class=\"spip\"><li>L\u2019\u00c9cole Doctorale 62 <a class=\"spip_out external\" title=\"\u00ab\u00a0des Sciences de la Vie et de la Sant\u00e9\u00a0\u00bb (ED62) (nouvelle fen\u00eatre)\" href=\"https:\/\/ecole-doctorale-62.univ-amu.fr\/fr\" target=\"_blank\" rel=\"external noopener noreferrer\">\u00ab des Sciences de la Vie et de la Sant\u00e9 \u00bb (ED62)<\/a><\/li><\/ul><p>\u00a0<\/p><ul class=\"spip\"><li>L\u2019\u00c9cole Doctorale 250 <a class=\"spip_out external\" title=\"\u00ab\u00a0des Sciences Chimiques\u00a0\u00bb (ED250) (nouvelle fen\u00eatre)\" href=\"https:\/\/ecole-doctorale-250.univ-amu.fr\/\" target=\"_blank\" rel=\"external noopener noreferrer\">\u00ab\u00a0des Sciences Chimiques\u00a0\u00bb (ED250)<\/a><\/li><\/ul>\t\t\t\t\t\t\t\t<\/div>\n\t\t\t\t<\/div>\n\t\t\t\t<\/div>\n\t\t\t\t<\/div>\n\t\t\t\t<\/div>\n\t\t","protected":false},"excerpt":{"rendered":"<p>Ecoles doctorales L\u2019\u00c9cole Doctorale 251 des \u00ab\u00a0Sciences de l\u2019Environnement\u00a0\u00bb &#8211; ED251 Cette ED regroupe 7 grands domaines th\u00e9matiques\u00a0: Anthropologie biologique, Chimie de l\u2019Environnement, Ecologie, Environnement et Sant\u00e9, G\u00e9nie des Proc\u00e9d\u00e9s, [&hellip;]<\/p>\n","protected":false},"author":232,"featured_media":0,"parent":4592,"menu_order":0,"comment_status":"closed","ping_status":"closed","template":"","meta":{"_acf_changed":false,"footnotes":""},"class_list":["post-3489","page","type-page","status-publish","hentry"],"acf":[],"_links":{"self":[{"href":"https:\/\/www.imbe.fr\/en\/wp-json\/wp\/v2\/pages\/3489","targetHints":{"allow":["GET"]}}],"collection":[{"href":"https:\/\/www.imbe.fr\/en\/wp-json\/wp\/v2\/pages"}],"about":[{"href":"https:\/\/www.imbe.fr\/en\/wp-json\/wp\/v2\/types\/page"}],"author":[{"embeddable":true,"href":"https:\/\/www.imbe.fr\/en\/wp-json\/wp\/v2\/users\/232"}],"replies":[{"embeddable":true,"href":"https:\/\/www.imbe.fr\/en\/wp-json\/wp\/v2\/comments?post=3489"}],"version-history":[{"count":24,"href":"https:\/\/www.imbe.fr\/en\/wp-json\/wp\/v2\/pages\/3489\/revisions"}],"predecessor-version":[{"id":7101,"href":"https:\/\/www.imbe.fr\/en\/wp-json\/wp\/v2\/pages\/3489\/revisions\/7101"}],"up":[{"embeddable":true,"href":"https:\/\/www.imbe.fr\/en\/wp-json\/wp\/v2\/pages\/4592"}],"wp:attachment":[{"href":"https:\/\/www.imbe.fr\/en\/wp-json\/wp\/v2\/media?parent=3489"}],"curies":[{"name":"wp","href":"https:\/\/api.w.org\/{rel}","templated":true}]}}