{"id":3562,"date":"2024-06-21T19:47:09","date_gmt":"2024-06-21T17:47:09","guid":{"rendered":"https:\/\/dev.imbe.fr\/?page_id=3562"},"modified":"2024-10-29T15:39:39","modified_gmt":"2024-10-29T14:39:39","slug":"formation-master","status":"publish","type":"page","link":"https:\/\/www.imbe.fr\/en\/formation\/enseignement-et-formations\/formation-master\/","title":{"rendered":"Masters"},"content":{"rendered":"\t\t<div data-elementor-type=\"wp-page\" data-elementor-id=\"3562\" class=\"elementor elementor-3562\" data-elementor-post-type=\"page\">\n\t\t\t\t<div class=\"elementor-element elementor-element-a526ba9 e-con-full e-flex elementor-invisible e-con e-parent\" data-id=\"a526ba9\" data-element_type=\"container\" data-e-type=\"container\" data-settings=\"{&quot;background_background&quot;:&quot;classic&quot;,&quot;animation&quot;:&quot;fadeIn&quot;}\">\n\t\t\t\t<\/div>\n\t\t<div class=\"elementor-element elementor-element-5fa653ba e-con-full breadcrumb e-flex elementor-invisible e-con e-parent\" data-id=\"5fa653ba\" data-element_type=\"container\" data-e-type=\"container\" data-settings=\"{&quot;animation&quot;:&quot;fadeInUp&quot;}\">\n\t\t<div class=\"elementor-element elementor-element-6c46d01 e-con-full e-flex e-con e-child\" data-id=\"6c46d01\" data-element_type=\"container\" data-e-type=\"container\">\n\t\t\t\t<div class=\"elementor-element elementor-element-3c4b0295 elementor-widget elementor-widget-shortcode\" data-id=\"3c4b0295\" data-element_type=\"widget\" data-e-type=\"widget\" data-widget_type=\"shortcode.default\">\n\t\t\t\t<div class=\"elementor-widget-container\">\n\t\t\t\t\t\t\t<div class=\"elementor-shortcode\"><nav aria-label=\"breadcrumbs\">\n            <div class=\"breadcrumb-container theme1\">\n                <ol>\n                                    <\/ol>\n            <\/div>\n        <\/nav>    <script type=\"application\/ld+json\">\n        {\n            \"@context\": \"http:\/\/schema.org\",\n            \"@type\": \"BreadcrumbList\",\n            \"itemListElement\": [\n                            ]\n        }\n    <\/script>\n   \n    <script>\n            <\/script>\n<\/div>\n\t\t\t\t\t\t<\/div>\n\t\t\t\t<\/div>\n\t\t\t\t<\/div>\n\t\t\t\t<\/div>\n\t\t<div class=\"elementor-element elementor-element-9635424 e-con-full e-flex e-con e-parent\" data-id=\"9635424\" data-element_type=\"container\" data-e-type=\"container\">\n\t\t<div class=\"elementor-element elementor-element-5cfacaf6 e-con-full e-flex elementor-invisible e-con e-child\" data-id=\"5cfacaf6\" data-element_type=\"container\" data-e-type=\"container\" data-settings=\"{&quot;animation&quot;:&quot;fadeInUp&quot;}\">\n\t\t\t\t<div class=\"elementor-element elementor-element-1b82be93 elementor-widget elementor-widget-icon-box\" data-id=\"1b82be93\" data-element_type=\"widget\" data-e-type=\"widget\" data-widget_type=\"icon-box.default\">\n\t\t\t\t<div class=\"elementor-widget-container\">\n\t\t\t\t\t\t\t<div class=\"elementor-icon-box-wrapper\">\n\n\t\t\t\n\t\t\t\t\t\t<div class=\"elementor-icon-box-content\">\n\n\t\t\t\t\t\t\t\t\t<h2 class=\"elementor-icon-box-title\">\n\t\t\t\t\t\t<span  >\n\t\t\t\t\t\t\tMaster Chimie analytique appliqu\u00e9e \u00e0 l'\u00e9tude et la valorisation des biomol\u00e9cules - Avignon Universit\u00e9\t\t\t\t\t\t<\/span>\n\t\t\t\t\t<\/h2>\n\t\t\t\t\n\t\t\t\t\n\t\t\t<\/div>\n\t\t\t\n\t\t<\/div>\n\t\t\t\t\t\t<\/div>\n\t\t\t\t<\/div>\n\t\t\t\t<div class=\"elementor-element elementor-element-191f6d71 elementor-widget elementor-widget-text-editor\" data-id=\"191f6d71\" data-element_type=\"widget\" data-e-type=\"widget\" data-widget_type=\"text-editor.default\">\n\t\t\t\t<div class=\"elementor-widget-container\">\n\t\t\t\t\t\t\t\t\t<p>Le<a href=\"https:\/\/formations.univ-avignon.fr\/wp-content\/uploads\/syllabus\/MASTER-CHIMIE-PHYSIQUE-ET-ANALYTIQUE-CHIMIE-ANALYTIQUE-APPLIQUEE-A-LETUDE-ET-LA-VALORISATION-DES-BIOMOLECULES.pdf\" target=\"_blank\" rel=\"noopener\"> <b>Master \u00ab<\/b><b><i>Chimie analytique appliqu\u00e9e \u00e0 l&#8217;\u00e9tude et la valorisation des biomol\u00e9cules<\/i><\/b><b>\u00bb <\/b>(MACh)<\/a> a pour but de former des \u00e9tudiants \u00e0 Bac +5 disposant d&#8217;un socle solide de comp\u00e9tences th\u00e9oriques et pratiques en chimie appliqu\u00e9e \u00e0 l&#8217;analyse et \u00e0 la caract\u00e9risation de biomol\u00e9cules. Ce socle se concentre en particulier sur des connaissances approfondies en chimie des substances naturelles et des biopolym\u00e8res (analyse et synth\u00e8se), ainsi qu&#8217;en techniques d&#8217;extraction, de s\u00e9paration et de spectroscopies. \u00c0 celles-ci s&#8217;ajoutent la mise en \u0153uvre d&#8217;outils de chimiom\u00e9trie, de statistiques et de mod\u00e9lisation. Ce master est de plus le seul de la r\u00e9gion \u00e0 enseigner le d\u00e9veloppement d&#8217;approches de m\u00e9tabolomique. Outre ces domaines disciplinaires, ce Master propose des enseignements portant sur la connaissance des organismes producteurs (notamment v\u00e9g\u00e9taux et microorganismes&#8230;) et de leur m\u00e9tabolisme en lien avec leur environnement (\u00e9cologie chimique).<\/p>\t\t\t\t\t\t\t\t<\/div>\n\t\t\t\t<\/div>\n\t\t\t\t<\/div>\n\t\t\t\t<\/div>\n\t\t<div class=\"elementor-element elementor-element-2d22650 e-con-full e-flex e-con e-parent\" data-id=\"2d22650\" data-element_type=\"container\" data-e-type=\"container\">\n\t\t<div class=\"elementor-element elementor-element-cdf19da e-con-full e-flex elementor-invisible e-con e-child\" data-id=\"cdf19da\" data-element_type=\"container\" data-e-type=\"container\" data-settings=\"{&quot;animation&quot;:&quot;fadeInUp&quot;}\">\n\t\t\t\t<div class=\"elementor-element elementor-element-20ce128 elementor-widget elementor-widget-icon-box\" data-id=\"20ce128\" data-element_type=\"widget\" data-e-type=\"widget\" data-widget_type=\"icon-box.default\">\n\t\t\t\t<div class=\"elementor-widget-container\">\n\t\t\t\t\t\t\t<div class=\"elementor-icon-box-wrapper\">\n\n\t\t\t\n\t\t\t\t\t\t<div class=\"elementor-icon-box-content\">\n\n\t\t\t\t\t\t\t\t\t<h2 class=\"elementor-icon-box-title\">\n\t\t\t\t\t\t<span  >\n\t\t\t\t\t\t\tMaster International de Sciences Agronomiques - Avignon Universit\u00e9\t\t\t\t\t\t<\/span>\n\t\t\t\t\t<\/h2>\n\t\t\t\t\n\t\t\t\t\n\t\t\t<\/div>\n\t\t\t\n\t\t<\/div>\n\t\t\t\t\t\t<\/div>\n\t\t\t\t<\/div>\n\t\t\t\t<div class=\"elementor-element elementor-element-3ef8663 elementor-widget elementor-widget-text-editor\" data-id=\"3ef8663\" data-element_type=\"widget\" data-e-type=\"widget\" data-widget_type=\"text-editor.default\">\n\t\t\t\t<div class=\"elementor-widget-container\">\n\t\t\t\t\t\t\t\t\t<p><a href=\"https:\/\/implanteus.univ-avignon.fr\/master-international-en-agrosciences\/\" target=\"_blank\" rel=\"noopener\">Le <b>Master International de Sciences Agronomiques IMAS<\/b><\/a>, module Agro\u00e9cologie. Le Master IMAS) est au c\u0153ur de l\u2019\u00c9cole Universitaire de Recherche (EUR) IMPLANTEUS, qui a \u00e9t\u00e9 con\u00e7ue pour relever le d\u00e9fi consistant \u00e0 adapter les syst\u00e8mes agricoles m\u00e9diterran\u00e9ens pour la production de fruits et l\u00e9gumes aux contraintes du changement global, tout en favorisant une haute qualit\u00e9 nutritionnelle.<\/p><p>Le parcours IMAS propose une offre de formation en anglais couvrant les aspects fondamentaux des disciplines suivantes : les sciences du v\u00e9g\u00e9tal et de l\u2019environnement, la chimie des aliments, la science des proc\u00e9d\u00e9s, la microbiologie, la nutrition humaine et la science du consommateur. Cette formation int\u00e9gr\u00e9e et les dispositifs qui l\u2019accompagnent favorisent l\u2019ouverture \u00e0 la recherche et \u00e0 l\u2019innovation, ainsi que la poursuite des \u00e9tudes en doctorat.<\/p>\t\t\t\t\t\t\t\t<\/div>\n\t\t\t\t<\/div>\n\t\t\t\t<\/div>\n\t\t\t\t<\/div>\n\t\t<div class=\"elementor-element elementor-element-6476b90 e-con-full e-flex e-con e-parent\" data-id=\"6476b90\" data-element_type=\"container\" data-e-type=\"container\">\n\t\t<div class=\"elementor-element elementor-element-ec55aee e-con-full e-flex elementor-invisible e-con e-child\" data-id=\"ec55aee\" data-element_type=\"container\" data-e-type=\"container\" data-settings=\"{&quot;animation&quot;:&quot;fadeInUp&quot;}\">\n\t\t\t\t<div class=\"elementor-element elementor-element-0d0df29 elementor-widget elementor-widget-icon-box\" data-id=\"0d0df29\" data-element_type=\"widget\" data-e-type=\"widget\" data-widget_type=\"icon-box.default\">\n\t\t\t\t<div class=\"elementor-widget-container\">\n\t\t\t\t\t\t\t<div class=\"elementor-icon-box-wrapper\">\n\n\t\t\t\n\t\t\t\t\t\t<div class=\"elementor-icon-box-content\">\n\n\t\t\t\t\t\t\t\t\t<h2 class=\"elementor-icon-box-title\">\n\t\t\t\t\t\t<span  >\n\t\t\t\t\t\t\tMaster Biodiversit\u00e9 \u00c9cologie et \u00c9volution (BEE) - Aix Marseille Universit\u00e9 Universit\u00e9\t\t\t\t\t\t<\/span>\n\t\t\t\t\t<\/h2>\n\t\t\t\t\n\t\t\t\t\n\t\t\t<\/div>\n\t\t\t\n\t\t<\/div>\n\t\t\t\t\t\t<\/div>\n\t\t\t\t<\/div>\n\t\t\t\t<div class=\"elementor-element elementor-element-aff565f elementor-widget elementor-widget-text-editor\" data-id=\"aff565f\" data-element_type=\"widget\" data-e-type=\"widget\" data-widget_type=\"text-editor.default\">\n\t\t\t\t<div class=\"elementor-widget-container\">\n\t\t\t\t\t\t\t\t\t<p>Les m\u00e9tiers de la biodiversit\u00e9 requi\u00e8rent des connaissances scientifiques pluridisciplinaires et transversales et des comp\u00e9tences professionnelles sp\u00e9cifiques. <a href=\"https:\/\/masters.osupytheas.fr\/formations\/master-bee\/\" target=\"_blank\" rel=\"noopener\">Le master BEE<\/a> forme des cadres de haut niveau en \u00e9cologie pour s\u2019investir dans la recherche scientifique, ou dans la gestion des espaces et des ressources naturelles, la conservation de la biodiversit\u00e9, l\u2019am\u00e9nagement des territoires et l\u2019ing\u00e9nierie \u00e9cologique.<\/p><p>Ces futurs sp\u00e9cialistes de haut niveau seront capables d\u2019identifier, de comprendre et de r\u00e9soudre des probl\u00e8mes environnementaux ayant trait \u00e0 l\u2019\u00e9cologie et \u00e0 la biologie \u00e9volutive.<\/p><p>La formation est adoss\u00e9e aux laboratoires de recherche IMBE et <a href=\"https:\/\/lped.fr\/?PagePrincipale\" target=\"_blank\" rel=\"noopener\">LPED<\/a>, ainsi qu\u2019aux r\u00e9seaux d\u2019excellence du site d\u2019Aix-Marseille.<\/p><p>La mention BEE se structure <strong>en 4 parcours<\/strong> dipl\u00f4mants :\u00a0\u00a0<\/p><ul><li><a href=\"https:\/\/masters.osupytheas.fr\/formations\/master-bee\/biodiversite-fonctions-et-conservation\/\" target=\"_blank\" rel=\"noopener\"><strong>BioFc<\/strong>\u00a0: Biodiversit\u00e9 : fonctions et conservation<\/a>\u00a0<ul><li>Finalit\u00e9\u00a0 <strong>Bioeffect<\/strong>\u00a0: Biodiversit\u00e9 et fonctionnement des \u00e9cosyst\u00e8mes (+ enseignement \u00e0 distance)<\/li><li>Finalit\u00e9 <strong>IMWEB<\/strong> Integrated management of wetland and shorline biodiversity<\/li><\/ul><\/li><li><a href=\"https:\/\/masters.osupytheas.fr\/formations\/master-bee\/gestion-adaptative-de-la-biodiversite-gabi\/\" target=\"_blank\" rel=\"noopener\"><strong>Gabi<\/strong>\u00a0: Gestion adaptative de la biodiversit\u00e9<\/a><\/li><li><a href=\"https:\/\/masters.osupytheas.fr\/formations\/master-bee\/ecologie-pour-la-gestion-des-villes-et-des-territoires-ecogest\/\" target=\"_blank\" rel=\"noopener\"><strong>Ecogest\u00a0<\/strong>: Ecologie pour la gestion des villes et des territoires<\/a><\/li><li><a href=\"https:\/\/masters.osupytheas.fr\/formations\/master-bee\/solutions-fondees-sur-la-nature-solfondnat\/\" target=\"_blank\" rel=\"noopener\"><strong>SolFondNat<\/strong> : Solutions fond\u00e9es sur la nature<\/a><\/li><\/ul><p><strong>\u00a0<\/strong><\/p>\t\t\t\t\t\t\t\t<\/div>\n\t\t\t\t<\/div>\n\t\t\t\t<\/div>\n\t\t\t\t<\/div>\n\t\t\t\t<\/div>\n\t\t","protected":false},"excerpt":{"rendered":"<p>Master Chimie analytique appliqu\u00e9e \u00e0 l&#8217;\u00e9tude et la valorisation des biomol\u00e9cules &#8211; Avignon Universit\u00e9 Le Master \u00abChimie analytique appliqu\u00e9e \u00e0 l&#8217;\u00e9tude et la valorisation des biomol\u00e9cules\u00bb (MACh) a pour but [&hellip;]<\/p>\n","protected":false},"author":232,"featured_media":0,"parent":4592,"menu_order":0,"comment_status":"closed","ping_status":"closed","template":"","meta":{"_acf_changed":false,"footnotes":""},"class_list":["post-3562","page","type-page","status-publish","hentry"],"acf":[],"_links":{"self":[{"href":"https:\/\/www.imbe.fr\/en\/wp-json\/wp\/v2\/pages\/3562","targetHints":{"allow":["GET"]}}],"collection":[{"href":"https:\/\/www.imbe.fr\/en\/wp-json\/wp\/v2\/pages"}],"about":[{"href":"https:\/\/www.imbe.fr\/en\/wp-json\/wp\/v2\/types\/page"}],"author":[{"embeddable":true,"href":"https:\/\/www.imbe.fr\/en\/wp-json\/wp\/v2\/users\/232"}],"replies":[{"embeddable":true,"href":"https:\/\/www.imbe.fr\/en\/wp-json\/wp\/v2\/comments?post=3562"}],"version-history":[{"count":18,"href":"https:\/\/www.imbe.fr\/en\/wp-json\/wp\/v2\/pages\/3562\/revisions"}],"predecessor-version":[{"id":7089,"href":"https:\/\/www.imbe.fr\/en\/wp-json\/wp\/v2\/pages\/3562\/revisions\/7089"}],"up":[{"embeddable":true,"href":"https:\/\/www.imbe.fr\/en\/wp-json\/wp\/v2\/pages\/4592"}],"wp:attachment":[{"href":"https:\/\/www.imbe.fr\/en\/wp-json\/wp\/v2\/media?parent=3562"}],"curies":[{"name":"wp","href":"https:\/\/api.w.org\/{rel}","templated":true}]}}