{"id":3573,"date":"2024-06-21T19:52:35","date_gmt":"2024-06-21T17:52:35","guid":{"rendered":"https:\/\/dev.imbe.fr\/?page_id=3573"},"modified":"2024-10-29T16:50:51","modified_gmt":"2024-10-29T15:50:51","slug":"formation-autres","status":"publish","type":"page","link":"https:\/\/www.imbe.fr\/en\/formation\/enseignement-et-formations\/formation-autres\/","title":{"rendered":"Other training courses"},"content":{"rendered":"\t\t<div data-elementor-type=\"wp-page\" data-elementor-id=\"3573\" class=\"elementor elementor-3573\" data-elementor-post-type=\"page\">\n\t\t\t\t<div class=\"elementor-element elementor-element-a526ba9 e-con-full e-flex elementor-invisible e-con e-parent\" data-id=\"a526ba9\" data-element_type=\"container\" data-e-type=\"container\" data-settings=\"{&quot;background_background&quot;:&quot;classic&quot;,&quot;animation&quot;:&quot;fadeIn&quot;}\">\n\t\t\t\t<\/div>\n\t\t<div class=\"elementor-element elementor-element-5fa653ba e-con-full breadcrumb e-flex elementor-invisible e-con e-parent\" data-id=\"5fa653ba\" data-element_type=\"container\" data-e-type=\"container\" data-settings=\"{&quot;animation&quot;:&quot;fadeInUp&quot;}\">\n\t\t<div class=\"elementor-element elementor-element-6c46d01 e-con-full e-flex e-con e-child\" data-id=\"6c46d01\" data-element_type=\"container\" data-e-type=\"container\">\n\t\t\t\t<div class=\"elementor-element elementor-element-3c4b0295 elementor-widget elementor-widget-shortcode\" data-id=\"3c4b0295\" data-element_type=\"widget\" data-e-type=\"widget\" data-widget_type=\"shortcode.default\">\n\t\t\t\t<div class=\"elementor-widget-container\">\n\t\t\t\t\t\t\t<div class=\"elementor-shortcode\"><nav aria-label=\"breadcrumbs\">\n            <div class=\"breadcrumb-container theme1\">\n                <ol>\n                                    <\/ol>\n            <\/div>\n        <\/nav>    <script type=\"application\/ld+json\">\n        {\n            \"@context\": \"http:\/\/schema.org\",\n            \"@type\": \"BreadcrumbList\",\n            \"itemListElement\": [\n                            ]\n        }\n    <\/script>\n   \n    <script>\n            <\/script>\n<\/div>\n\t\t\t\t\t\t<\/div>\n\t\t\t\t<\/div>\n\t\t\t\t<\/div>\n\t\t\t\t<\/div>\n\t\t<div class=\"elementor-element elementor-element-9635424 e-con-full e-flex e-con e-parent\" data-id=\"9635424\" data-element_type=\"container\" data-e-type=\"container\">\n\t\t<div class=\"elementor-element elementor-element-5cfacaf6 e-con-full e-flex elementor-invisible e-con e-child\" data-id=\"5cfacaf6\" data-element_type=\"container\" data-e-type=\"container\" data-settings=\"{&quot;animation&quot;:&quot;fadeInUp&quot;}\">\n\t\t\t\t<div class=\"elementor-element elementor-element-1b82be93 elementor-widget elementor-widget-icon-box\" data-id=\"1b82be93\" data-element_type=\"widget\" data-e-type=\"widget\" data-widget_type=\"icon-box.default\">\n\t\t\t\t<div class=\"elementor-widget-container\">\n\t\t\t\t\t\t\t<div class=\"elementor-icon-box-wrapper\">\n\n\t\t\t\n\t\t\t\t\t\t<div class=\"elementor-icon-box-content\">\n\n\t\t\t\t\t\t\t\t\t<h2 class=\"elementor-icon-box-title\">\n\t\t\t\t\t\t<span  >\n\t\t\t\t\t\t\tAnn\u00e9e de Mise \u00e0 Niveau Scientifique (AMNS) - Aix Marseille Universit\u00e9\t\t\t\t\t\t<\/span>\n\t\t\t\t\t<\/h2>\n\t\t\t\t\n\t\t\t\t\n\t\t\t<\/div>\n\t\t\t\n\t\t<\/div>\n\t\t\t\t\t\t<\/div>\n\t\t\t\t<\/div>\n\t\t\t\t<div class=\"elementor-element elementor-element-191f6d71 elementor-widget elementor-widget-text-editor\" data-id=\"191f6d71\" data-element_type=\"widget\" data-e-type=\"widget\" data-widget_type=\"text-editor.default\">\n\t\t\t\t<div class=\"elementor-widget-container\">\n\t\t\t\t\t\t\t\t\t<p><a href=\"https:\/\/sciences.univ-amu.fr\/fr\/formation\/portails-premieres-annees-communes#tab-4100\" target=\"_blank\" rel=\"noopener\">l&#8217;Ann\u00e9e de Mise \u00e0 Niveau en sciences (AMNS)<\/a>\u00a0 s\u2019adresse aux titulaires d\u2019un bac technologique, ou sans sp\u00e9cialit\u00e9s scientifiques et reprend les \u00e9l\u00e9ments n\u00e9cessaires pour faire des \u00e9tudes en sciences. En cas de r\u00e9ussite, l&#8217;ann\u00e9e suivante sera le L1 en 2 ans (<a href=\"https:\/\/sciences.univ-amu.fr\/fr\/formation\/preparation-aux-etudes-scientifiques\" target=\"_blank\" rel=\"noopener\">L1en2ans<\/a>).<\/p><p>Les cours du L1 sont \u00e9tal\u00e9s sur 2 ans avec un soutien suppl\u00e9mentaire lorsque les notes en science sont inf\u00e9rieures \u00e0 10\/20<\/p><p>L1en2ans et AMNS am\u00e8nent \u00e0 l&#8217;obtention d&#8217;une licence en 4 ans au lieu de 3, l&#8217;ann\u00e9e suppl\u00e9mentaire n&#8217;est pas compt\u00e9e comme un redoublement.<\/p>\t\t\t\t\t\t\t\t<\/div>\n\t\t\t\t<\/div>\n\t\t\t\t<\/div>\n\t\t\t\t<\/div>\n\t\t<div class=\"elementor-element elementor-element-2d22650 e-con-full e-flex e-con e-parent\" data-id=\"2d22650\" data-element_type=\"container\" data-e-type=\"container\">\n\t\t<div class=\"elementor-element elementor-element-cdf19da e-con-full e-flex elementor-invisible e-con e-child\" data-id=\"cdf19da\" data-element_type=\"container\" data-e-type=\"container\" data-settings=\"{&quot;animation&quot;:&quot;fadeInUp&quot;}\">\n\t\t\t\t<div class=\"elementor-element elementor-element-20ce128 elementor-widget elementor-widget-icon-box\" data-id=\"20ce128\" data-element_type=\"widget\" data-e-type=\"widget\" data-widget_type=\"icon-box.default\">\n\t\t\t\t<div class=\"elementor-widget-container\">\n\t\t\t\t\t\t\t<div class=\"elementor-icon-box-wrapper\">\n\n\t\t\t\n\t\t\t\t\t\t<div class=\"elementor-icon-box-content\">\n\n\t\t\t\t\t\t\t\t\t<h2 class=\"elementor-icon-box-title\">\n\t\t\t\t\t\t<span  >\n\t\t\t\t\t\t\tMaster Gestion des territoires et d\u00e9veloppement local (GTDL)  - Aix Marseille Universit\u00e9\t\t\t\t\t\t<\/span>\n\t\t\t\t\t<\/h2>\n\t\t\t\t\n\t\t\t\t\n\t\t\t<\/div>\n\t\t\t\n\t\t<\/div>\n\t\t\t\t\t\t<\/div>\n\t\t\t\t<\/div>\n\t\t\t\t<div class=\"elementor-element elementor-element-3ef8663 elementor-widget elementor-widget-text-editor\" data-id=\"3ef8663\" data-element_type=\"widget\" data-e-type=\"widget\" data-widget_type=\"text-editor.default\">\n\t\t\t\t<div class=\"elementor-widget-container\">\n\t\t\t\t\t\t\t\t\t<p><a href=\"https:\/\/formations.univ-amu.fr\/ME5BGT.html\" target=\"_blank\" rel=\"noopener\">Le Master GTDL<\/a> comporte un seul parcours, le p<strong>arcours Gestion durable des territoires de montagne<\/strong> (GDTM) (M1 et M2). <\/p><p>Cette offre de formation est port\u00e9e par la<a href=\"https:\/\/feg.univ-amu.fr\/fr\" target=\"_blank\" rel=\"noopener\"> Facult\u00e9 d\u2019Economie et de Gestion<\/a> d\u2019AMU. Les enseignements sont enti\u00e8rement d\u00e9localis\u00e9s au p\u00f4le universitaire de Gap, dans les Hautes-Alpes. La Formation est adoss\u00e9e \u00e0 plusieurs laboratoires de recherche\u00a0<\/p><ul><li>en Sciences de la Vie et de la Terre :<ul><li>l\u2019 IMBE (UMR AMU CNRS 7263 \/IRD 237 \/ Avignon Universit\u00e9),<\/li><li>le\u00a0 Laboratoire Population Environnement D\u00e9veloppement <a href=\"https:\/\/lped.fr\/?PagePrincipale\" target=\"_blank\" rel=\"noopener\">LPED <\/a>(UMR AMU IRD 151)<\/li><li>le Centre de recherche et d\u2019enseignement des g\u00e9osciences de l\u2019environnement <a href=\"https:\/\/www.cerege.fr\/fr\/\" target=\"_blank\" rel=\"noopener\">CEREGE <\/a>(UMR AMU 7330)<\/li><\/ul><\/li><\/ul><p>\u00a0<\/p><ul><li>en Sciences Humaines et Sociales :<ul><li>le Centre de recherche\u00a0 sur le transport et la logistique <a href=\"https:\/\/cret-log.univ-amu.fr\/fr\" target=\"_blank\" rel=\"noopener\">CRET-LOG<\/a> (EA 881)<\/li><li>le Laboratoire d\u2019\u00c9conomie et de Sociologie du Travail<a href=\"https:\/\/lest.fr\/fr\" target=\"_blank\" rel=\"noopener\"> LEST<\/a> (UMR AMU CNRS 7317)<\/li><li>le : Laboratoire Interdisciplinaire Environnement Urbanisme <a href=\"http:\/\/iuar-lieu-amu.fr\/presentation-du-lieu\/\" target=\"_blank\" rel=\"noopener\">LIEU<\/a>\u2013 EA 889<\/li><li>la <a href=\"https:\/\/fss.univ-amu.fr\/fr\" target=\"_blank\" rel=\"noopener\">Facult\u00e9 des Sciences du Sport<\/a> d\u2019AMU.<\/li><\/ul><\/li><\/ul><p>\u00a0<\/p><p>L\u2019objectif du Master GDTM est de fournir aux \u00e9tudiants les comp\u00e9tences n\u00e9cessaires aux m\u00e9tiers de l\u2019animation et du d\u00e9veloppement des territoires ruraux et de montagne. Le but est de former des animateurs de projets, qui sauront rassembler et f\u00e9d\u00e9rer les diff\u00e9rents acteurs du territoire et contribueront ainsi \u00e0 son attractivit\u00e9, sa coh\u00e9sion sociale et sa qualit\u00e9 environnementale.<\/p><p>Les \u00e9tudiants sont amen\u00e9s \u00e0 construire et \u00e0 r\u00e9aliser des actions innovantes dans des domaines tr\u00e8s divers (agriculture, syst\u00e8me alimentaire, \u00e9nergie, mobilit\u00e9, loisirs sportifs et tourisme, qualit\u00e9 du cadre de vie, pr\u00e9servation de la biodiversit\u00e9, risques environnementaux) dans une optique de d\u00e9veloppement durable et de r\u00e9silience des territoires. Ces comp\u00e9tences r\u00e9pondent \u00e0 des besoins aujourd\u2019hui en plein essor sur le march\u00e9 du travail dans les secteurs aussi bien priv\u00e9s que publics et associatifs.<\/p>\t\t\t\t\t\t\t\t<\/div>\n\t\t\t\t<\/div>\n\t\t\t\t<\/div>\n\t\t\t\t<\/div>\n\t\t<div class=\"elementor-element elementor-element-6476b90 e-con-full e-flex e-con e-parent\" data-id=\"6476b90\" data-element_type=\"container\" data-e-type=\"container\">\n\t\t<div class=\"elementor-element elementor-element-ec55aee e-con-full e-flex elementor-invisible e-con e-child\" data-id=\"ec55aee\" data-element_type=\"container\" data-e-type=\"container\" data-settings=\"{&quot;animation&quot;:&quot;fadeInUp&quot;}\">\n\t\t\t\t<div class=\"elementor-element elementor-element-0d0df29 elementor-widget elementor-widget-icon-box\" data-id=\"0d0df29\" data-element_type=\"widget\" data-e-type=\"widget\" data-widget_type=\"icon-box.default\">\n\t\t\t\t<div class=\"elementor-widget-container\">\n\t\t\t\t\t\t\t<div class=\"elementor-icon-box-wrapper\">\n\n\t\t\t\n\t\t\t\t\t\t<div class=\"elementor-icon-box-content\">\n\n\t\t\t\t\t\t\t\t\t<h2 class=\"elementor-icon-box-title\">\n\t\t\t\t\t\t<span  >\n\t\t\t\t\t\t\tCertificat Universitaire \u00ab Acteur de la Transition Environnementale \u00bb - AMU\t\t\t\t\t\t<\/span>\n\t\t\t\t\t<\/h2>\n\t\t\t\t\n\t\t\t\t\n\t\t\t<\/div>\n\t\t\t\n\t\t<\/div>\n\t\t\t\t\t\t<\/div>\n\t\t\t\t<\/div>\n\t\t<div class=\"elementor-element elementor-element-5a2ea47 e-grid e-con-full e-con e-child\" data-id=\"5a2ea47\" data-element_type=\"container\" data-e-type=\"container\">\n\t\t\t\t<div class=\"elementor-element elementor-element-271b4ef elementor-widget elementor-widget-text-editor\" data-id=\"271b4ef\" data-element_type=\"widget\" data-e-type=\"widget\" data-widget_type=\"text-editor.default\">\n\t\t\t\t<div class=\"elementor-widget-container\">\n\t\t\t\t\t\t\t\t\t<p><strong>Nouveau\u00a0! Premi\u00e8re session en mars 2025.<\/strong><\/p><p>Ouverte en Formation Continue et d&#8217;une dur\u00e9e de 66 heures, cette formation est accessible \u00e0 toutes et \u00e0 tous (niveau bac).<\/p><p>Cette formation s&#8217;adresse aussi bien aux entreprises, institutions et associations, qui souhaitent repenser leur mod\u00e8le \u00e9conomique tout en respectant l&#8217;environnement et le bien-\u00eatre des communaut\u00e9s qu\u2019\u00e0 toute personne d\u00e9sireuse d&#8217;acqu\u00e9rir des comp\u00e9tences transversales pour contribuer \u00e0 la Transition Environnementale.<\/p><p>\u00a0<\/p><p>Formation con\u00e7ue et r\u00e9alis\u00e9e par <strong>l&#8217;<a href=\"https:\/\/www.univ-amu.fr\/fr\/public\/institut-mediterraneen-pour-la-transition-environnementale-item-0\" target=\"_blank\" rel=\"noopener\">Institut ITEM, <\/a><\/strong>r\u00e9seau d&#8217;enseignement et de recherche d&#8217;excellence, r\u00e9f\u00e9rence incontournable d&#8217;AMU sur les enjeux \u00e9cologiques et la Transition Environnementale, en partenariat avec le <a href=\"http:\/\/www.grec-sud.fr\/\" target=\"_blank\" rel=\"noopener\">\u00a0<strong>GREC SUD<\/strong><\/a> (groupe r\u00e9gional d&#8217;experts sur le climat) en r\u00e9gion Sud PACA, dont la mission est d&#8217;aider les gestionnaires et d\u00e9cideurs du territoire \u00e0 int\u00e9grer la probl\u00e9matique du changement climatique dans leur c\u0153ur de m\u00e9tier.<\/p><p>En savoir plus, pr\u00e9-inscription, contactez\u00a0: <a href=\"mailto:item-contact@univ-amu.fr\">item-contact@univ-amu.fr<\/a><\/p>\t\t\t\t\t\t\t\t<\/div>\n\t\t\t\t<\/div>\n\t\t\t\t<div class=\"elementor-element elementor-element-f955cc0 elementor-widget elementor-widget-image\" data-id=\"f955cc0\" data-element_type=\"widget\" data-e-type=\"widget\" data-widget_type=\"image.default\">\n\t\t\t\t<div class=\"elementor-widget-container\">\n\t\t\t\t\t\t\t\t\t\t\t\t\t\t\t<img fetchpriority=\"high\" decoding=\"async\" width=\"800\" height=\"255\" src=\"https:\/\/www.imbe.fr\/wp-content\/uploads\/2024\/10\/formation-e1730217032528-1024x326.jpg\" class=\"attachment-large size-large wp-image-7108\" alt=\"\" srcset=\"https:\/\/www.imbe.fr\/wp-content\/uploads\/2024\/10\/formation-e1730217032528-1024x326.jpg 1024w, https:\/\/www.imbe.fr\/wp-content\/uploads\/2024\/10\/formation-e1730217032528-300x95.jpg 300w, https:\/\/www.imbe.fr\/wp-content\/uploads\/2024\/10\/formation-e1730217032528-768x244.jpg 768w, https:\/\/www.imbe.fr\/wp-content\/uploads\/2024\/10\/formation-e1730217032528-18x6.jpg 18w, https:\/\/www.imbe.fr\/wp-content\/uploads\/2024\/10\/formation-e1730217032528.jpg 1125w\" sizes=\"(max-width: 800px) 100vw, 800px\" \/>\t\t\t\t\t\t\t\t\t\t\t\t\t\t\t<\/div>\n\t\t\t\t<\/div>\n\t\t\t\t<\/div>\n\t\t\t\t<\/div>\n\t\t\t\t<\/div>\n\t\t\t\t<\/div>\n\t\t","protected":false},"excerpt":{"rendered":"<p>Ann\u00e9e de Mise \u00e0 Niveau Scientifique (AMNS) &#8211; Aix Marseille Universit\u00e9 l&#8217;Ann\u00e9e de Mise \u00e0 Niveau en sciences (AMNS)\u00a0 s\u2019adresse aux titulaires d\u2019un bac technologique, ou sans sp\u00e9cialit\u00e9s scientifiques et [&hellip;]<\/p>\n","protected":false},"author":232,"featured_media":0,"parent":4592,"menu_order":0,"comment_status":"closed","ping_status":"closed","template":"","meta":{"_acf_changed":false,"footnotes":""},"class_list":["post-3573","page","type-page","status-publish","hentry"],"acf":[],"_links":{"self":[{"href":"https:\/\/www.imbe.fr\/en\/wp-json\/wp\/v2\/pages\/3573","targetHints":{"allow":["GET"]}}],"collection":[{"href":"https:\/\/www.imbe.fr\/en\/wp-json\/wp\/v2\/pages"}],"about":[{"href":"https:\/\/www.imbe.fr\/en\/wp-json\/wp\/v2\/types\/page"}],"author":[{"embeddable":true,"href":"https:\/\/www.imbe.fr\/en\/wp-json\/wp\/v2\/users\/232"}],"replies":[{"embeddable":true,"href":"https:\/\/www.imbe.fr\/en\/wp-json\/wp\/v2\/comments?post=3573"}],"version-history":[{"count":18,"href":"https:\/\/www.imbe.fr\/en\/wp-json\/wp\/v2\/pages\/3573\/revisions"}],"predecessor-version":[{"id":7129,"href":"https:\/\/www.imbe.fr\/en\/wp-json\/wp\/v2\/pages\/3573\/revisions\/7129"}],"up":[{"embeddable":true,"href":"https:\/\/www.imbe.fr\/en\/wp-json\/wp\/v2\/pages\/4592"}],"wp:attachment":[{"href":"https:\/\/www.imbe.fr\/en\/wp-json\/wp\/v2\/media?parent=3573"}],"curies":[{"name":"wp","href":"https:\/\/api.w.org\/{rel}","templated":true}]}}