{"id":48,"date":"2024-01-18T17:08:11","date_gmt":"2024-01-18T16:08:11","guid":{"rendered":"https:\/\/dev.imbe.fr\/?page_id=48"},"modified":"2024-12-06T13:50:44","modified_gmt":"2024-12-06T12:50:44","slug":"formation","status":"publish","type":"page","link":"https:\/\/www.imbe.fr\/en\/formation\/","title":{"rendered":"Training"},"content":{"rendered":"\t\t<div data-elementor-type=\"wp-page\" data-elementor-id=\"48\" class=\"elementor elementor-48\" data-elementor-post-type=\"page\">\n\t\t\t\t<div class=\"elementor-element elementor-element-a526ba9 e-con-full e-flex elementor-invisible e-con e-parent\" data-id=\"a526ba9\" data-element_type=\"container\" data-e-type=\"container\" data-settings=\"{&quot;background_background&quot;:&quot;classic&quot;,&quot;animation&quot;:&quot;fadeIn&quot;}\">\n\t\t\t\t<\/div>\n\t\t<div class=\"elementor-element elementor-element-5fa653ba e-con-full breadcrumb e-flex elementor-invisible e-con e-parent\" data-id=\"5fa653ba\" data-element_type=\"container\" data-e-type=\"container\" data-settings=\"{&quot;animation&quot;:&quot;fadeInUp&quot;}\">\n\t\t<div class=\"elementor-element elementor-element-6c46d01 e-con-full e-flex e-con e-child\" data-id=\"6c46d01\" data-element_type=\"container\" data-e-type=\"container\">\n\t\t\t\t<div class=\"elementor-element elementor-element-3c4b0295 elementor-widget elementor-widget-shortcode\" data-id=\"3c4b0295\" data-element_type=\"widget\" data-e-type=\"widget\" data-widget_type=\"shortcode.default\">\n\t\t\t\t<div class=\"elementor-widget-container\">\n\t\t\t\t\t\t\t<div class=\"elementor-shortcode\"><nav aria-label=\"breadcrumbs\">\n            <div class=\"breadcrumb-container theme1\">\n                <ol>\n                                    <\/ol>\n            <\/div>\n        <\/nav>    <script type=\"application\/ld+json\">\n        {\n            \"@context\": \"http:\/\/schema.org\",\n            \"@type\": \"BreadcrumbList\",\n            \"itemListElement\": [\n                            ]\n        }\n    <\/script>\n   \n    <script>\n            <\/script>\n<\/div>\n\t\t\t\t\t\t<\/div>\n\t\t\t\t<\/div>\n\t\t\t\t<\/div>\n\t\t\t\t<\/div>\n\t\t<div class=\"elementor-element elementor-element-9635424 e-con-full e-flex e-con e-parent\" data-id=\"9635424\" data-element_type=\"container\" data-e-type=\"container\">\n\t\t<div class=\"elementor-element elementor-element-5cfacaf6 e-con-full e-flex elementor-invisible e-con e-child\" data-id=\"5cfacaf6\" data-element_type=\"container\" data-e-type=\"container\" data-settings=\"{&quot;animation&quot;:&quot;fadeInUp&quot;}\">\n\t\t\t\t<div class=\"elementor-element elementor-element-1b82be93 elementor-widget elementor-widget-icon-box\" data-id=\"1b82be93\" data-element_type=\"widget\" data-e-type=\"widget\" data-widget_type=\"icon-box.default\">\n\t\t\t\t<div class=\"elementor-widget-container\">\n\t\t\t\t\t\t\t<div class=\"elementor-icon-box-wrapper\">\n\n\t\t\t\n\t\t\t\t\t\t<div class=\"elementor-icon-box-content\">\n\n\t\t\t\t\t\t\t\t\t<h2 class=\"elementor-icon-box-title\">\n\t\t\t\t\t\t<span  >\n\t\t\t\t\t\t\tFormation\t\t\t\t\t\t<\/span>\n\t\t\t\t\t<\/h2>\n\t\t\t\t\n\t\t\t\t\n\t\t\t<\/div>\n\t\t\t\n\t\t<\/div>\n\t\t\t\t\t\t<\/div>\n\t\t\t\t<\/div>\n\t\t\t\t<div class=\"elementor-element elementor-element-191f6d71 elementor-widget elementor-widget-text-editor\" data-id=\"191f6d71\" data-element_type=\"widget\" data-e-type=\"widget\" data-widget_type=\"text-editor.default\">\n\t\t\t\t<div class=\"elementor-widget-container\">\n\t\t\t\t\t\t\t\t\t<p>Trois quarts des chercheurs de l\u2019IMBE sont aussi des <strong>enseignants<\/strong>, positionnant l\u2019UMR comme une <strong>structure pr\u00e9pond\u00e9rante dans les formations en biologie, \u00e9cologie et sant\u00e9<\/strong>. Ils portent des parcours et des sp\u00e9cialit\u00e9s dans les domaines des sciences de l\u2019environnement, de l\u2019\u00e9cologie et de la biologie (aussi bien en milieu continental que marin) ainsi qu\u2019en sciences pharmaceutiques (chimie, microbiologie) propos\u00e9s \u00e0 <a href=\"https:\/\/formations.univ-avignon.fr\/diplomes\/\" target=\"_blank\" rel=\"noopener\">Avignon Universit\u00e9<\/a> ou <a href=\"https:\/\/sciences.univ-amu.fr\/fr\/formation\" target=\"_blank\" rel=\"noopener\">Aix-Marseille Universit\u00e9<\/a>. La diversit\u00e9 des comp\u00e9tences scientifiques de l\u2019IMBE est ainsi en parfaite ad\u00e9quation avec l\u2019offre de formation.\u00a0<\/p><p>Les chercheurs CR et DR ainsi que les personnels BIATSS ITRF sont \u00e9galement associ\u00e9s aux activit\u00e9s d\u2019enseignement (pr\u00e9paration TP, accompagnement en sorties p\u00e9dagogiques).<\/p><p>Les enseignants-chercheurs de l\u2019IMBE sont investis dans de nombreuses formations propos\u00e9es \u00e0 <a href=\"https:\/\/formations.univ-avignon.fr\/diplomes\/\" target=\"_blank\" rel=\"noopener\">Avignon Universit\u00e9<\/a> ou <a href=\"https:\/\/sciences.univ-amu.fr\/fr\/formation\" target=\"_blank\" rel=\"noopener\">Aix-Marseille Universit\u00e9<\/a>, en particulier sur la r\u00e9gion m\u00e9diterran\u00e9enne.<\/p>\t\t\t\t\t\t\t\t<\/div>\n\t\t\t\t<\/div>\n\t\t\t\t<\/div>\n\t\t\t\t<\/div>\n\t\t<div class=\"elementor-element elementor-element-0a393d5 e-con-full missionsIMBEContainer e-flex elementor-invisible e-con e-child\" data-id=\"0a393d5\" data-element_type=\"container\" data-e-type=\"container\" data-settings=\"{&quot;animation&quot;:&quot;fadeInUp&quot;}\">\n\t\t<a class=\"elementor-element elementor-element-0825d48 e-con-full missionsIMBE e-flex e-con e-child\" data-id=\"0825d48\" data-element_type=\"container\" data-e-type=\"container\" data-settings=\"{&quot;background_background&quot;:&quot;classic&quot;}\" href=\"https:\/\/www.imbe.fr\/fr\/formation\/enseignement-et-formations\/formation-but\/\">\n\t\t\t\t<div class=\"elementor-element elementor-element-df9a71b elementor-widget elementor-widget-heading\" data-id=\"df9a71b\" data-element_type=\"widget\" data-e-type=\"widget\" data-widget_type=\"heading.default\">\n\t\t\t\t<div class=\"elementor-widget-container\">\n\t\t\t\t\t<h3 class=\"elementor-heading-title elementor-size-default\">BUT<\/h3>\t\t\t\t<\/div>\n\t\t\t\t<\/div>\n\t\t\t\t<\/a>\n\t\t<a class=\"elementor-element elementor-element-1bf370f e-con-full missionsIMBE e-flex e-con e-child\" data-id=\"1bf370f\" data-element_type=\"container\" data-e-type=\"container\" data-settings=\"{&quot;background_background&quot;:&quot;classic&quot;}\" href=\"https:\/\/www.imbe.fr\/fr\/formation\/enseignement-et-formations\/formation-licence\/\">\n\t\t\t\t<div class=\"elementor-element elementor-element-ada85ea elementor-widget elementor-widget-heading\" data-id=\"ada85ea\" data-element_type=\"widget\" data-e-type=\"widget\" data-widget_type=\"heading.default\">\n\t\t\t\t<div class=\"elementor-widget-container\">\n\t\t\t\t\t<h3 class=\"elementor-heading-title elementor-size-default\">Licence<\/h3>\t\t\t\t<\/div>\n\t\t\t\t<\/div>\n\t\t\t\t<\/a>\n\t\t<a class=\"elementor-element elementor-element-17a0838 e-con-full missionsIMBE e-flex e-con e-child\" data-id=\"17a0838\" data-element_type=\"container\" data-e-type=\"container\" data-settings=\"{&quot;background_background&quot;:&quot;classic&quot;}\" href=\"https:\/\/www.imbe.fr\/formation-master\/\">\n\t\t\t\t<div class=\"elementor-element elementor-element-89291a8 elementor-widget elementor-widget-heading\" data-id=\"89291a8\" data-element_type=\"widget\" data-e-type=\"widget\" data-widget_type=\"heading.default\">\n\t\t\t\t<div class=\"elementor-widget-container\">\n\t\t\t\t\t<h3 class=\"elementor-heading-title elementor-size-default\">Master<\/h3>\t\t\t\t<\/div>\n\t\t\t\t<\/div>\n\t\t\t\t<\/a>\n\t\t<a class=\"elementor-element elementor-element-6e4b6de e-con-full missionsIMBE e-flex e-con e-child\" data-id=\"6e4b6de\" data-element_type=\"container\" data-e-type=\"container\" data-settings=\"{&quot;background_background&quot;:&quot;classic&quot;}\" href=\"https:\/\/www.imbe.fr\/formation-ED\/\">\n\t\t\t\t<div class=\"elementor-element elementor-element-e9fc2c1 elementor-widget elementor-widget-heading\" data-id=\"e9fc2c1\" data-element_type=\"widget\" data-e-type=\"widget\" data-widget_type=\"heading.default\">\n\t\t\t\t<div class=\"elementor-widget-container\">\n\t\t\t\t\t<h3 class=\"elementor-heading-title elementor-size-default\">\u00c9coles Doctorales<\/h3>\t\t\t\t<\/div>\n\t\t\t\t<\/div>\n\t\t\t\t<\/a>\n\t\t<a class=\"elementor-element elementor-element-ec2ab9d e-con-full missionsIMBE e-flex e-con e-child\" data-id=\"ec2ab9d\" data-element_type=\"container\" data-e-type=\"container\" data-settings=\"{&quot;background_background&quot;:&quot;classic&quot;}\" href=\"https:\/\/www.imbe.fr\/formation-autres\/\">\n\t\t\t\t<div class=\"elementor-element elementor-element-c150b1e elementor-widget elementor-widget-heading\" data-id=\"c150b1e\" data-element_type=\"widget\" data-e-type=\"widget\" data-widget_type=\"heading.default\">\n\t\t\t\t<div class=\"elementor-widget-container\">\n\t\t\t\t\t<h3 class=\"elementor-heading-title elementor-size-default\">Autres formations<\/h3>\t\t\t\t<\/div>\n\t\t\t\t<\/div>\n\t\t\t\t<\/a>\n\t\t\t\t<\/div>\n\t\t\t\t<\/div>\n\t\t","protected":false},"excerpt":{"rendered":"<p>Formation Trois quarts des chercheurs de l\u2019IMBE sont aussi des enseignants, positionnant l\u2019UMR comme une structure pr\u00e9pond\u00e9rante dans les formations en biologie, \u00e9cologie et sant\u00e9. Ils portent des parcours et [&hellip;]<\/p>\n","protected":false},"author":1,"featured_media":0,"parent":0,"menu_order":0,"comment_status":"closed","ping_status":"closed","template":"","meta":{"_acf_changed":false,"footnotes":""},"class_list":["post-48","page","type-page","status-publish","hentry"],"acf":[],"_links":{"self":[{"href":"https:\/\/www.imbe.fr\/en\/wp-json\/wp\/v2\/pages\/48","targetHints":{"allow":["GET"]}}],"collection":[{"href":"https:\/\/www.imbe.fr\/en\/wp-json\/wp\/v2\/pages"}],"about":[{"href":"https:\/\/www.imbe.fr\/en\/wp-json\/wp\/v2\/types\/page"}],"author":[{"embeddable":true,"href":"https:\/\/www.imbe.fr\/en\/wp-json\/wp\/v2\/users\/1"}],"replies":[{"embeddable":true,"href":"https:\/\/www.imbe.fr\/en\/wp-json\/wp\/v2\/comments?post=48"}],"version-history":[{"count":73,"href":"https:\/\/www.imbe.fr\/en\/wp-json\/wp\/v2\/pages\/48\/revisions"}],"predecessor-version":[{"id":7902,"href":"https:\/\/www.imbe.fr\/en\/wp-json\/wp\/v2\/pages\/48\/revisions\/7902"}],"wp:attachment":[{"href":"https:\/\/www.imbe.fr\/en\/wp-json\/wp\/v2\/media?parent=48"}],"curies":[{"name":"wp","href":"https:\/\/api.w.org\/{rel}","templated":true}]}}