{"id":60,"date":"2024-01-18T17:08:12","date_gmt":"2024-01-18T16:08:12","guid":{"rendered":"https:\/\/dev.imbe.fr\/?page_id=60"},"modified":"2025-03-27T12:07:07","modified_gmt":"2025-03-27T11:07:07","slug":"publications","status":"publish","type":"page","link":"https:\/\/www.imbe.fr\/en\/publications\/","title":{"rendered":"Publications"},"content":{"rendered":"\t\t<div data-elementor-type=\"wp-page\" data-elementor-id=\"60\" class=\"elementor elementor-60\" data-elementor-post-type=\"page\">\n\t\t\t\t<div class=\"elementor-element elementor-element-4d7562a e-con-full e-flex elementor-invisible e-con e-parent\" data-id=\"4d7562a\" data-element_type=\"container\" data-e-type=\"container\" data-settings=\"{&quot;background_background&quot;:&quot;classic&quot;,&quot;animation&quot;:&quot;fadeIn&quot;}\">\n\t\t\t\t<\/div>\n\t\t<div class=\"elementor-element elementor-element-2d8b6eed e-con-full breadcrumb e-flex elementor-invisible e-con e-parent\" data-id=\"2d8b6eed\" data-element_type=\"container\" data-e-type=\"container\" data-settings=\"{&quot;animation&quot;:&quot;fadeInUp&quot;}\">\n\t\t<div class=\"elementor-element elementor-element-2f93ed98 e-con-full e-flex e-con e-child\" data-id=\"2f93ed98\" data-element_type=\"container\" data-e-type=\"container\">\n\t\t\t\t<div class=\"elementor-element elementor-element-7e807d2a elementor-widget elementor-widget-shortcode\" data-id=\"7e807d2a\" data-element_type=\"widget\" data-e-type=\"widget\" data-widget_type=\"shortcode.default\">\n\t\t\t\t<div class=\"elementor-widget-container\">\n\t\t\t\t\t\t\t<div class=\"elementor-shortcode\"><nav aria-label=\"breadcrumbs\">\n            <div class=\"breadcrumb-container theme1\">\n                <ol>\n                                    <\/ol>\n            <\/div>\n        <\/nav>    <script type=\"application\/ld+json\">\n        {\n            \"@context\": \"http:\/\/schema.org\",\n            \"@type\": \"BreadcrumbList\",\n            \"itemListElement\": [\n                            ]\n        }\n    <\/script>\n   \n    <script>\n            <\/script>\n<\/div>\n\t\t\t\t\t\t<\/div>\n\t\t\t\t<\/div>\n\t\t\t\t<\/div>\n\t\t\t\t<\/div>\n\t\t<div class=\"elementor-element elementor-element-bced48 e-con-full e-flex e-con e-parent\" data-id=\"bced48\" data-element_type=\"container\" data-e-type=\"container\">\n\t\t<div class=\"elementor-element elementor-element-7271929b e-con-full e-flex elementor-invisible e-con e-child\" data-id=\"7271929b\" data-element_type=\"container\" data-e-type=\"container\" data-settings=\"{&quot;animation&quot;:&quot;fadeInUp&quot;}\">\n\t\t\t\t<div class=\"elementor-element elementor-element-4a99b4b6 elementor-widget elementor-widget-text-editor\" data-id=\"4a99b4b6\" data-element_type=\"widget\" data-e-type=\"widget\" data-widget_type=\"text-editor.default\">\n\t\t\t\t<div class=\"elementor-widget-container\">\n\t\t\t\t\t\t\t\t\t<p>L\u2019ensemble des communications scientifiques de l\u2019unit\u00e9 sont r\u00e9f\u00e9renc\u00e9es sur HAL<\/p><center><div class=\"cibloc_texte_center_wrapper\"><div class=\"cibloc_texte_center\">\u00a0<\/div><\/div><\/center>\t\t\t\t\t\t\t\t<\/div>\n\t\t\t\t<\/div>\n\t\t\t\t<div class=\"elementor-element elementor-element-0e46e74 elementor-widget elementor-widget-halpublication\" data-id=\"0e46e74\" data-element_type=\"widget\" data-e-type=\"widget\" data-widget_type=\"halpublication.default\">\n\t\t\t\t<div class=\"elementor-widget-container\">\n\t\t\t\t\t<div class=\"wrapper-pymac-hal-btn\"><a href=\"#\" class=\"pymac-hal-btn active\" id=\"pymac-hal-btn1\" data-target=\".hal-publications-container\">Voir uniquement les publications dans un journal \u00e0 comit\u00e9 de lecture<\/a><a href=\"#\" class=\"pymac-hal-btn\" id=\"pymac-hal-btn2\" data-target=\".hal-publications-container-two\">Voir toutes les publications<\/a><\/div><div class=\"hal-publications-container active\" data-id-collection-hal=\"IMBE\" data-id-hal=\"\" data-entity-hal=\"collection\" data-year-hal=\"2025\" data-publication-number=\"50\"  data-placeholder-research=\"Veuillez saisir un PMID \/ Mots cl\u00e9s\" data-citation-align=\"center\" data-id-align=\"center\" data-enable-research=\"true\" data-icon-position=\"pos-1\" data-icon-type=\"font-awesome\" data-icon=\"fas fa-search\" data-publications-type=\"ART\"><\/div><div class=\"hal-publications-container-two active\" data-id-collection-hal=\"IMBE\" data-id-hal=\"\" data-entity-hal=\"collection\" data-year-hal=\"2025\" data-publication-number=\"50\"  data-placeholder-research=\"Veuillez saisir un PMID \/ Mots cl\u00e9s\" data-citation-align=\"center\" data-id-align=\"center\" data-enable-research=\"true\" data-icon-position=\"pos-1\" data-icon-type=\"font-awesome\" data-icon=\"fas fa-search\"><\/div>\t\t\t\t<\/div>\n\t\t\t\t<\/div>\n\t\t\t\t<\/div>\n\t\t\t\t<\/div>\n\t\t\t\t<\/div>\n\t\t","protected":false},"excerpt":{"rendered":"<p>All the unit's scientific papers are referenced on HAL See only publications in peer-reviewed journalsSee all publications<\/p>","protected":false},"author":1,"featured_media":0,"parent":0,"menu_order":0,"comment_status":"closed","ping_status":"closed","template":"","meta":{"_acf_changed":false,"footnotes":""},"class_list":["post-60","page","type-page","status-publish","hentry"],"acf":[],"_links":{"self":[{"href":"https:\/\/www.imbe.fr\/en\/wp-json\/wp\/v2\/pages\/60","targetHints":{"allow":["GET"]}}],"collection":[{"href":"https:\/\/www.imbe.fr\/en\/wp-json\/wp\/v2\/pages"}],"about":[{"href":"https:\/\/www.imbe.fr\/en\/wp-json\/wp\/v2\/types\/page"}],"author":[{"embeddable":true,"href":"https:\/\/www.imbe.fr\/en\/wp-json\/wp\/v2\/users\/1"}],"replies":[{"embeddable":true,"href":"https:\/\/www.imbe.fr\/en\/wp-json\/wp\/v2\/comments?post=60"}],"version-history":[{"count":22,"href":"https:\/\/www.imbe.fr\/en\/wp-json\/wp\/v2\/pages\/60\/revisions"}],"predecessor-version":[{"id":8790,"href":"https:\/\/www.imbe.fr\/en\/wp-json\/wp\/v2\/pages\/60\/revisions\/8790"}],"wp:attachment":[{"href":"https:\/\/www.imbe.fr\/en\/wp-json\/wp\/v2\/media?parent=60"}],"curies":[{"name":"wp","href":"https:\/\/api.w.org\/{rel}","templated":true}]}}