{"id":6498,"date":"2024-10-09T09:12:45","date_gmt":"2024-10-09T07:12:45","guid":{"rendered":"https:\/\/dev.imbe.fr\/?page_id=6498"},"modified":"2026-03-13T17:14:36","modified_gmt":"2026-03-13T16:14:36","slug":"pole-administratif","status":"publish","type":"page","link":"https:\/\/www.imbe.fr\/en\/techniques\/pole-administratif\/","title":{"rendered":"Administration and Logistics Division"},"content":{"rendered":"\t\t<div data-elementor-type=\"wp-page\" data-elementor-id=\"6498\" class=\"elementor elementor-6498\" data-elementor-post-type=\"page\">\n\t\t\t\t<div class=\"elementor-element elementor-element-4c92e20 e-flex e-con-boxed e-con e-parent\" data-id=\"4c92e20\" data-element_type=\"container\" data-e-type=\"container\">\n\t\t\t\t\t<div class=\"e-con-inner\">\n\t\t<div class=\"elementor-element elementor-element-3153271 e-con-full e-flex e-con e-child\" data-id=\"3153271\" data-element_type=\"container\" data-e-type=\"container\">\n\t\t\t\t<\/div>\n\t\t<div class=\"elementor-element elementor-element-1b431ec e-con-full e-flex e-con e-child\" data-id=\"1b431ec\" data-element_type=\"container\" data-e-type=\"container\">\n\t\t\t\t<\/div>\n\t\t\t\t\t<\/div>\n\t\t\t\t<\/div>\n\t\t<div class=\"elementor-element elementor-element-c415ebc e-con-full e-flex elementor-invisible e-con e-parent\" data-id=\"c415ebc\" data-element_type=\"container\" data-e-type=\"container\" data-settings=\"{&quot;background_background&quot;:&quot;classic&quot;,&quot;animation&quot;:&quot;fadeIn&quot;}\">\n\t\t\t\t<div class=\"elementor-element elementor-element-7986ce9 elementor-widget elementor-widget-heading\" data-id=\"7986ce9\" data-element_type=\"widget\" data-e-type=\"widget\" data-widget_type=\"heading.default\">\n\t\t\t\t<div class=\"elementor-widget-container\">\n\t\t\t\t\t<h1 class=\"elementor-heading-title elementor-size-default\">Nom de l'\u00e9quipe<\/h1>\t\t\t\t<\/div>\n\t\t\t\t<\/div>\n\t\t\t\t<\/div>\n\t\t<div class=\"elementor-element elementor-element-e0a30ee e-con-full menuEquipe e-flex elementor-invisible e-con e-parent\" data-id=\"e0a30ee\" data-element_type=\"container\" data-e-type=\"container\" id=\"menueq\" data-settings=\"{&quot;background_background&quot;:&quot;classic&quot;,&quot;animation&quot;:&quot;fadeInUp&quot;,&quot;sticky&quot;:&quot;top&quot;,&quot;sticky_offset&quot;:94,&quot;sticky_on&quot;:[&quot;desktop&quot;,&quot;laptop&quot;,&quot;tablet&quot;,&quot;mobile&quot;],&quot;sticky_effects_offset&quot;:0,&quot;sticky_anchor_link_offset&quot;:0}\">\n\t\t<div class=\"elementor-element elementor-element-418cfda e-con-full e-flex e-con e-child\" data-id=\"418cfda\" data-element_type=\"container\" data-e-type=\"container\">\n\t\t\t\t<div class=\"elementor-element elementor-element-5d97e1f elementor-view-default elementor-position-block-start elementor-mobile-position-block-start elementor-widget elementor-widget-icon-box\" data-id=\"5d97e1f\" data-element_type=\"widget\" data-e-type=\"widget\" data-widget_type=\"icon-box.default\">\n\t\t\t\t<div class=\"elementor-widget-container\">\n\t\t\t\t\t\t\t<div class=\"elementor-icon-box-wrapper\">\n\n\t\t\t\t\t\t<div class=\"elementor-icon-box-icon\">\n\t\t\t\t<a href=\"#presentation\" class=\"elementor-icon\" tabindex=\"-1\" aria-label=\"Pr\u00e9sentation\">\n\t\t\t\t<svg xmlns=\"http:\/\/www.w3.org\/2000\/svg\" xmlns:xlink=\"http:\/\/www.w3.org\/1999\/xlink\" id=\"Calque_1\" data-name=\"Calque 1\" viewBox=\"0 0 30.35 34.78\"><defs><style>      .cls-1 {        fill: none;      }      .cls-1, .cls-2 {        stroke-width: 0px;      }      .cls-3 {        clip-path: url(#clippath);      }      .cls-2 {        fill: #161615;      }    <\/style><clipPath id=\"clippath\"><rect class=\"cls-1\" width=\"30.35\" height=\"34.78\"><\/rect><\/clipPath><\/defs><g class=\"cls-3\"><g id=\"Groupe_456\" data-name=\"Groupe 456\"><path id=\"Trac&#xE9;_383\" data-name=\"Trac&#xE9; 383\" class=\"cls-2\" d=\"M15.19,34.78H2.35c-1.69,0-2.44-.82-2.34-2.51.21-6.57,5.68-11.74,12.25-11.58,2.72-.07,5.43.01,8.14.25,5.6.66,10.16,6.21,9.95,11.83.01,1.1-.87,2.01-1.98,2.02-.08,0-.15,0-.23-.01-4.32,0-8.63,0-12.95,0M2.11,32.56h26.09c0-4.71-3.41-8.73-8.06-9.49-2.95-.34-5.93-.41-8.89-.21-5.11.35-9.09,4.57-9.14,9.69\"><\/path><path id=\"Trac&#xE9;_384\" data-name=\"Trac&#xE9; 384\" class=\"cls-2\" d=\"M23.82,8.68c-.01,4.78-3.9,8.65-8.68,8.63s-8.65-3.9-8.63-8.68C6.51,3.85,10.4-.01,15.18,0c.01,0,.02,0,.03,0,4.77.03,8.62,3.91,8.6,8.68M15.27,2.13c-3.66-.04-6.65,2.89-6.69,6.55h0c0,3.63,2.94,6.58,6.58,6.58s6.58-2.94,6.58-6.58c-.03-3.57-2.89-6.48-6.46-6.55\"><\/path><\/g><\/g><\/svg>\t\t\t\t<\/a>\n\t\t\t<\/div>\n\t\t\t\n\t\t\t\t\t\t<div class=\"elementor-icon-box-content\">\n\n\t\t\t\t\t\t\t\t\t<h3 class=\"elementor-icon-box-title\">\n\t\t\t\t\t\t<a href=\"#presentation\" >\n\t\t\t\t\t\t\tPr\u00e9sentation\t\t\t\t\t\t<\/a>\n\t\t\t\t\t<\/h3>\n\t\t\t\t\n\t\t\t\t\n\t\t\t<\/div>\n\t\t\t\n\t\t<\/div>\n\t\t\t\t\t\t<\/div>\n\t\t\t\t<\/div>\n\t\t\t\t<\/div>\n\t\t<div class=\"elementor-element elementor-element-538ee29 e-con-full e-flex e-con e-child\" data-id=\"538ee29\" data-element_type=\"container\" data-e-type=\"container\">\n\t\t\t\t<div class=\"elementor-element elementor-element-ad0ab54 elementor-view-default elementor-position-block-start elementor-mobile-position-block-start elementor-widget elementor-widget-icon-box\" data-id=\"ad0ab54\" data-element_type=\"widget\" data-e-type=\"widget\" data-widget_type=\"icon-box.default\">\n\t\t\t\t<div class=\"elementor-widget-container\">\n\t\t\t\t\t\t\t<div class=\"elementor-icon-box-wrapper\">\n\n\t\t\t\t\t\t<div class=\"elementor-icon-box-icon\">\n\t\t\t\t<a href=\"#equipe\" class=\"elementor-icon\" tabindex=\"-1\" aria-label=\"\u00c9quipe\">\n\t\t\t\t<svg xmlns=\"http:\/\/www.w3.org\/2000\/svg\" xmlns:xlink=\"http:\/\/www.w3.org\/1999\/xlink\" id=\"Calque_1\" x=\"0px\" y=\"0px\" viewBox=\"0 0 42 33.6\" style=\"enable-background:new 0 0 42 33.6;\" xml:space=\"preserve\"><style type=\"text\/css\">\t.st0{fill:#212121;}<\/style><path id=\"Trac&#xE9;_378\" class=\"st0\" d=\"M14.6,33.6H2.3c-1.6,0-2.4-0.8-2.3-2.4C0.2,24.9,5.5,19.9,11.9,20c2.6-0.1,5.2,0,7.9,0.2 c5.4,0.6,9.8,6,9.6,11.4c0,1.1-0.8,1.9-1.9,2c-0.1,0-0.1,0-0.2,0C23,33.6,18.8,33.6,14.6,33.6 M27.2,31.5c0.3-4.2-3.2-8.6-7.6-9.2 C17,22,14.3,22,11.7,22.1C8.2,22,5,23.8,3.3,26.8c-0.9,1.4-1.3,3-1.3,4.7C2,31.5,27.2,31.5,27.2,31.5z\"><\/path><path id=\"Trac&#xE9;_379\" class=\"st0\" d=\"M23,8.4c0,4.6-3.7,8.4-8.4,8.4c-4.6,0-8.4-3.7-8.4-8.4c0-4.6,3.7-8.3,8.3-8.4 C19.2-0.1,23,3.7,23,8.4C23,8.3,23,8.3,23,8.4 M14.6,14.7c3.5,0,6.4-2.8,6.4-6.3c0-3.5-2.8-6.4-6.3-6.4S8.3,4.8,8.3,8.3 C8.3,11.8,11.1,14.7,14.6,14.7\"><\/path><path id=\"Trac&#xE9;_380\" class=\"st0\" d=\"M24.6,5.4l-0.7-1.8c2.7-2.4,7.1-1.9,9.8,1.1c2.6,3.1,2.3,7.6-0.8,10.3 c-2.9,2.6-7.2,2.4-9.9-0.3l1-1.6c3.1,2.3,5.9,2.3,7.9,0.2c1.8-2,1.9-5,0.2-7.1C30.5,3.9,27.6,3.6,24.6,5.4\"><\/path><path id=\"Trac&#xE9;_381\" class=\"st0\" d=\"M26.9,20.9c2.5,0,5.1,0.3,7.6,0.7c4.5,1.2,7.6,5.3,7.6,10c0.1,1.1-0.7,2-1.8,2.1 c-0.1,0-0.1,0-0.2,0c-2.9,0-5.8,0-8.8,0l0.5-2h8.2c0.5-3.3-2.2-7-5.7-8c-1.2-0.4-2.4-0.5-3.6-0.4C28.7,23.4,27.8,22.3,26.9,20.9\"><\/path><\/svg>\t\t\t\t<\/a>\n\t\t\t<\/div>\n\t\t\t\n\t\t\t\t\t\t<div class=\"elementor-icon-box-content\">\n\n\t\t\t\t\t\t\t\t\t<h3 class=\"elementor-icon-box-title\">\n\t\t\t\t\t\t<a href=\"#equipe\" >\n\t\t\t\t\t\t\t\u00c9quipe\t\t\t\t\t\t<\/a>\n\t\t\t\t\t<\/h3>\n\t\t\t\t\n\t\t\t\t\n\t\t\t<\/div>\n\t\t\t\n\t\t<\/div>\n\t\t\t\t\t\t<\/div>\n\t\t\t\t<\/div>\n\t\t\t\t<\/div>\n\t\t<div class=\"elementor-element elementor-element-51c2097 e-con-full e-flex e-con e-child\" data-id=\"51c2097\" data-element_type=\"container\" data-e-type=\"container\">\n\t\t\t\t<div class=\"elementor-element elementor-element-7b0e81a elementor-view-default elementor-position-block-start elementor-mobile-position-block-start elementor-widget elementor-widget-icon-box\" data-id=\"7b0e81a\" data-element_type=\"widget\" data-e-type=\"widget\" data-widget_type=\"icon-box.default\">\n\t\t\t\t<div class=\"elementor-widget-container\">\n\t\t\t\t\t\t\t<div class=\"elementor-icon-box-wrapper\">\n\n\t\t\t\t\t\t<div class=\"elementor-icon-box-icon\">\n\t\t\t\t<a href=\"#publications\" class=\"elementor-icon\" tabindex=\"-1\" aria-label=\"Galerie\">\n\t\t\t\t<svg xmlns=\"http:\/\/www.w3.org\/2000\/svg\" xmlns:xlink=\"http:\/\/www.w3.org\/1999\/xlink\" id=\"Calque_1\" x=\"0px\" y=\"0px\" viewBox=\"0 0 35.7 29.4\" style=\"enable-background:new 0 0 35.7 29.4;\" xml:space=\"preserve\"><style type=\"text\/css\">\t.st0{fill:#161615;}<\/style><g>\t<g id=\"Groupe_461\">\t\t<path id=\"Trac&#xE9;_387\" class=\"st0\" d=\"M35.7,29.4H0V0h35.7V29.4z M27,8.6l6.6,6.4V2H2.1v17.5l6.7-6.6l6.8,6.6L27,8.6 M27,12.1   L10.9,27.3h22.7c0-2.9,0-5.8,0-8.6c0-0.3-0.2-0.5-0.3-0.7C31.1,16,29,14,27,12.1 M2,27.4c1.7,0,3.3,0,4.8,0c0.2,0,0.4-0.1,0.6-0.2   c2.2-2,4.3-4.1,6.4-6l-5.2-4.8c-2.1,1.9-4.2,3.9-6.3,6c-0.2,0.2-0.3,0.5-0.3,0.7C2,24.4,2.1,25.8,2,27.4\"><\/path>\t\t<path id=\"Trac&#xE9;_389\" class=\"st0\" d=\"M13.3,7.3c0.1,1.8-1.3,3.4-3.2,3.4S6.7,9.4,6.7,7.6C6.6,5.8,8,4.2,9.8,4.1c0.1,0,0.1,0,0.1,0   C11.7,4.1,13.2,5.5,13.3,7.3C13.3,7.3,13.3,7.3,13.3,7.3\"><\/path>\t<\/g><\/g><\/svg>\t\t\t\t<\/a>\n\t\t\t<\/div>\n\t\t\t\n\t\t\t\t\t\t<div class=\"elementor-icon-box-content\">\n\n\t\t\t\t\t\t\t\t\t<h3 class=\"elementor-icon-box-title\">\n\t\t\t\t\t\t<a href=\"#publications\" >\n\t\t\t\t\t\t\tGalerie\t\t\t\t\t\t<\/a>\n\t\t\t\t\t<\/h3>\n\t\t\t\t\n\t\t\t\t\n\t\t\t<\/div>\n\t\t\t\n\t\t<\/div>\n\t\t\t\t\t\t<\/div>\n\t\t\t\t<\/div>\n\t\t\t\t<\/div>\n\t\t\t\t<\/div>\n\t\t<div class=\"elementor-element elementor-element-bc38499 e-con-full breadcrumb e-flex elementor-invisible e-con e-parent\" data-id=\"bc38499\" data-element_type=\"container\" data-e-type=\"container\" id=\"ariane\" data-settings=\"{&quot;animation&quot;:&quot;fadeInUp&quot;}\">\n\t\t<div class=\"elementor-element elementor-element-4d4427f e-con-full e-flex e-con e-child\" data-id=\"4d4427f\" data-element_type=\"container\" data-e-type=\"container\">\n\t\t\t\t<div class=\"elementor-element elementor-element-24b7e7a elementor-widget elementor-widget-shortcode\" data-id=\"24b7e7a\" data-element_type=\"widget\" data-e-type=\"widget\" data-widget_type=\"shortcode.default\">\n\t\t\t\t<div class=\"elementor-widget-container\">\n\t\t\t\t\t\t\t<div class=\"elementor-shortcode\"><nav aria-label=\"breadcrumbs\">\n            <div class=\"breadcrumb-container theme1\">\n                <ol>\n                                    <\/ol>\n            <\/div>\n        <\/nav>    <script type=\"application\/ld+json\">\n        {\n            \"@context\": \"http:\/\/schema.org\",\n            \"@type\": \"BreadcrumbList\",\n            \"itemListElement\": [\n                            ]\n        }\n    <\/script>\n   \n    <script>\n            <\/script>\n<\/div>\n\t\t\t\t\t\t<\/div>\n\t\t\t\t<\/div>\n\t\t\t\t<\/div>\n\t\t\t\t<\/div>\n\t\t<div class=\"elementor-element elementor-element-f262443 e-con-full e-flex e-con e-parent\" data-id=\"f262443\" data-element_type=\"container\" data-e-type=\"container\" id=\"presentation\">\n\t\t<div class=\"elementor-element elementor-element-92f4c5b e-con-full e-flex e-con e-child\" data-id=\"92f4c5b\" data-element_type=\"container\" data-e-type=\"container\">\n\t\t\t\t<div class=\"elementor-element elementor-element-71b28d4 elementor-position-inline-start elementor-mobile-position-inline-start elementor-view-default elementor-widget elementor-widget-icon-box\" data-id=\"71b28d4\" data-element_type=\"widget\" data-e-type=\"widget\" data-widget_type=\"icon-box.default\">\n\t\t\t\t<div class=\"elementor-widget-container\">\n\t\t\t\t\t\t\t<div class=\"elementor-icon-box-wrapper\">\n\n\t\t\t\t\t\t<div class=\"elementor-icon-box-icon\">\n\t\t\t\t<span  class=\"elementor-icon\">\n\t\t\t\t<svg xmlns=\"http:\/\/www.w3.org\/2000\/svg\" xmlns:xlink=\"http:\/\/www.w3.org\/1999\/xlink\" id=\"Calque_1\" data-name=\"Calque 1\" viewBox=\"0 0 30.35 34.78\"><defs><style>      .cls-1 {        fill: none;      }      .cls-1, .cls-2 {        stroke-width: 0px;      }      .cls-3 {        clip-path: url(#clippath);      }      .cls-2 {        fill: #161615;      }    <\/style><clipPath id=\"clippath\"><rect class=\"cls-1\" width=\"30.35\" height=\"34.78\"><\/rect><\/clipPath><\/defs><g class=\"cls-3\"><g id=\"Groupe_456\" data-name=\"Groupe 456\"><path id=\"Trac&#xE9;_383\" data-name=\"Trac&#xE9; 383\" class=\"cls-2\" d=\"M15.19,34.78H2.35c-1.69,0-2.44-.82-2.34-2.51.21-6.57,5.68-11.74,12.25-11.58,2.72-.07,5.43.01,8.14.25,5.6.66,10.16,6.21,9.95,11.83.01,1.1-.87,2.01-1.98,2.02-.08,0-.15,0-.23-.01-4.32,0-8.63,0-12.95,0M2.11,32.56h26.09c0-4.71-3.41-8.73-8.06-9.49-2.95-.34-5.93-.41-8.89-.21-5.11.35-9.09,4.57-9.14,9.69\"><\/path><path id=\"Trac&#xE9;_384\" data-name=\"Trac&#xE9; 384\" class=\"cls-2\" d=\"M23.82,8.68c-.01,4.78-3.9,8.65-8.68,8.63s-8.65-3.9-8.63-8.68C6.51,3.85,10.4-.01,15.18,0c.01,0,.02,0,.03,0,4.77.03,8.62,3.91,8.6,8.68M15.27,2.13c-3.66-.04-6.65,2.89-6.69,6.55h0c0,3.63,2.94,6.58,6.58,6.58s6.58-2.94,6.58-6.58c-.03-3.57-2.89-6.48-6.46-6.55\"><\/path><\/g><\/g><\/svg>\t\t\t\t<\/span>\n\t\t\t<\/div>\n\t\t\t\n\t\t\t\t\t\t<div class=\"elementor-icon-box-content\">\n\n\t\t\t\t\t\t\t\t\t<h2 class=\"elementor-icon-box-title\">\n\t\t\t\t\t\t<span  >\n\t\t\t\t\t\t\tPr\u00e9sentation\t\t\t\t\t\t<\/span>\n\t\t\t\t\t<\/h2>\n\t\t\t\t\n\t\t\t\t\n\t\t\t<\/div>\n\t\t\t\n\t\t<\/div>\n\t\t\t\t\t\t<\/div>\n\t\t\t\t<\/div>\n\t\t\t\t<div class=\"elementor-element elementor-element-0493992 elementor-widget elementor-widget-text-editor\" data-id=\"0493992\" data-element_type=\"widget\" data-e-type=\"widget\" data-widget_type=\"text-editor.default\">\n\t\t\t\t<div class=\"elementor-widget-container\">\n\t\t\t\t\t\t\t\t\t<p>Le P\u00f4le Administratif et Logistique de l\u2019IMBE est d\u00e9di\u00e9 \u00e0 l\u2019accompagnement de tous les personnels de l&#8217;IMBE. Il se compose de plusieurs services coordonn\u00e9s par la responsable administrative :<\/p><p><strong>Responsable Administrative <\/strong><\/p><p>La RA remplit trois missions principales :<\/p><ol><li>Soutenir la direction de l\u2019IMBE dans la mise en \u0153uvre de sa strat\u00e9gie, ses objectifs et le pilotage de projets majeurs.<\/li><li>Superviser le fonctionnement et l\u2019organisation du p\u00f4le administratif, en assurant la gestion des dossiers complexes.<\/li><li>Accompagner chaque agent de l\u2019IMBE dans leur parcours professionnel, quel que soit leur statut ou leur tutelle.<\/li><\/ol><p>\u00a0<\/p><p><strong>Service Financier<\/strong><\/p><p>Ce service g\u00e8re les demandes de missions, les achats, et assure le suivi ainsi que la gestion des budgets et projets de recherche.<\/p><p><strong>Service Projets<\/strong><\/p><p>Ce service accompagne les personnels dans le montage, la soumission, ainsi que le suivi administratif et juridique de leurs projets de recherche et colloques. Ce travail est r\u00e9alis\u00e9 en coordination avec les services de valorisation des tutelles et les services financiers et RH de l\u2019IMBE.<\/p><p><strong>Service Ressources Humaines<\/strong><\/p><p>Le service RH assure le suivi administratif de tous les personnels, quels que soient leur statut et leur tutelle. Il traite les demandes li\u00e9es \u00e0 leur situation professionnelle, leur \u00e9volution de carri\u00e8re, les recrutements, ainsi que la mise en place de conventions de stage ou d\u2019accueil pour du personnel \u00e9tranger.<\/p><p><strong>Service Logistique<\/strong><\/p><p>Ce service\u00a0assure des activit\u00e9s de maintenance et d&#8217;exploitation des sites de l\u2019IMBE. Il identifie les travaux \u00e0 r\u00e9aliser et \u00e9labore et suit les plans de travaux \u00e0 r\u00e9aliser en lien avec les services logistiques des \u00e9tablissements h\u00e9bergeurs. Ce service vient en appui au P\u00f4le observation et exp\u00e9rimentation pour l\u2019entretien des sites exp\u00e9rimentaux, jardins et oliveraie de l\u2019IMBE.<\/p><p><strong>Ensemble, ces services travaillent en synergie pour offrir un accompagnement complet et adapt\u00e9 \u00e0 tous les besoins de l\u2019IMBE.<\/strong><\/p>\t\t\t\t\t\t\t\t<\/div>\n\t\t\t\t<\/div>\n\t\t\t\t<\/div>\n\t\t\t\t<\/div>\n\t\t<div class=\"elementor-element elementor-element-8a3cc62 e-con-full e-flex elementor-invisible e-con e-parent\" data-id=\"8a3cc62\" data-element_type=\"container\" data-e-type=\"container\" id=\"equipe\" data-settings=\"{&quot;background_background&quot;:&quot;classic&quot;,&quot;animation&quot;:&quot;fadeInUp&quot;}\">\n\t\t\t\t<div class=\"elementor-element elementor-element-a5dbc75 elementor-position-inline-start elementor-mobile-position-inline-start elementor-view-default elementor-widget elementor-widget-icon-box\" data-id=\"a5dbc75\" data-element_type=\"widget\" data-e-type=\"widget\" data-widget_type=\"icon-box.default\">\n\t\t\t\t<div class=\"elementor-widget-container\">\n\t\t\t\t\t\t\t<div class=\"elementor-icon-box-wrapper\">\n\n\t\t\t\t\t\t<div class=\"elementor-icon-box-icon\">\n\t\t\t\t<span  class=\"elementor-icon\">\n\t\t\t\t<svg xmlns=\"http:\/\/www.w3.org\/2000\/svg\" xmlns:xlink=\"http:\/\/www.w3.org\/1999\/xlink\" id=\"Calque_1\" x=\"0px\" y=\"0px\" viewBox=\"0 0 42 33.6\" style=\"enable-background:new 0 0 42 33.6;\" xml:space=\"preserve\"><style type=\"text\/css\">\t.st0{fill:#212121;}<\/style><path id=\"Trac&#xE9;_378\" class=\"st0\" d=\"M14.6,33.6H2.3c-1.6,0-2.4-0.8-2.3-2.4C0.2,24.9,5.5,19.9,11.9,20c2.6-0.1,5.2,0,7.9,0.2 c5.4,0.6,9.8,6,9.6,11.4c0,1.1-0.8,1.9-1.9,2c-0.1,0-0.1,0-0.2,0C23,33.6,18.8,33.6,14.6,33.6 M27.2,31.5c0.3-4.2-3.2-8.6-7.6-9.2 C17,22,14.3,22,11.7,22.1C8.2,22,5,23.8,3.3,26.8c-0.9,1.4-1.3,3-1.3,4.7C2,31.5,27.2,31.5,27.2,31.5z\"><\/path><path id=\"Trac&#xE9;_379\" class=\"st0\" d=\"M23,8.4c0,4.6-3.7,8.4-8.4,8.4c-4.6,0-8.4-3.7-8.4-8.4c0-4.6,3.7-8.3,8.3-8.4 C19.2-0.1,23,3.7,23,8.4C23,8.3,23,8.3,23,8.4 M14.6,14.7c3.5,0,6.4-2.8,6.4-6.3c0-3.5-2.8-6.4-6.3-6.4S8.3,4.8,8.3,8.3 C8.3,11.8,11.1,14.7,14.6,14.7\"><\/path><path id=\"Trac&#xE9;_380\" class=\"st0\" d=\"M24.6,5.4l-0.7-1.8c2.7-2.4,7.1-1.9,9.8,1.1c2.6,3.1,2.3,7.6-0.8,10.3 c-2.9,2.6-7.2,2.4-9.9-0.3l1-1.6c3.1,2.3,5.9,2.3,7.9,0.2c1.8-2,1.9-5,0.2-7.1C30.5,3.9,27.6,3.6,24.6,5.4\"><\/path><path id=\"Trac&#xE9;_381\" class=\"st0\" d=\"M26.9,20.9c2.5,0,5.1,0.3,7.6,0.7c4.5,1.2,7.6,5.3,7.6,10c0.1,1.1-0.7,2-1.8,2.1 c-0.1,0-0.1,0-0.2,0c-2.9,0-5.8,0-8.8,0l0.5-2h8.2c0.5-3.3-2.2-7-5.7-8c-1.2-0.4-2.4-0.5-3.6-0.4C28.7,23.4,27.8,22.3,26.9,20.9\"><\/path><\/svg>\t\t\t\t<\/span>\n\t\t\t<\/div>\n\t\t\t\n\t\t\t\t\t\t<div class=\"elementor-icon-box-content\">\n\n\t\t\t\t\t\t\t\t\t<h2 class=\"elementor-icon-box-title\">\n\t\t\t\t\t\t<span  >\n\t\t\t\t\t\t\tL'\u00c9quipe\t\t\t\t\t\t<\/span>\n\t\t\t\t\t<\/h2>\n\t\t\t\t\n\t\t\t\t\n\t\t\t<\/div>\n\t\t\t\n\t\t<\/div>\n\t\t\t\t\t\t<\/div>\n\t\t\t\t<\/div>\n\t\t<div class=\"elementor-element elementor-element-98e07d6 e-con-full e-flex e-con e-child\" data-id=\"98e07d6\" data-element_type=\"container\" data-e-type=\"container\">\n\t\t\t\t<div class=\"elementor-element elementor-element-a6eae73 elementor-widget elementor-widget-pymac-singleUsersList\" data-id=\"a6eae73\" data-element_type=\"widget\" data-e-type=\"widget\" data-widget_type=\"pymac-singleUsersList.default\">\n\t\t\t\t<div class=\"elementor-widget-container\">\n\t\t\t\t\t<div class=\"imbe-users\" ><div class=\"imbe-user\" data-title=\"ITA-Ingenieur Technicien Administratif\" data-business-category=\"Array\" data-nom=\"marine berro\"><div class=\"imbe-user_content\"><div class=\"imbe-user_name\"><a href=\"https:\/\/www.imbe.fr\/en\/annuaire\/marine-berro\/\">Marine Berro<\/a><\/div><div class=\"imbe-user_desc\">Responsable administrative<\/div><div class=\"imbe-user_title\">ITA-Ingenieur Technicien Administratif<\/div><\/div><\/div><\/div>\t\t\t\t<\/div>\n\t\t\t\t<\/div>\n\t\t\t\t<\/div>\n\t\t\t\t<div class=\"elementor-element elementor-element-da1b82b elementor-widget elementor-widget-pymac-userslist\" data-id=\"da1b82b\" data-element_type=\"widget\" data-e-type=\"widget\" data-widget_type=\"pymac-userslist.default\">\n\t\t\t\t<div class=\"elementor-widget-container\">\n\t\t\t\t\t<div class=\"imbe-filters\"><div class=\"imbe-filters_header\"><div class=\"imbe-filters_header_title\">Rechercher un membre de l'\u00e9quipe<\/div><\/div><div class=\"imbe-filters_content\"><div class=\"imbe_filter imbe-filters_nom\"><input name=\"imbe_users_nom\" type=\"text\" placeholder=\"Nom ou pr\u00e9nom...\" id=\"imbe_users_nom\"><\/div><div class=\"imbe_filter imbe-filters_title\"><select name=\"imbe_users_title\" id=\"imbe_users_title\"><option value=\"\">Choisissez un titre<\/option><\/select><\/div><\/div><\/div><div class=\"imbe-users display-team\"><div class=\"imbe-user\" data-title=\"ITA\" data-business-category=\"PAL\" data-nom=\"sylvie beltra\"><div class=\"imbe-user_photo\"><a href=\"https:\/\/www.imbe.fr\/en\/annuaire\/sylvie-beltra\/\"><img decoding=\"async\" src=\"https:\/\/www.imbe.fr\/wp-content\/themes\/pymac\/assets\/img\/default-user.png\" alt=\"Sylvie Beltra\"><\/a><\/div><div class=\"imbe-user_content\"><div class=\"imbe-user_name\"><a href=\"https:\/\/www.imbe.fr\/en\/annuaire\/sylvie-beltra\/\">Sylvie Beltra<\/a><\/div><div class=\"imbe-user_title\">ITA-Ingenieur Technicien Administratif<\/div><\/div><\/div><div class=\"imbe-user\" data-title=\"ITA\" data-business-category=\"PAL\" data-nom=\"gabin bernard\"><div class=\"imbe-user_photo\"><a href=\"https:\/\/www.imbe.fr\/en\/annuaire\/gabin-bernard\/\"><img decoding=\"async\" src=\"https:\/\/www.imbe.fr\/wp-content\/uploads\/annuaire\/12813.jpg\" alt=\"Gabin Bernard\"><\/a><\/div><div class=\"imbe-user_content\"><div class=\"imbe-user_name\"><a href=\"https:\/\/www.imbe.fr\/en\/annuaire\/gabin-bernard\/\">Gabin Bernard<\/a><\/div><div class=\"imbe-user_title\">ITA-Ingenieur Technicien Administratif<\/div><\/div><\/div><div class=\"imbe-user\" data-title=\"ITA\" data-business-category=\"PAL\" data-nom=\"marine berro\"><div class=\"imbe-user_photo\"><a href=\"https:\/\/www.imbe.fr\/en\/annuaire\/marine-berro\/\"><img decoding=\"async\" src=\"https:\/\/www.imbe.fr\/wp-content\/uploads\/annuaire\/2411.jpg\" alt=\"Marine Berro\"><\/a><\/div><div class=\"imbe-user_content\"><div class=\"imbe-user_name\"><a href=\"https:\/\/www.imbe.fr\/en\/annuaire\/marine-berro\/\">Marine Berro<\/a><\/div><div class=\"imbe-user_title\">ITA-Ingenieur Technicien Administratif<\/div><\/div><\/div><div class=\"imbe-user\" data-title=\"ITA\" data-business-category=\"PAL\" data-nom=\"kheira bouaka\"><div class=\"imbe-user_photo\"><a href=\"https:\/\/www.imbe.fr\/en\/annuaire\/kheira-bouaka\/\"><img decoding=\"async\" src=\"https:\/\/www.imbe.fr\/wp-content\/uploads\/annuaire\/9161.jpg\" alt=\"Kheira Bouaka\"><\/a><\/div><div class=\"imbe-user_content\"><div class=\"imbe-user_name\"><a href=\"https:\/\/www.imbe.fr\/en\/annuaire\/kheira-bouaka\/\">Kheira Bouaka<\/a><\/div><div class=\"imbe-user_title\">ITA-Ingenieur Technicien Administratif<\/div><\/div><\/div><div class=\"imbe-user\" data-title=\"ITA\" data-business-category=\"PAL\" data-nom=\"marie-christine cochet\"><div class=\"imbe-user_photo\"><a href=\"https:\/\/www.imbe.fr\/en\/annuaire\/marie-christine-cochet\/\"><img decoding=\"async\" src=\"https:\/\/www.imbe.fr\/wp-content\/uploads\/annuaire\/2602.jpg\" alt=\"Marie-christine Cochet\"><\/a><\/div><div class=\"imbe-user_content\"><div class=\"imbe-user_name\"><a href=\"https:\/\/www.imbe.fr\/en\/annuaire\/marie-christine-cochet\/\">Marie-christine Cochet<\/a><\/div><div class=\"imbe-user_title\">ITA-Ingenieur Technicien Administratif<\/div><\/div><\/div><div class=\"imbe-user\" data-title=\"ITA\" data-business-category=\"PAL\" data-nom=\"amandine coxe\"><div class=\"imbe-user_photo\"><a href=\"https:\/\/www.imbe.fr\/en\/annuaire\/amandine-coxe\/\"><img decoding=\"async\" src=\"https:\/\/www.imbe.fr\/wp-content\/uploads\/annuaire\/3345.jpg\" alt=\"Amandine Coxe\"><\/a><\/div><div class=\"imbe-user_content\"><div class=\"imbe-user_name\"><a href=\"https:\/\/www.imbe.fr\/en\/annuaire\/amandine-coxe\/\">Amandine Coxe<\/a><\/div><div class=\"imbe-user_title\">ITA-Ingenieur Technicien Administratif<\/div><\/div><\/div><div class=\"imbe-user\" data-title=\"ITA\" data-business-category=\"PAL\" data-nom=\"stephanie gerard\"><div class=\"imbe-user_photo\"><a href=\"https:\/\/www.imbe.fr\/en\/annuaire\/stephanie-gerard\/\"><img decoding=\"async\" src=\"https:\/\/www.imbe.fr\/wp-content\/uploads\/annuaire\/9129.jpg\" alt=\"Stephanie Gerard\"><\/a><\/div><div class=\"imbe-user_content\"><div class=\"imbe-user_name\"><a href=\"https:\/\/www.imbe.fr\/en\/annuaire\/stephanie-gerard\/\">Stephanie Gerard<\/a><\/div><div class=\"imbe-user_title\">ITA-Ingenieur Technicien Administratif<\/div><\/div><\/div><div class=\"imbe-user\" data-title=\"ITA\" data-business-category=\"PAL\" data-nom=\"joelle massei\"><div class=\"imbe-user_photo\"><a href=\"https:\/\/www.imbe.fr\/en\/annuaire\/joelle-massei\/\"><img decoding=\"async\" src=\"https:\/\/www.imbe.fr\/wp-content\/uploads\/annuaire\/4017.jpg\" alt=\"Joelle Massei\"><\/a><\/div><div class=\"imbe-user_content\"><div class=\"imbe-user_name\"><a href=\"https:\/\/www.imbe.fr\/en\/annuaire\/joelle-massei\/\">Joelle Massei<\/a><\/div><div class=\"imbe-user_title\">ITA-Ingenieur Technicien Administratif<\/div><\/div><\/div><\/div><div id=\"loadMore-wrapper\"><a href=\"#\" class=\"elementor-button elementor-button-link elementor-size-sm\" id=\"loadMore\">Voir l'ensemble des membres<\/a><\/div>\t\t\t\t<\/div>\n\t\t\t\t<\/div>\n\t\t\t\t<\/div>\n\t\t\t\t<\/div>\n\t\t","protected":false},"excerpt":{"rendered":"<p>Pr\u00e9sentation \u00c9quipe Galerie Pr\u00e9sentation Le P\u00f4le Administratif et Logistique de l\u2019IMBE est d\u00e9di\u00e9 \u00e0 l\u2019accompagnement de tous les personnels de l&#8217;IMBE. Il se compose de plusieurs services coordonn\u00e9s par la [&hellip;]<\/p>\n","protected":false},"author":300,"featured_media":0,"parent":52,"menu_order":0,"comment_status":"closed","ping_status":"closed","template":"","meta":{"_acf_changed":false,"footnotes":""},"class_list":["post-6498","page","type-page","status-publish","hentry"],"acf":[],"_links":{"self":[{"href":"https:\/\/www.imbe.fr\/en\/wp-json\/wp\/v2\/pages\/6498","targetHints":{"allow":["GET"]}}],"collection":[{"href":"https:\/\/www.imbe.fr\/en\/wp-json\/wp\/v2\/pages"}],"about":[{"href":"https:\/\/www.imbe.fr\/en\/wp-json\/wp\/v2\/types\/page"}],"author":[{"embeddable":true,"href":"https:\/\/www.imbe.fr\/en\/wp-json\/wp\/v2\/users\/300"}],"replies":[{"embeddable":true,"href":"https:\/\/www.imbe.fr\/en\/wp-json\/wp\/v2\/comments?post=6498"}],"version-history":[{"count":33,"href":"https:\/\/www.imbe.fr\/en\/wp-json\/wp\/v2\/pages\/6498\/revisions"}],"predecessor-version":[{"id":10508,"href":"https:\/\/www.imbe.fr\/en\/wp-json\/wp\/v2\/pages\/6498\/revisions\/10508"}],"up":[{"embeddable":true,"href":"https:\/\/www.imbe.fr\/en\/wp-json\/wp\/v2\/pages\/52"}],"wp:attachment":[{"href":"https:\/\/www.imbe.fr\/en\/wp-json\/wp\/v2\/media?parent=6498"}],"curies":[{"name":"wp","href":"https:\/\/api.w.org\/{rel}","templated":true}]}}