{"id":896,"date":"2024-02-01T10:48:41","date_gmt":"2024-02-01T09:48:41","guid":{"rendered":"https:\/\/dev.imbe.fr\/?page_id=896"},"modified":"2025-04-22T20:02:07","modified_gmt":"2025-04-22T18:02:07","slug":"implantation","status":"publish","type":"page","link":"https:\/\/www.imbe.fr\/en\/limbe\/implantation\/","title":{"rendered":"Locations"},"content":{"rendered":"\t\t<div data-elementor-type=\"wp-page\" data-elementor-id=\"896\" class=\"elementor elementor-896\" data-elementor-post-type=\"page\">\n\t\t\t\t<div class=\"elementor-element elementor-element-6af286db e-con-full e-flex elementor-invisible e-con e-parent\" data-id=\"6af286db\" data-element_type=\"container\" data-e-type=\"container\" data-settings=\"{&quot;background_background&quot;:&quot;classic&quot;,&quot;animation&quot;:&quot;fadeIn&quot;}\">\n\t\t\t\t<\/div>\n\t\t<div class=\"elementor-element elementor-element-6d1a13a6 e-con-full breadcrumb e-flex elementor-invisible e-con e-parent\" data-id=\"6d1a13a6\" data-element_type=\"container\" data-e-type=\"container\" data-settings=\"{&quot;animation&quot;:&quot;fadeInUp&quot;}\">\n\t\t<div class=\"elementor-element elementor-element-489cf828 e-con-full e-flex e-con e-child\" data-id=\"489cf828\" data-element_type=\"container\" data-e-type=\"container\">\n\t\t\t\t<div class=\"elementor-element elementor-element-2baea17a elementor-widget elementor-widget-shortcode\" data-id=\"2baea17a\" data-element_type=\"widget\" data-e-type=\"widget\" data-widget_type=\"shortcode.default\">\n\t\t\t\t<div class=\"elementor-widget-container\">\n\t\t\t\t\t\t\t<div class=\"elementor-shortcode\"><nav aria-label=\"breadcrumbs\">\n            <div class=\"breadcrumb-container theme1\">\n                <ol>\n                                    <\/ol>\n            <\/div>\n        <\/nav>    <script type=\"application\/ld+json\">\n        {\n            \"@context\": \"http:\/\/schema.org\",\n            \"@type\": \"BreadcrumbList\",\n            \"itemListElement\": [\n                            ]\n        }\n    <\/script>\n   \n    <script>\n            <\/script>\n<\/div>\n\t\t\t\t\t\t<\/div>\n\t\t\t\t<\/div>\n\t\t\t\t<\/div>\n\t\t\t\t<\/div>\n\t\t<div class=\"elementor-element elementor-element-6e14a108 e-con-full e-flex e-con e-parent\" data-id=\"6e14a108\" data-element_type=\"container\" data-e-type=\"container\">\n\t\t<div class=\"elementor-element elementor-element-10682e97 e-con-full e-flex elementor-invisible e-con e-child\" data-id=\"10682e97\" data-element_type=\"container\" data-e-type=\"container\" data-settings=\"{&quot;animation&quot;:&quot;fadeInUp&quot;}\">\n\t\t\t\t<div class=\"elementor-element elementor-element-3daf914e elementor-widget elementor-widget-icon-box\" data-id=\"3daf914e\" data-element_type=\"widget\" data-e-type=\"widget\" data-widget_type=\"icon-box.default\">\n\t\t\t\t<div class=\"elementor-widget-container\">\n\t\t\t\t\t\t\t<div class=\"elementor-icon-box-wrapper\">\n\n\t\t\t\n\t\t\t\t\t\t<div class=\"elementor-icon-box-content\">\n\n\t\t\t\t\t\t\t\t\t<h2 class=\"elementor-icon-box-title\">\n\t\t\t\t\t\t<span  >\n\t\t\t\t\t\t\tUne unit\u00e9 multisites ouverte \u00e0 l'international\t\t\t\t\t\t<\/span>\n\t\t\t\t\t<\/h2>\n\t\t\t\t\n\t\t\t\t\n\t\t\t<\/div>\n\t\t\t\n\t\t<\/div>\n\t\t\t\t\t\t<\/div>\n\t\t\t\t<\/div>\n\t\t\t\t<div class=\"elementor-element elementor-element-54c4859f elementor-widget elementor-widget-text-editor\" data-id=\"54c4859f\" data-element_type=\"widget\" data-e-type=\"widget\" data-widget_type=\"text-editor.default\">\n\t\t\t\t<div class=\"elementor-widget-container\">\n\t\t\t\t\t\t\t\t\t<p>l\u2019IMBE est install\u00e9 sur <strong>sept sites m\u00e9tropolitains g\u00e9ographiquement distincts sur trois villes<\/strong> ainsi que sur<strong> un site ultramarin et \u00e0 l&#8217;\u00e9tranger:<\/strong><\/p><ul><li>A Marseille, les locaux de l\u2019IMBE se situent sur quatre sites : Campus de l\u2019\u00c9toile &#8211; St-J\u00e9r\u00f4me, Station Marine d\u2019Endoume, Facult\u00e9s de M\u00e9decine et Facult\u00e9 de Pharmacie sur le campus Timone.<\/li><li>A Aix-en-Provence, l\u2019IMBE est implant\u00e9 \u00e0 la Technop\u00f4le de l\u2019Arbois.<\/li><li>A Avignon, l\u2019IMBE est implant\u00e9 sur le site d\u2019Agroparc, \u00e0 l\u2019UFR Sciences, Technologies, Sant\u00e9 et \u00e0 l\u2019IUT (Institut Universitaire de Technologie).<\/li><li>Aux Antilles, l&#8217;IMBE est implant\u00e9 sur le\u00a0 Campus agroenvironnemental Cara\u00efbes en Martinique.<\/li><li>En Afrique de l\u2019Ouest l&#8217;IMBE est pr\u00e9sent \u00e0 Dakar au S\u00e9n\u00e9gal.<\/li><\/ul><p>L&#8217;IMBE assure \u00e9galement la<strong> gestion de dispositif exp\u00e9rimentaux port\u00e9s par les p\u00f4les techniques comme la <\/strong><strong><a href=\"https:\/\/www.anaee-france.fr\/service\/experimentation-in-natura\/foret\/o3hp\/\" target=\"_blank\" rel=\"noopener\">plateforme O3HP<\/a> <\/strong>(Oak Observatory at Observatoire de Haute Provence (OHP))-Observation du ch\u00eane pubescent) et <strong>de nombreux chantiers \u00e0 l&#8217;international dont les principaux en Afrique du Nord, Au Vietnam et au Br\u00e9sil, port\u00e9s par les \u00e9quipes de recherche \u00e0 travers les projets et les collaborations.<\/strong><\/p>\t\t\t\t\t\t\t\t<\/div>\n\t\t\t\t<\/div>\n\t\t\t\t<\/div>\n\t\t\t\t<\/div>\n\t\t\t\t<\/div>\n\t\t","protected":false},"excerpt":{"rendered":"<p>Une unit\u00e9 multisites ouverte \u00e0 l&#8217;international l\u2019IMBE est install\u00e9 sur sept sites m\u00e9tropolitains g\u00e9ographiquement distincts sur trois villes ainsi que sur un site ultramarin et \u00e0 l&#8217;\u00e9tranger: A Marseille, les [&hellip;]<\/p>\n","protected":false},"author":1,"featured_media":0,"parent":46,"menu_order":0,"comment_status":"closed","ping_status":"closed","template":"","meta":{"_acf_changed":false,"footnotes":""},"class_list":["post-896","page","type-page","status-publish","hentry"],"acf":[],"_links":{"self":[{"href":"https:\/\/www.imbe.fr\/en\/wp-json\/wp\/v2\/pages\/896","targetHints":{"allow":["GET"]}}],"collection":[{"href":"https:\/\/www.imbe.fr\/en\/wp-json\/wp\/v2\/pages"}],"about":[{"href":"https:\/\/www.imbe.fr\/en\/wp-json\/wp\/v2\/types\/page"}],"author":[{"embeddable":true,"href":"https:\/\/www.imbe.fr\/en\/wp-json\/wp\/v2\/users\/1"}],"replies":[{"embeddable":true,"href":"https:\/\/www.imbe.fr\/en\/wp-json\/wp\/v2\/comments?post=896"}],"version-history":[{"count":38,"href":"https:\/\/www.imbe.fr\/en\/wp-json\/wp\/v2\/pages\/896\/revisions"}],"predecessor-version":[{"id":8934,"href":"https:\/\/www.imbe.fr\/en\/wp-json\/wp\/v2\/pages\/896\/revisions\/8934"}],"up":[{"embeddable":true,"href":"https:\/\/www.imbe.fr\/en\/wp-json\/wp\/v2\/pages\/46"}],"wp:attachment":[{"href":"https:\/\/www.imbe.fr\/en\/wp-json\/wp\/v2\/media?parent=896"}],"curies":[{"name":"wp","href":"https:\/\/api.w.org\/{rel}","templated":true}]}}