{"id":10266,"date":"2026-02-19T17:54:25","date_gmt":"2026-02-19T16:54:25","guid":{"rendered":"https:\/\/www.imbe.fr\/?page_id=10266"},"modified":"2026-04-17T10:29:40","modified_gmt":"2026-04-17T08:29:40","slug":"concours-photo-les-15-ans-de-limbe","status":"publish","type":"page","link":"https:\/\/www.imbe.fr\/fr\/concours-photo-les-15-ans-de-limbe\/","title":{"rendered":"Concours Photo, les 15 ans de l&#8217;IMBE"},"content":{"rendered":"\t\t<div data-elementor-type=\"wp-page\" data-elementor-id=\"10266\" class=\"elementor elementor-10266\" data-elementor-post-type=\"page\">\n\t\t\t\t<div class=\"elementor-element elementor-element-f30e5e0 e-con-full e-flex elementor-invisible e-con e-parent\" data-id=\"f30e5e0\" data-element_type=\"container\" data-e-type=\"container\" data-settings=\"{&quot;background_background&quot;:&quot;classic&quot;,&quot;animation&quot;:&quot;fadeIn&quot;}\">\n\t\t\t\t<\/div>\n\t\t<div class=\"elementor-element elementor-element-8fe46d1 e-flex e-con-boxed e-con e-parent\" data-id=\"8fe46d1\" data-element_type=\"container\" data-e-type=\"container\">\n\t\t\t\t\t<div class=\"e-con-inner\">\n\t\t\t\t\t<\/div>\n\t\t\t\t<\/div>\n\t\t<div class=\"elementor-element elementor-element-7fcdc74 e-flex e-con-boxed e-con e-parent\" data-id=\"7fcdc74\" data-element_type=\"container\" data-e-type=\"container\">\n\t\t\t\t\t<div class=\"e-con-inner\">\n\t\t\t\t<div class=\"elementor-element elementor-element-8fa4b60 elementor-widget__width-initial elementor-widget elementor-widget-text-editor\" data-id=\"8fa4b60\" data-element_type=\"widget\" data-e-type=\"widget\" data-widget_type=\"text-editor.default\">\n\t\t\t\t<div class=\"elementor-widget-container\">\n\t\t\t\t\t\t\t\t\t<h4 style=\"text-align: center;\"><img decoding=\"async\" class=\"wp-image-10837 alignleft\" src=\"https:\/\/www.imbe.fr\/wp-content\/uploads\/2026\/04\/logos-15-ans.jpg\" alt=\"\" width=\"67\" height=\"73\" srcset=\"https:\/\/www.imbe.fr\/wp-content\/uploads\/2026\/04\/logos-15-ans.jpg 375w, https:\/\/www.imbe.fr\/wp-content\/uploads\/2026\/04\/logos-15-ans-274x300.jpg 274w, https:\/\/www.imbe.fr\/wp-content\/uploads\/2026\/04\/logos-15-ans-11x12.jpg 11w\" sizes=\"(max-width: 67px) 100vw, 67px\" \/><\/h4><h3><strong style=\"color: inherit; font-family: inherit; font-size: 1.5rem; text-align: center;\"><span style=\"font-size: 16.0pt; line-height: 115%;\">15 Ans de l\u2019IMBE :\u00a0 au c\u0153ur du vivant<\/span><\/strong><\/h3><p class=\"MsoNormal\" style=\"text-align: justify;\">Quinze ans. Quinze ans que l&#8217;IMBE explore, d\u00e9crypte ou prot\u00e8ge le vivant sous toutes ses formes. Depuis 2012, nous accumulons des d\u00e9couvertes, des protocoles, des donn\u00e9es ; des carnets de terrain se remplissent, et nos paillasses ont d\u00e9bord\u00e9 d\u2019activit\u00e9s.<\/p><p class=\"MsoNormal\" style=\"text-align: justify;\">Pour c\u00e9l\u00e9brer cet anniversaire en 2027, nous vous proposons de poser un regard diff\u00e9rent sur ce qui nous unit. Non pas simplement pour documenter nos activit\u00e9s, mais pour en r\u00e9v\u00e9ler la po\u00e9sie, ou simplement la beaut\u00e9.\u00a0<\/p><p class=\"MsoNormal\" style=\"text-align: justify;\"><img fetchpriority=\"high\" decoding=\"async\" class=\"alignnone wp-image-10825 size-full\" src=\"https:\/\/www.imbe.fr\/wp-content\/uploads\/2026\/04\/intro-1.jpg\" alt=\"\" width=\"931\" height=\"446\" srcset=\"https:\/\/www.imbe.fr\/wp-content\/uploads\/2026\/04\/intro-1.jpg 931w, https:\/\/www.imbe.fr\/wp-content\/uploads\/2026\/04\/intro-1-300x144.jpg 300w, https:\/\/www.imbe.fr\/wp-content\/uploads\/2026\/04\/intro-1-768x368.jpg 768w, https:\/\/www.imbe.fr\/wp-content\/uploads\/2026\/04\/intro-1-18x9.jpg 18w\" sizes=\"(max-width: 931px) 100vw, 931px\" \/><\/p><p class=\"MsoNormal\" style=\"text-align: justify;\"><b><img decoding=\"async\" class=\"aligncenter wp-image-10826 size-full\" src=\"https:\/\/www.imbe.fr\/wp-content\/uploads\/2026\/04\/intro-2.jpg\" alt=\"\" width=\"2000\" height=\"1125\" srcset=\"https:\/\/www.imbe.fr\/wp-content\/uploads\/2026\/04\/intro-2.jpg 2000w, https:\/\/www.imbe.fr\/wp-content\/uploads\/2026\/04\/intro-2-300x169.jpg 300w, https:\/\/www.imbe.fr\/wp-content\/uploads\/2026\/04\/intro-2-1024x576.jpg 1024w, https:\/\/www.imbe.fr\/wp-content\/uploads\/2026\/04\/intro-2-768x432.jpg 768w, https:\/\/www.imbe.fr\/wp-content\/uploads\/2026\/04\/intro-2-1536x864.jpg 1536w, https:\/\/www.imbe.fr\/wp-content\/uploads\/2026\/04\/intro-2-18x10.jpg 18w, https:\/\/www.imbe.fr\/wp-content\/uploads\/2026\/04\/intro-2-1320x743.jpg 1320w\" sizes=\"(max-width: 2000px) 100vw, 2000px\" \/><\/b><\/p><p class=\"MsoNormal\" style=\"text-align: justify;\"><b>Bien plus qu\u2019un concours, un projet pour tous !\u00a0<\/b><span style=\"text-align: center;\">\u00c0 travers ce projet photographique, nous vous proposons d\u2019esquisser une m\u00e9moire sensible de notre laboratoire : un fonds iconographique qui t\u00e9moignerait de notre identit\u00e9 commune, mais \u00e9galement pour constituer le patrimoine visuel de notre institut pour les ann\u00e9es \u00e0 venir. <\/span><\/p><p class=\"MsoNormal\" style=\"text-align: justify;\"><span style=\"text-align: center;\">Enfin, tout simplement\u00a0: sortir la t\u00eate de nos tableurs et de nos protocoles pour capturer la po\u00e9sie d&#8217;un geste, la force d&#8217;un paysage ou la fragilit\u00e9 d&#8217;une esp\u00e8ce. Valoriser l&#8217;ombre et la lumi\u00e8re de nos m\u00e9tiers. Renforcer nos liens en partageant nos visions singuli\u00e8res.<\/span><\/p>\t\t\t\t\t\t\t\t<\/div>\n\t\t\t\t<\/div>\n\t\t\t\t<div class=\"elementor-element elementor-element-69d18e2 elementor-widget__width-initial elementor-widget elementor-widget-text-editor\" data-id=\"69d18e2\" data-element_type=\"widget\" data-e-type=\"widget\" data-widget_type=\"text-editor.default\">\n\t\t\t\t<div class=\"elementor-widget-container\">\n\t\t\t\t\t\t\t\t\t<h3 style=\"font-weight: 400;\"><b><strong>Trois horizons pour votre regard<\/strong><\/b><\/h3><p>Nous vous invitons \u00e0 explorer trois dimensions de notre quotidien au travers de 3 cat\u00e9gories, sans autre limite que celle de votre \u00e9motion (jusqu\u2019\u00e0 20 clich\u00e9s par th\u00e8me) :<\/p>\t\t\t\t\t\t\t\t<\/div>\n\t\t\t\t<\/div>\n\t\t<div class=\"elementor-element elementor-element-6272dc4 e-con-full e-flex e-con e-child\" data-id=\"6272dc4\" data-element_type=\"container\" data-e-type=\"container\">\n\t\t<a class=\"elementor-element elementor-element-42924ac e-con-full e-flex e-con e-child\" data-id=\"42924ac\" data-element_type=\"container\" data-e-type=\"container\" data-settings=\"{&quot;background_background&quot;:&quot;gradient&quot;}\" href=\"https:\/\/www.imbe.fr\/concours-la-biodiversite-en-images\/\">\n\t\t\t\t<div class=\"elementor-element elementor-element-903bd66 elementor-widget elementor-widget-heading\" data-id=\"903bd66\" data-element_type=\"widget\" data-e-type=\"widget\" data-widget_type=\"heading.default\">\n\t\t\t\t<div class=\"elementor-widget-container\">\n\t\t\t\t\t<h2 class=\"elementor-heading-title elementor-size-default\">La Biodiversit\u00e9 en Images<\/h2>\t\t\t\t<\/div>\n\t\t\t\t<\/div>\n\t\t\t\t<\/a>\n\t\t<a class=\"elementor-element elementor-element-5a92a62 e-con-full e-flex e-con e-child\" data-id=\"5a92a62\" data-element_type=\"container\" data-e-type=\"container\" data-settings=\"{&quot;background_background&quot;:&quot;gradient&quot;}\" href=\"https:\/\/www.imbe.fr\/concours-terrains-et-expeditions\/\">\n\t\t\t\t<div class=\"elementor-element elementor-element-21262ce elementor-widget elementor-widget-heading\" data-id=\"21262ce\" data-element_type=\"widget\" data-e-type=\"widget\" data-widget_type=\"heading.default\">\n\t\t\t\t<div class=\"elementor-widget-container\">\n\t\t\t\t\t<h2 class=\"elementor-heading-title elementor-size-default\">Terrains et Exp\u00e9ditions\n\n<\/h2>\t\t\t\t<\/div>\n\t\t\t\t<\/div>\n\t\t\t\t<\/a>\n\t\t<a class=\"elementor-element elementor-element-599df9f e-con-full e-flex e-con e-child\" data-id=\"599df9f\" data-element_type=\"container\" data-e-type=\"container\" data-settings=\"{&quot;background_background&quot;:&quot;gradient&quot;}\" href=\"https:\/\/www.imbe.fr\/concours-vie-des-labos-et-metiers-de-notre-institut\/\">\n\t\t\t\t<div class=\"elementor-element elementor-element-64b5fea elementor-widget elementor-widget-heading\" data-id=\"64b5fea\" data-element_type=\"widget\" data-e-type=\"widget\" data-widget_type=\"heading.default\">\n\t\t\t\t<div class=\"elementor-widget-container\">\n\t\t\t\t\t<h2 class=\"elementor-heading-title elementor-size-default\">Vie des Labos et M\u00e9tiers de notre Institut<\/h2>\t\t\t\t<\/div>\n\t\t\t\t<\/div>\n\t\t\t\t<\/a>\n\t\t\t\t<\/div>\n\t\t<div class=\"elementor-element elementor-element-f104862 e-con-full e-flex e-con e-child\" data-id=\"f104862\" data-element_type=\"container\" data-e-type=\"container\">\n\t\t\t\t<div class=\"elementor-element elementor-element-5da2401 elementor-widget elementor-widget-text-editor\" data-id=\"5da2401\" data-element_type=\"widget\" data-e-type=\"widget\" data-widget_type=\"text-editor.default\">\n\t\t\t\t<div class=\"elementor-widget-container\">\n\t\t\t\t\t\t\t\t\t<p><strong>L&#8217;alt\u00e9rit\u00e9 du vivant.<\/strong>\u00a0Du microscope au t\u00e9l\u00e9objectif, montrons la faune, la flore et les \u00e9cosyst\u00e8mes que nous \u00e9tudions avec passion. Tissus ou organismes dans leurs milieux, vos clich\u00e9s c\u00e9l\u00e8brent toutes les facettes du vivant.<\/p><p><strong>L&#8217;aventure IMBE hors les murs.<\/strong>\u00a0Capturons l\u2019esprit de nos exp\u00e9ditions et missions, l\u2019effort, la solidarit\u00e9, le go\u00fbt de l&#8217;aventure et notre \u00e9merveillement au milieu des paysages et des \u00e9cosyst\u00e8mes que nous arpentons.\u00a0<\/p><p><strong>L\u2019humain et l\u2019expertise. L\u2019intimit\u00e9 du geste.\u00a0<\/strong>Rendons hommage \u00e0 la vie de nos laboratoires. La lumi\u00e8re d\u2019une salle de culture, la concentration d\u2019une manipulation, la beaut\u00e9 d\u2019un instrument ou la passion d\u2019un \u00e9change entre coll\u00e8gues.<\/p>\t\t\t\t\t\t\t\t<\/div>\n\t\t\t\t<\/div>\n\t\t\t\t<\/div>\n\t\t\t\t<div class=\"elementor-element elementor-element-f75a145 elementor-widget__width-inherit elementor-widget elementor-widget-image\" data-id=\"f75a145\" data-element_type=\"widget\" data-e-type=\"widget\" data-widget_type=\"image.default\">\n\t\t\t\t<div class=\"elementor-widget-container\">\n\t\t\t\t\t\t\t\t\t\t\t\t\t\t\t<img loading=\"lazy\" decoding=\"async\" width=\"2048\" height=\"224\" src=\"https:\/\/www.imbe.fr\/wp-content\/uploads\/2026\/04\/Sans-titre-2-scaled.jpg\" class=\"attachment-full size-full wp-image-10804\" alt=\"\" srcset=\"https:\/\/www.imbe.fr\/wp-content\/uploads\/2026\/04\/Sans-titre-2-scaled.jpg 2048w, https:\/\/www.imbe.fr\/wp-content\/uploads\/2026\/04\/Sans-titre-2-300x33.jpg 300w, https:\/\/www.imbe.fr\/wp-content\/uploads\/2026\/04\/Sans-titre-2-1024x112.jpg 1024w, https:\/\/www.imbe.fr\/wp-content\/uploads\/2026\/04\/Sans-titre-2-768x84.jpg 768w, https:\/\/www.imbe.fr\/wp-content\/uploads\/2026\/04\/Sans-titre-2-1536x168.jpg 1536w, https:\/\/www.imbe.fr\/wp-content\/uploads\/2026\/04\/Sans-titre-2-18x2.jpg 18w, https:\/\/www.imbe.fr\/wp-content\/uploads\/2026\/04\/Sans-titre-2-1320x144.jpg 1320w\" sizes=\"(max-width: 2048px) 100vw, 2048px\" \/>\t\t\t\t\t\t\t\t\t\t\t\t\t\t\t<\/div>\n\t\t\t\t<\/div>\n\t\t<div class=\"elementor-element elementor-element-0eb5fb3 e-con-full e-flex e-con e-child\" data-id=\"0eb5fb3\" data-element_type=\"container\" data-e-type=\"container\">\n\t\t\t\t<div class=\"elementor-element elementor-element-be63005 elementor-widget__width-initial elementor-widget elementor-widget-text-editor\" data-id=\"be63005\" data-element_type=\"widget\" data-e-type=\"widget\" data-widget_type=\"text-editor.default\">\n\t\t\t\t<div class=\"elementor-widget-container\">\n\t\t\t\t\t\t\t\t\t<p><strong>Le Jury\u2026nous<\/strong><br \/><br \/>Ce concours est une \u0153uvre collective o\u00f9 <strong>chaque membre de l\u2019Institut devient acteur<\/strong>. Le processus d\u00e9butera par un vote interne : nous choisirons ensemble les photos qui nous touchent, nous font rire ou nous impressionnent. Loin de la performance technique, nous chercherons avant tout la justesse du t\u00e9moignage.<br \/><br \/><strong><em>Une valorisation \u00e0 tous les horizons<\/em><\/strong><br \/><br \/>Les meilleures photographies, pl\u00e9biscit\u00e9es par vos soins, auront vocation \u00e0 voyager : elles formeront <strong>une exposition itin\u00e9rante<\/strong>, tandis que des <strong>expositions permanentes<\/strong> transformeront nos propres lieux de vie et de travail.\u00a0Enfin, parce que chaque regard\u00a0compte, l\u2019ensemble des contributions sera pr\u00e9serv\u00e9 au sein d\u2019un fonds\u00a0iconographique unique. Ce patrimoine visuel nous permettra de valoriser notre\u00a0identit\u00e9 et de nourrir, pour longtemps, le r\u00e9cit de notre laboratoire sous\u00a0diff\u00e9rents formats (<strong>livres<\/strong> et <strong>galerie num\u00e9rique<\/strong>).<\/p>\t\t\t\t\t\t\t\t<\/div>\n\t\t\t\t<\/div>\n\t\t\t\t<\/div>\n\t\t\t\t\t<\/div>\n\t\t\t\t<\/div>\n\t\t<div class=\"elementor-element elementor-element-af468ec e-flex e-con-boxed e-con e-parent\" data-id=\"af468ec\" data-element_type=\"container\" data-e-type=\"container\">\n\t\t\t\t\t<div class=\"e-con-inner\">\n\t\t\t\t<div class=\"elementor-element elementor-element-834e2bb elementor-widget elementor-widget-text-editor\" data-id=\"834e2bb\" data-element_type=\"widget\" data-e-type=\"widget\" data-widget_type=\"text-editor.default\">\n\t\t\t\t<div class=\"elementor-widget-container\">\n\t\t\t\t\t\t\t\t\t<p style=\"text-align: center;\">Plus d&#8217;infos dans <a href=\"https:\/\/www.imbe.fr\/wp-content\/uploads\/2026\/04\/reglement-concours-photo.pdf\">R\u00e8glement et infos pratiques du concours photo<\/a><\/p>\t\t\t\t\t\t\t\t<\/div>\n\t\t\t\t<\/div>\n\t\t\t\t\t<\/div>\n\t\t\t\t<\/div>\n\t\t\t\t<\/div>\n\t\t","protected":false},"excerpt":{"rendered":"<p>15 Ans de l\u2019IMBE :\u00a0 au c\u0153ur du vivant Quinze ans. Quinze ans que l&#8217;IMBE explore, d\u00e9crypte ou prot\u00e8ge le vivant sous toutes ses formes. Depuis 2012, nous accumulons des [&hellip;]<\/p>\n","protected":false},"author":1,"featured_media":0,"parent":0,"menu_order":0,"comment_status":"closed","ping_status":"closed","template":"","meta":{"_acf_changed":false,"footnotes":""},"class_list":["post-10266","page","type-page","status-publish","hentry"],"acf":[],"_links":{"self":[{"href":"https:\/\/www.imbe.fr\/fr\/wp-json\/wp\/v2\/pages\/10266","targetHints":{"allow":["GET"]}}],"collection":[{"href":"https:\/\/www.imbe.fr\/fr\/wp-json\/wp\/v2\/pages"}],"about":[{"href":"https:\/\/www.imbe.fr\/fr\/wp-json\/wp\/v2\/types\/page"}],"author":[{"embeddable":true,"href":"https:\/\/www.imbe.fr\/fr\/wp-json\/wp\/v2\/users\/1"}],"replies":[{"embeddable":true,"href":"https:\/\/www.imbe.fr\/fr\/wp-json\/wp\/v2\/comments?post=10266"}],"version-history":[{"count":71,"href":"https:\/\/www.imbe.fr\/fr\/wp-json\/wp\/v2\/pages\/10266\/revisions"}],"predecessor-version":[{"id":11066,"href":"https:\/\/www.imbe.fr\/fr\/wp-json\/wp\/v2\/pages\/10266\/revisions\/11066"}],"wp:attachment":[{"href":"https:\/\/www.imbe.fr\/fr\/wp-json\/wp\/v2\/media?parent=10266"}],"curies":[{"name":"wp","href":"https:\/\/api.w.org\/{rel}","templated":true}]}}