{"id":10556,"date":"2026-03-19T15:36:35","date_gmt":"2026-03-19T14:36:35","guid":{"rendered":"https:\/\/www.imbe.fr\/?page_id=10556"},"modified":"2026-04-16T16:47:12","modified_gmt":"2026-04-16T14:47:12","slug":"concours-vie-des-labos-et-metiers-de-notre-institut","status":"publish","type":"page","link":"https:\/\/www.imbe.fr\/fr\/concours-vie-des-labos-et-metiers-de-notre-institut\/","title":{"rendered":"Concours Vie des Labos et M\u00e9tiers de notre Institut"},"content":{"rendered":"\t\t<div data-elementor-type=\"wp-page\" data-elementor-id=\"10556\" class=\"elementor elementor-10556\" data-elementor-post-type=\"page\">\n\t\t\t\t<div class=\"elementor-element elementor-element-7a16ef4d e-con-full e-flex elementor-invisible e-con e-parent\" data-id=\"7a16ef4d\" data-element_type=\"container\" data-e-type=\"container\" data-settings=\"{&quot;background_background&quot;:&quot;classic&quot;,&quot;animation&quot;:&quot;fadeIn&quot;}\">\n\t\t\t\t<\/div>\n\t\t<div class=\"elementor-element elementor-element-461d9295 e-con-full breadcrumb e-flex elementor-invisible e-con e-parent\" data-id=\"461d9295\" data-element_type=\"container\" data-e-type=\"container\" data-settings=\"{&quot;animation&quot;:&quot;fadeInUp&quot;}\">\n\t\t<div class=\"elementor-element elementor-element-6ef95f3d e-con-full e-flex e-con e-child\" data-id=\"6ef95f3d\" data-element_type=\"container\" data-e-type=\"container\">\n\t\t\t\t<div class=\"elementor-element elementor-element-452809b4 elementor-widget elementor-widget-shortcode\" data-id=\"452809b4\" data-element_type=\"widget\" data-e-type=\"widget\" data-widget_type=\"shortcode.default\">\n\t\t\t\t<div class=\"elementor-widget-container\">\n\t\t\t\t\t\t\t<div class=\"elementor-shortcode\"><nav aria-label=\"breadcrumbs\">\n            <div class=\"breadcrumb-container theme1\">\n                <ol>\n                                    <\/ol>\n            <\/div>\n        <\/nav>    <script type=\"application\/ld+json\">\n        {\n            \"@context\": \"http:\/\/schema.org\",\n            \"@type\": \"BreadcrumbList\",\n            \"itemListElement\": [\n                            ]\n        }\n    <\/script>\n   \n    <script>\n            <\/script>\n<\/div>\n\t\t\t\t\t\t<\/div>\n\t\t\t\t<\/div>\n\t\t\t\t<\/div>\n\t\t\t\t<\/div>\n\t\t<div class=\"elementor-element elementor-element-da65271 e-flex e-con-boxed e-con e-parent\" data-id=\"da65271\" data-element_type=\"container\" data-e-type=\"container\">\n\t\t\t\t\t<div class=\"e-con-inner\">\n\t\t\t\t<div class=\"elementor-element elementor-element-565fe9f elementor-widget elementor-widget-text-editor\" data-id=\"565fe9f\" data-element_type=\"widget\" data-e-type=\"widget\" data-widget_type=\"text-editor.default\">\n\t\t\t\t<div class=\"elementor-widget-container\">\n\t\t\t\t\t\t\t\t\t<p style=\"text-align: center;\"><img fetchpriority=\"high\" decoding=\"async\" class=\"alignnone wp-image-11021 size-large\" src=\"https:\/\/www.imbe.fr\/wp-content\/uploads\/2026\/04\/Sans-titre-2-1-1024x343.jpg\" alt=\"\" width=\"800\" height=\"268\" srcset=\"https:\/\/www.imbe.fr\/wp-content\/uploads\/2026\/04\/Sans-titre-2-1-1024x343.jpg 1024w, https:\/\/www.imbe.fr\/wp-content\/uploads\/2026\/04\/Sans-titre-2-1-300x100.jpg 300w, https:\/\/www.imbe.fr\/wp-content\/uploads\/2026\/04\/Sans-titre-2-1-768x257.jpg 768w, https:\/\/www.imbe.fr\/wp-content\/uploads\/2026\/04\/Sans-titre-2-1-1536x515.jpg 1536w, https:\/\/www.imbe.fr\/wp-content\/uploads\/2026\/04\/Sans-titre-2-1-18x6.jpg 18w, https:\/\/www.imbe.fr\/wp-content\/uploads\/2026\/04\/Sans-titre-2-1-1320x442.jpg 1320w, https:\/\/www.imbe.fr\/wp-content\/uploads\/2026\/04\/Sans-titre-2-1.jpg 1624w\" sizes=\"(max-width: 800px) 100vw, 800px\" \/><\/p><p>Cette cat\u00e9gorie fait la part belle \u00e0 nos manips de labos, nos \u00e9quipements et structures qui contribuent au quotidien \u00e0 nos \u00e9tudes, mais \u00e9galement \u00e0 tous les acteurs de ces \u00e9tudes, depuis les scientifiques jusqu\u2019aux personnels administratifs. Pour des portraits, des gestes quotidiens, des instruments\u2026\u00e0 vos inspirations!<\/p><p><a href=\"https:\/\/www.resizepixel.com\/fr\" target=\"_blank\" rel=\"noopener\">Comment redimensionner ma photo<\/a><\/p>\t\t\t\t\t\t\t\t<\/div>\n\t\t\t\t<\/div>\n\t\t\t\t\t<\/div>\n\t\t\t\t<\/div>\n\t\t<div class=\"elementor-element elementor-element-656951f4 e-con-full e-flex e-con e-parent\" data-id=\"656951f4\" data-element_type=\"container\" data-e-type=\"container\">\n\t\t\t\t<div class=\"elementor-element elementor-element-89a00d9 elementor-widget elementor-widget-shortcode\" data-id=\"89a00d9\" data-element_type=\"widget\" data-e-type=\"widget\" data-widget_type=\"shortcode.default\">\n\t\t\t\t<div class=\"elementor-widget-container\">\n\t\t\t\t\t\t\t<div class=\"elementor-shortcode\"><div id=\"totalcontest\" class=\"totalcontest-wrapper totalcontest-uid-89216a2acdb2da808af2f4bf7317a4a2 is-ltr\" totalcontest=\"10557\" totalcontest-submission-id=\"\" totalcontest-uid=\"89216a2acdb2da808af2f4bf7317a4a2\" totalcontest-screen=\"contest.landing\" totalcontest-ajax-url=\"https:\/\/www.imbe.fr\/wp-admin\/admin-ajax.php?action=totalcontest&#038;totalcontest%5BcontestId%5D=10557&#038;totalcontest%5Baction%5D=landing&#038;totalcontest%5Bcontext%5D=page&#038;totalcontest%5Bmenu%5D=1\"><script type=\"text\/totalcontest-config\" totalcontest-config=\"10557\">{\"ajaxEndpoint\":\"https:\/\/www.imbe.fr\/wp-admin\/admin-ajax.php?action=totalcontest\",\"behaviours\":{\"ajax\":true,\"scrollUp\":true,\"modal\":true,\"async\":true},\"effects\":{\"transition\":\"fade\",\"duration\":\"500\"}}<\/script><link rel=\"stylesheet\" id=\"totalcontest-contest-89216a2acdb2da808af2f4bf7317a4a2-css\"  href=\"https:\/\/www.imbe.fr\/wp-content\/cache\/totalcontest\/css\/89216a2acdb2da808af2f4bf7317a4a2.css\" type=\"text\/css\" media=\"all\" \/><div id=\"totalcontest-contest-10557\" class=\"totalcontest-container\"><div class=\"totalcontest-header\">\n\t<div class=\"totalcontest-menu totalcontest-desktop-menu\" totalcontest-mobile-scrollable>\n\t        <a class=\"totalcontest-menu-item totalcontest-menu-item-active\" href=\"https:\/\/www.imbe.fr\/fr\/wp-json\/totalcontest\/v2\/contest\/10557\/?cid=10557&#038;cac=landing&#038;ctx=page&#038;cm=1\" totalcontest-ajax-url=\"https:\/\/www.imbe.fr\/wp-admin\/admin-ajax.php?action=totalcontest&#038;totalcontest%5BcontestId%5D=10557&#038;totalcontest%5Baction%5D=landing&#038;totalcontest%5Bcontext%5D=page&#038;totalcontest%5Bmenu%5D=1\">Vie et M\u00e9tiers de nos Labos<\/a>\n\t        <a class=\"totalcontest-menu-item \" href=\"https:\/\/www.imbe.fr\/fr\/wp-json\/totalcontest\/v2\/contest\/10557\/?cid=10557&#038;cac=participate&#038;ctx=page&#038;cm=1\" totalcontest-ajax-url=\"https:\/\/www.imbe.fr\/wp-admin\/admin-ajax.php?action=totalcontest&#038;totalcontest%5BcontestId%5D=10557&#038;totalcontest%5Baction%5D=participate&#038;totalcontest%5Bcontext%5D=page&#038;totalcontest%5Bmenu%5D=1\">Participez<\/a>\n\t        <a class=\"totalcontest-menu-item \" href=\"https:\/\/www.imbe.fr\/fr\/wp-json\/totalcontest\/v2\/contest\/10557\/?cid=10557&#038;cac=submissions&#038;ctx=page&#038;cm=1\" totalcontest-ajax-url=\"https:\/\/www.imbe.fr\/wp-admin\/admin-ajax.php?action=totalcontest&#038;totalcontest%5BcontestId%5D=10557&#038;totalcontest%5Baction%5D=submissions&#038;totalcontest%5Bcontext%5D=page&#038;totalcontest%5Bmenu%5D=1&#038;totalcontest%5BsortDirection%5D=desc&#038;totalcontest%5BsortBy%5D=date&#038;totalcontest%5Bpage%5D=1\">Galerie<\/a>\n\t<\/div>\n\n\n\n<select class=\"totalcontest-menu totalcontest-mobile-menu\" totalcontest-mobile-scrollable>\n\t      <option class=\"totalcontest-menu-item\n                totalcontest-menu-item-active\"\n              value=\"https:\/\/www.imbe.fr\/fr\/wp-json\/totalcontest\/v2\/contest\/10557\/?cid=10557&#038;cac=landing&#038;ctx=page&#038;cm=1\"\n              totalcontest-ajax-url=\"https:\/\/www.imbe.fr\/wp-admin\/admin-ajax.php?action=totalcontest&#038;totalcontest%5BcontestId%5D=10557&#038;totalcontest%5Baction%5D=landing&#038;totalcontest%5Bcontext%5D=page&#038;totalcontest%5Bmenu%5D=1\"\n\t\t\t\tselected      >\n\t\t\t\tVie et M\u00e9tiers de nos Labos      <\/option>\n\t      <option class=\"totalcontest-menu-item\n                \"\n              value=\"https:\/\/www.imbe.fr\/fr\/wp-json\/totalcontest\/v2\/contest\/10557\/?cid=10557&#038;cac=participate&#038;ctx=page&#038;cm=1\"\n              totalcontest-ajax-url=\"https:\/\/www.imbe.fr\/wp-admin\/admin-ajax.php?action=totalcontest&#038;totalcontest%5BcontestId%5D=10557&#038;totalcontest%5Baction%5D=participate&#038;totalcontest%5Bcontext%5D=page&#038;totalcontest%5Bmenu%5D=1\"\n\t\t\t\t      >\n\t\t\t\tParticipez      <\/option>\n\t      <option class=\"totalcontest-menu-item\n                \"\n              value=\"https:\/\/www.imbe.fr\/fr\/wp-json\/totalcontest\/v2\/contest\/10557\/?cid=10557&#038;cac=submissions&#038;ctx=page&#038;cm=1\"\n              totalcontest-ajax-url=\"https:\/\/www.imbe.fr\/wp-admin\/admin-ajax.php?action=totalcontest&#038;totalcontest%5BcontestId%5D=10557&#038;totalcontest%5Baction%5D=submissions&#038;totalcontest%5Bcontext%5D=page&#038;totalcontest%5Bmenu%5D=1&#038;totalcontest%5BsortDirection%5D=desc&#038;totalcontest%5BsortBy%5D=date&#038;totalcontest%5Bpage%5D=1\"\n\t\t\t\t      >\n\t\t\t\tGalerie      <\/option>\n\t<\/select>\n<\/div>\n<div class=\"totalcontest-body\">\n\n<div class=\"totalcontest-page-content totalcontest-page-content-landing\">\n\t<p>Derri\u00e8re chaque donn\u00e9e se cachent des femmes, des hommes et une multitude de gestes de pr\u00e9cision. Cette cat\u00e9gorie met \u00e0 l'honneur le quotidien de l\u2019IMBE, de la paillasse au bureau, de la salle de tri au microscope.<br \/>\nL\u2019objectif est de capturer l'expertise, la concentration et la vie qui animent nos couloirs et nos plateaux techniques. Une main qui pipette, un tri minutieux d'\u00e9chantillons, la concentration de participants \u00e0 une r\u00e9union, le partage et la transmission. L'authenticit\u00e9 du travail de recherche au quotidien.<\/p>\n<\/div>\n\n<\/div>\n<div class=\"totalcontest-footer\">\n\t<\/div>\n<\/div><\/div><\/div>\n\t\t\t\t\t\t<\/div>\n\t\t\t\t<\/div>\n\t\t\t\t<\/div>\n\t\t\t\t<\/div>\n\t\t","protected":false},"excerpt":{"rendered":"<p>Cette cat\u00e9gorie fait la part belle \u00e0 nos manips de labos, nos \u00e9quipements et structures qui contribuent au quotidien \u00e0 nos \u00e9tudes, mais \u00e9galement \u00e0 tous les acteurs de ces [&hellip;]<\/p>\n","protected":false},"author":1,"featured_media":0,"parent":0,"menu_order":0,"comment_status":"closed","ping_status":"closed","template":"","meta":{"_acf_changed":false,"footnotes":""},"class_list":["post-10556","page","type-page","status-publish","hentry"],"acf":[],"_links":{"self":[{"href":"https:\/\/www.imbe.fr\/fr\/wp-json\/wp\/v2\/pages\/10556","targetHints":{"allow":["GET"]}}],"collection":[{"href":"https:\/\/www.imbe.fr\/fr\/wp-json\/wp\/v2\/pages"}],"about":[{"href":"https:\/\/www.imbe.fr\/fr\/wp-json\/wp\/v2\/types\/page"}],"author":[{"embeddable":true,"href":"https:\/\/www.imbe.fr\/fr\/wp-json\/wp\/v2\/users\/1"}],"replies":[{"embeddable":true,"href":"https:\/\/www.imbe.fr\/fr\/wp-json\/wp\/v2\/comments?post=10556"}],"version-history":[{"count":20,"href":"https:\/\/www.imbe.fr\/fr\/wp-json\/wp\/v2\/pages\/10556\/revisions"}],"predecessor-version":[{"id":11025,"href":"https:\/\/www.imbe.fr\/fr\/wp-json\/wp\/v2\/pages\/10556\/revisions\/11025"}],"wp:attachment":[{"href":"https:\/\/www.imbe.fr\/fr\/wp-json\/wp\/v2\/media?parent=10556"}],"curies":[{"name":"wp","href":"https:\/\/api.w.org\/{rel}","templated":true}]}}