{"id":2332,"date":"2024-05-22T09:49:00","date_gmt":"2024-05-22T07:49:00","guid":{"rendered":"https:\/\/dev.imbe.fr\/?page_id=2332"},"modified":"2025-01-23T13:33:35","modified_gmt":"2025-01-23T12:33:35","slug":"thematiques","status":"publish","type":"page","link":"https:\/\/www.imbe.fr\/fr\/recherche\/thematiques\/","title":{"rendered":"Th\u00e9matiques"},"content":{"rendered":"\t\t<div data-elementor-type=\"wp-page\" data-elementor-id=\"2332\" class=\"elementor elementor-2332\" data-elementor-post-type=\"page\">\n\t\t\t\t<div class=\"elementor-element elementor-element-6d2ccf05 e-con-full e-flex elementor-invisible e-con e-parent\" data-id=\"6d2ccf05\" data-element_type=\"container\" data-e-type=\"container\" data-settings=\"{&quot;background_background&quot;:&quot;classic&quot;,&quot;animation&quot;:&quot;fadeIn&quot;}\">\n\t\t\t\t<\/div>\n\t\t<div class=\"elementor-element elementor-element-4e88801e e-con-full breadcrumb e-flex elementor-invisible e-con e-parent\" data-id=\"4e88801e\" data-element_type=\"container\" data-e-type=\"container\" data-settings=\"{&quot;animation&quot;:&quot;fadeInUp&quot;}\">\n\t\t<div class=\"elementor-element elementor-element-1781c00c e-con-full e-flex e-con e-child\" data-id=\"1781c00c\" data-element_type=\"container\" data-e-type=\"container\">\n\t\t\t\t<div class=\"elementor-element elementor-element-fbe476 elementor-widget elementor-widget-shortcode\" data-id=\"fbe476\" data-element_type=\"widget\" data-e-type=\"widget\" data-widget_type=\"shortcode.default\">\n\t\t\t\t<div class=\"elementor-widget-container\">\n\t\t\t\t\t\t\t<div class=\"elementor-shortcode\"><nav aria-label=\"breadcrumbs\">\n            <div class=\"breadcrumb-container theme1\">\n                <ol>\n                                    <\/ol>\n            <\/div>\n        <\/nav>    <script type=\"application\/ld+json\">\n        {\n            \"@context\": \"http:\/\/schema.org\",\n            \"@type\": \"BreadcrumbList\",\n            \"itemListElement\": [\n                            ]\n        }\n    <\/script>\n   \n    <script>\n            <\/script>\n<\/div>\n\t\t\t\t\t\t<\/div>\n\t\t\t\t<\/div>\n\t\t\t\t<\/div>\n\t\t\t\t<\/div>\n\t\t<div class=\"elementor-element elementor-element-21dc98f6 e-con-full e-flex e-con e-parent\" data-id=\"21dc98f6\" data-element_type=\"container\" data-e-type=\"container\">\n\t\t<div class=\"elementor-element elementor-element-3183450b e-con-full e-flex elementor-invisible e-con e-child\" data-id=\"3183450b\" data-element_type=\"container\" data-e-type=\"container\" data-settings=\"{&quot;animation&quot;:&quot;fadeInUp&quot;}\">\n\t\t\t\t<div class=\"elementor-element elementor-element-7aedbdf6 elementor-widget elementor-widget-icon-box\" data-id=\"7aedbdf6\" data-element_type=\"widget\" data-e-type=\"widget\" data-widget_type=\"icon-box.default\">\n\t\t\t\t<div class=\"elementor-widget-container\">\n\t\t\t\t\t\t\t<div class=\"elementor-icon-box-wrapper\">\n\n\t\t\t\n\t\t\t\t\t\t<div class=\"elementor-icon-box-content\">\n\n\t\t\t\t\t\t\t\t\t<h2 class=\"elementor-icon-box-title\">\n\t\t\t\t\t\t<span  >\n\t\t\t\t\t\t\tUne organisation structurelle autour de 5 axes th\u00e9matiques\t\t\t\t\t\t<\/span>\n\t\t\t\t\t<\/h2>\n\t\t\t\t\n\t\t\t\t\n\t\t\t<\/div>\n\t\t\t\n\t\t<\/div>\n\t\t\t\t\t\t<\/div>\n\t\t\t\t<\/div>\n\t\t\t\t<div class=\"elementor-element elementor-element-6a022665 elementor-widget elementor-widget-text-editor\" data-id=\"6a022665\" data-element_type=\"widget\" data-e-type=\"widget\" data-widget_type=\"text-editor.default\">\n\t\t\t\t<div class=\"elementor-widget-container\">\n\t\t\t\t\t\t\t\t\t<p>L\u2019IMBE est une unit\u00e9 de recherche d\u00e9veloppant une approche int\u00e9grative et interdisciplinaire autour des probl\u00e9matiques de la Biodiversit\u00e9 et de l\u2019\u00c9cologie. <strong>Les grandes questions scientifiques \u00e9tudi\u00e9es par l\u2019IMBE sont structur\u00e9es autour de 5 axes th\u00e9matiques<\/strong> :<\/p><ul><li><a href=\"https:\/\/www.imbe.fr\/fr\/recherche\/thematiques\/biodiversite\/\"><strong>Biodiversit\u00e9<\/strong> <\/a>(d\u00e9crire la biodiversit\u00e9 et caract\u00e9riser son organisation).<\/li><li><a href=\"https:\/\/www.imbe.fr\/fr\/recherche\/thematiques\/ecosystemes\/\"><strong>Ecosyst\u00e8mes<\/strong><\/a> (comprendre le fonctionnement des syst\u00e8mes \u00e9cologiques et caract\u00e9riser leurs dynamiques spatiales et temporelles).<\/li><li><a href=\"https:\/\/www.imbe.fr\/fr\/recherche\/thematiques\/changements-globaux\/\"><strong>Changement global <\/strong><\/a>(\u00e9valuer les effets des changements globaux sur les syst\u00e8mes biologiques et \u00e9cologiques).\u00a0<\/li><li><a href=\"https:\/\/www.imbe.fr\/fr\/recherche\/sante-unique\/\"><strong>Sant\u00e9 unique <\/strong><\/a>(comprendre les relations entre biodiversit\u00e9, fonctionnement des \u00e9cosyst\u00e8mes, changements globaux et sant\u00e9 humaine).<\/li><li><a href=\"https:\/\/www.imbe.fr\/fr\/recherche\/thematiques\/coviabilite-socio-ecologique\/\"><strong>Coviabilit\u00e9 socio-\u00e9cologique<\/strong><\/a> (d\u00e9velopper des solutions bas\u00e9es sur la nature pour une coviabilit\u00e9 socio\u00e9cologique).<\/li><\/ul>\t\t\t\t\t\t\t\t<\/div>\n\t\t\t\t<\/div>\n\t\t\t\t<\/div>\n\t\t\t\t<\/div>\n\t\t\t\t<\/div>\n\t\t","protected":false},"excerpt":{"rendered":"<p>Une organisation structurelle autour de 5 axes th\u00e9matiques L\u2019IMBE est une unit\u00e9 de recherche d\u00e9veloppant une approche int\u00e9grative et interdisciplinaire autour des probl\u00e9matiques de la Biodiversit\u00e9 et de l\u2019\u00c9cologie. Les [&hellip;]<\/p>\n","protected":false},"author":1,"featured_media":0,"parent":50,"menu_order":0,"comment_status":"closed","ping_status":"closed","template":"","meta":{"_acf_changed":false,"footnotes":""},"class_list":["post-2332","page","type-page","status-publish","hentry"],"acf":[],"_links":{"self":[{"href":"https:\/\/www.imbe.fr\/fr\/wp-json\/wp\/v2\/pages\/2332","targetHints":{"allow":["GET"]}}],"collection":[{"href":"https:\/\/www.imbe.fr\/fr\/wp-json\/wp\/v2\/pages"}],"about":[{"href":"https:\/\/www.imbe.fr\/fr\/wp-json\/wp\/v2\/types\/page"}],"author":[{"embeddable":true,"href":"https:\/\/www.imbe.fr\/fr\/wp-json\/wp\/v2\/users\/1"}],"replies":[{"embeddable":true,"href":"https:\/\/www.imbe.fr\/fr\/wp-json\/wp\/v2\/comments?post=2332"}],"version-history":[{"count":19,"href":"https:\/\/www.imbe.fr\/fr\/wp-json\/wp\/v2\/pages\/2332\/revisions"}],"predecessor-version":[{"id":8241,"href":"https:\/\/www.imbe.fr\/fr\/wp-json\/wp\/v2\/pages\/2332\/revisions\/8241"}],"up":[{"embeddable":true,"href":"https:\/\/www.imbe.fr\/fr\/wp-json\/wp\/v2\/pages\/50"}],"wp:attachment":[{"href":"https:\/\/www.imbe.fr\/fr\/wp-json\/wp\/v2\/media?parent=2332"}],"curies":[{"name":"wp","href":"https:\/\/api.w.org\/{rel}","templated":true}]}}