{"id":3397,"date":"2024-06-21T14:05:46","date_gmt":"2024-06-21T12:05:46","guid":{"rendered":"https:\/\/dev.imbe.fr\/?page_id=3397"},"modified":"2024-10-10T11:01:32","modified_gmt":"2024-10-10T09:01:32","slug":"formation-but","status":"publish","type":"page","link":"https:\/\/www.imbe.fr\/fr\/formation\/enseignement-et-formations\/formation-but\/","title":{"rendered":"BUT"},"content":{"rendered":"\t\t<div data-elementor-type=\"wp-page\" data-elementor-id=\"3397\" class=\"elementor elementor-3397\" data-elementor-post-type=\"page\">\n\t\t\t\t<div class=\"elementor-element elementor-element-a526ba9 e-con-full e-flex elementor-invisible e-con e-parent\" data-id=\"a526ba9\" data-element_type=\"container\" data-e-type=\"container\" data-settings=\"{&quot;background_background&quot;:&quot;classic&quot;,&quot;animation&quot;:&quot;fadeIn&quot;}\">\n\t\t\t\t<\/div>\n\t\t<div class=\"elementor-element elementor-element-5fa653ba e-con-full breadcrumb e-flex elementor-invisible e-con e-parent\" data-id=\"5fa653ba\" data-element_type=\"container\" data-e-type=\"container\" data-settings=\"{&quot;animation&quot;:&quot;fadeInUp&quot;}\">\n\t\t<div class=\"elementor-element elementor-element-6c46d01 e-con-full e-flex e-con e-child\" data-id=\"6c46d01\" data-element_type=\"container\" data-e-type=\"container\">\n\t\t\t\t<div class=\"elementor-element elementor-element-3c4b0295 elementor-widget elementor-widget-shortcode\" data-id=\"3c4b0295\" data-element_type=\"widget\" data-e-type=\"widget\" data-widget_type=\"shortcode.default\">\n\t\t\t\t<div class=\"elementor-widget-container\">\n\t\t\t\t\t\t\t<div class=\"elementor-shortcode\"><nav aria-label=\"breadcrumbs\">\n            <div class=\"breadcrumb-container theme1\">\n                <ol>\n                                    <\/ol>\n            <\/div>\n        <\/nav>    <script type=\"application\/ld+json\">\n        {\n            \"@context\": \"http:\/\/schema.org\",\n            \"@type\": \"BreadcrumbList\",\n            \"itemListElement\": [\n                            ]\n        }\n    <\/script>\n   \n    <script>\n            <\/script>\n<\/div>\n\t\t\t\t\t\t<\/div>\n\t\t\t\t<\/div>\n\t\t\t\t<\/div>\n\t\t\t\t<\/div>\n\t\t<div class=\"elementor-element elementor-element-9635424 e-con-full e-flex e-con e-parent\" data-id=\"9635424\" data-element_type=\"container\" data-e-type=\"container\">\n\t\t<div class=\"elementor-element elementor-element-5cfacaf6 e-con-full e-flex elementor-invisible e-con e-child\" data-id=\"5cfacaf6\" data-element_type=\"container\" data-e-type=\"container\" data-settings=\"{&quot;animation&quot;:&quot;fadeInUp&quot;}\">\n\t\t\t\t<div class=\"elementor-element elementor-element-1b82be93 elementor-widget elementor-widget-icon-box\" data-id=\"1b82be93\" data-element_type=\"widget\" data-e-type=\"widget\" data-widget_type=\"icon-box.default\">\n\t\t\t\t<div class=\"elementor-widget-container\">\n\t\t\t\t\t\t\t<div class=\"elementor-icon-box-wrapper\">\n\n\t\t\t\n\t\t\t\t\t\t<div class=\"elementor-icon-box-content\">\n\n\t\t\t\t\t\t\t\t\t<h2 class=\"elementor-icon-box-title\">\n\t\t\t\t\t\t<span  >\n\t\t\t\t\t\t\tBUT - Bachelor Universitaire de Technologie\t\t\t\t\t\t<\/span>\n\t\t\t\t\t<\/h2>\n\t\t\t\t\n\t\t\t\t\n\t\t\t<\/div>\n\t\t\t\n\t\t<\/div>\n\t\t\t\t\t\t<\/div>\n\t\t\t\t<\/div>\n\t\t\t\t<div class=\"elementor-element elementor-element-191f6d71 elementor-widget elementor-widget-text-editor\" data-id=\"191f6d71\" data-element_type=\"widget\" data-e-type=\"widget\" data-widget_type=\"text-editor.default\">\n\t\t\t\t<div class=\"elementor-widget-container\">\n\t\t\t\t\t\t\t\t\t<p>Certains enseignants-chercheurs de l\u2019IMBE bas\u00e9s \u00e0 Avignon Universit\u00e9 participent \u00e0 la formation d&#8217;\u00e9tudiants en <b>Bachelor Universitaire de Technologie (BUT) <\/b> &#8211;<strong> G\u00e9nie Biologique<\/strong>, particuli\u00e8rement dans le parcours Agronomie, et dans le <strong><a href=\"https:\/\/iut.univ-avignon.fr\/formations\/bachelor-universitaire-de-technologie-techniques-de-commercialisation-tc-gggg\/\" target=\"_blank\" rel=\"noopener\">BUT &#8211; Techniques de commercialisation<\/a><\/strong>. Ce dipl\u00f4me <b><\/b> se pr\u00e9pare en 3 ans, et conf\u00e8re \u00e0 ses titulaires le grade de Licence.<\/p><p>Le <a href=\"https:\/\/iut.univ-avignon.fr\/formations\/bachelor-universitaire-de-technologie-genie-biologique-parcours-agronomie-agro\/\" target=\"_blank\" rel=\"noopener\"><strong>BUT G\u00e9nie Biologique<\/strong> parcours <strong>Agronomie<\/strong><\/a> pr\u00e9pare au m\u00e9tier d\u2019Assistant ing\u00e9nieur en Agronomie. Les dipl\u00f4m\u00e9s peuvent \u00e9voluer dans de nombreux secteurs d\u2019activit\u00e9s : exploitations agricoles, collectivit\u00e9s et organismes institutionnels, bureaux d\u2019\u00e9tudes, entreprises du domaine agricole ou des biotechnologies, des semenciers, laboratoires de recherche, associations de protection de l\u2019environnement. En rapport avec l\u2019\u00e9volution de la fili\u00e8re agronomie et le contexte r\u00e9gional, les enseignements en agronomie de l\u2019IUT d\u2019Avignon Universit\u00e9 sont tourn\u00e9s vers l\u2019agro\u00e9cologie (agriculture raisonn\u00e9e, techniques culturales simplifi\u00e9es, agriculture biologique, interface agriculture, environnement).<\/p>\t\t\t\t\t\t\t\t<\/div>\n\t\t\t\t<\/div>\n\t\t\t\t<\/div>\n\t\t\t\t<\/div>\n\t\t\t\t<\/div>\n\t\t","protected":false},"excerpt":{"rendered":"<p>BUT &#8211; Bachelor Universitaire de Technologie Certains enseignants-chercheurs de l\u2019IMBE bas\u00e9s \u00e0 Avignon Universit\u00e9 participent \u00e0 la formation d&#8217;\u00e9tudiants en Bachelor Universitaire de Technologie (BUT) &#8211; G\u00e9nie Biologique, particuli\u00e8rement dans [&hellip;]<\/p>\n","protected":false},"author":232,"featured_media":0,"parent":4592,"menu_order":0,"comment_status":"closed","ping_status":"closed","template":"","meta":{"_acf_changed":false,"footnotes":""},"class_list":["post-3397","page","type-page","status-publish","hentry"],"acf":[],"_links":{"self":[{"href":"https:\/\/www.imbe.fr\/fr\/wp-json\/wp\/v2\/pages\/3397","targetHints":{"allow":["GET"]}}],"collection":[{"href":"https:\/\/www.imbe.fr\/fr\/wp-json\/wp\/v2\/pages"}],"about":[{"href":"https:\/\/www.imbe.fr\/fr\/wp-json\/wp\/v2\/types\/page"}],"author":[{"embeddable":true,"href":"https:\/\/www.imbe.fr\/fr\/wp-json\/wp\/v2\/users\/232"}],"replies":[{"embeddable":true,"href":"https:\/\/www.imbe.fr\/fr\/wp-json\/wp\/v2\/comments?post=3397"}],"version-history":[{"count":24,"href":"https:\/\/www.imbe.fr\/fr\/wp-json\/wp\/v2\/pages\/3397\/revisions"}],"predecessor-version":[{"id":6657,"href":"https:\/\/www.imbe.fr\/fr\/wp-json\/wp\/v2\/pages\/3397\/revisions\/6657"}],"up":[{"embeddable":true,"href":"https:\/\/www.imbe.fr\/fr\/wp-json\/wp\/v2\/pages\/4592"}],"wp:attachment":[{"href":"https:\/\/www.imbe.fr\/fr\/wp-json\/wp\/v2\/media?parent=3397"}],"curies":[{"name":"wp","href":"https:\/\/api.w.org\/{rel}","templated":true}]}}