{"id":46,"date":"2024-01-18T16:59:31","date_gmt":"2024-01-18T15:59:31","guid":{"rendered":"https:\/\/dev.imbe.fr\/?page_id=46"},"modified":"2025-01-09T17:33:45","modified_gmt":"2025-01-09T16:33:45","slug":"limbe","status":"publish","type":"page","link":"https:\/\/www.imbe.fr\/fr\/limbe\/","title":{"rendered":"L&#8217;IMBE"},"content":{"rendered":"\t\t<div data-elementor-type=\"wp-page\" data-elementor-id=\"46\" class=\"elementor elementor-46\" data-elementor-post-type=\"page\">\n\t\t\t\t<div class=\"elementor-element elementor-element-eb6b132 e-con-full e-flex elementor-invisible e-con e-parent\" data-id=\"eb6b132\" data-element_type=\"container\" data-e-type=\"container\" data-settings=\"{&quot;background_background&quot;:&quot;classic&quot;,&quot;animation&quot;:&quot;fadeIn&quot;}\">\n\t\t\t\t<\/div>\n\t\t<div class=\"elementor-element elementor-element-dfa87c0 e-con-full e-flex e-con e-parent\" data-id=\"dfa87c0\" data-element_type=\"container\" data-e-type=\"container\">\n\t\t\t\t<div class=\"elementor-element elementor-element-ae90d59 elementor-widget elementor-widget-heading\" data-id=\"ae90d59\" data-element_type=\"widget\" data-e-type=\"widget\" data-widget_type=\"heading.default\">\n\t\t\t\t<div class=\"elementor-widget-container\">\n\t\t\t\t\t<h2 class=\"elementor-heading-title elementor-size-default\">Une Unit\u00e9 de recherche d\u00e9di\u00e9e \u00e0 l'\u00e9tude de la Biodiversit\u00e9 et de l'Ecologie<\/h2>\t\t\t\t<\/div>\n\t\t\t\t<\/div>\n\t\t\t\t<div class=\"elementor-element elementor-element-0817b4b elementor-widget elementor-widget-text-editor\" data-id=\"0817b4b\" data-element_type=\"widget\" data-e-type=\"widget\" data-widget_type=\"text-editor.default\">\n\t\t\t\t<div class=\"elementor-widget-container\">\n\t\t\t\t\t\t\t\t\t<p>L\u2019IMBE est <strong>une Unit\u00e9 Mixte de Recherche regroupant deux Universit\u00e9s<\/strong> (Aix Marseille Univ. et Avignon Univ.) <strong>et deux instituts de recherche<\/strong> (CNRS et IRD). Cette Unit\u00e9 m\u00e8ne des recherches int\u00e9gratives, d\u00e9veloppant des approches globales et interdisciplinaires pour l\u2019<strong>\u00e9tude de la biodiversit\u00e9 et de l\u2019\u00e9cologie<\/strong>. Ces recherches s\u2019inscrivent dans un contexte plan\u00e9taire de <strong>menaces sur la biodiversit\u00e9<\/strong> et de <strong>changements globaux<\/strong> des \u00e9cosyst\u00e8mes du fait des activit\u00e9s humaines.<\/p><p>L\u2019IMBE compte <strong>plus de 260 membres<\/strong>, qui travaillent dans des domaines scientifiques et techniques vari\u00e9s et compl\u00e9mentaires\u00a0: <strong>\u00e9cologie, biologie, chimie, sciences m\u00e9dicales ou pharmaceutiques, sciences sociales<\/strong> en <strong>\u00e9troite relation avec la soci\u00e9t\u00e9<\/strong> (gestionnaires des espaces et des ressources naturels, d\u00e9cideurs, ONG, entreprises\u2026.).<\/p><p>L\u2019IMBE s\u2019int\u00e9resse aux <strong>syst\u00e8mes marins, continentaux et \u00e0 leurs interfaces<\/strong>, dans des contextes biog\u00e9ographiques vari\u00e9es (<strong>zones<\/strong> <strong>m\u00e9diterran\u00e9ennes, arides, montagnardes et tropicales <\/strong>notamment) et ce \u00e0 diff\u00e9rentes \u00e9chelles d\u2019organisation du vivant (de la mol\u00e9cule \u00e0 l\u2019\u00e9cosyst\u00e8me). L\u2019<strong>organisation et le fonctionnement de la biodiversit\u00e9 et des \u00e9cosyst\u00e8mes<\/strong>, leur <strong>dynamique historique et \u00e9volutive<\/strong>, leur <strong>vuln\u00e9rabilit\u00e9<\/strong>, leur <strong>conservation<\/strong> et leur <strong>restauration<\/strong> ainsi que les <strong>effets de leur d\u00e9gradation sur la sant\u00e9 humaine<\/strong> sont au c\u0153ur de nos recherches interdisciplinaires et de nos diverses actions de formation.<\/p><p>L\u2019IMBE est positionn\u00e9 sur six grands sites m\u00e9tropolitains (<em>Marseille<\/em>\u00a0: <strong>campus Etoile \u2013 St-J\u00e9r\u00f4me<\/strong>, <strong>station marine d\u2019Endoume<\/strong>, la <strong>Timone<\/strong>\u00a0; <em>Aix-en -Provence<\/em>\u00a0: <strong>Arbois<\/strong>\u00a0; <em>Avignon<\/em>\u00a0: <strong>Agroparc<\/strong> ; <em>St-Michel Observatoire<\/em>\u00a0: <strong>Observatoire de Haute Provence<\/strong>) et deux sites ultra-marins (<em>Martinique<\/em>\u00a0: <strong>Campus Agro-Environnemental Cara\u00efbe<\/strong>\u00a0; <em>S\u00e9n\u00e9gal<\/em>\u00a0: <strong>Dakar<\/strong>).<\/p>\t\t\t\t\t\t\t\t<\/div>\n\t\t\t\t<\/div>\n\t\t<div class=\"elementor-element elementor-element-6470129 e-flex e-con-boxed e-con e-child\" data-id=\"6470129\" data-element_type=\"container\" data-e-type=\"container\">\n\t\t\t\t\t<div class=\"e-con-inner\">\n\t\t\t\t<div class=\"elementor-element elementor-element-7955854 elementor-widget elementor-widget-video\" data-id=\"7955854\" data-element_type=\"widget\" data-e-type=\"widget\" data-settings=\"{&quot;youtube_url&quot;:&quot;https:\\\/\\\/www.youtube.com\\\/watch?v=ZARbjyR08fM&quot;,&quot;video_type&quot;:&quot;youtube&quot;,&quot;controls&quot;:&quot;yes&quot;}\" data-widget_type=\"video.default\">\n\t\t\t\t<div class=\"elementor-widget-container\">\n\t\t\t\t\t\t\t<div class=\"elementor-wrapper elementor-open-inline\">\n\t\t\t<div class=\"elementor-video\"><\/div>\t\t<\/div>\n\t\t\t\t\t\t<\/div>\n\t\t\t\t<\/div>\n\t\t\t\t\t<\/div>\n\t\t\t\t<\/div>\n\t\t\t\t<\/div>\n\t\t<div class=\"elementor-element elementor-element-38cdd96 e-con-full e-flex e-con e-parent\" data-id=\"38cdd96\" data-element_type=\"container\" data-e-type=\"container\">\n\t\t<div class=\"elementor-element elementor-element-b830471 e-con-full e-flex elementor-invisible e-con e-child\" data-id=\"b830471\" data-element_type=\"container\" data-e-type=\"container\" data-settings=\"{&quot;animation&quot;:&quot;fadeInUp&quot;}\">\n\t\t\t\t<div class=\"elementor-element elementor-element-a83eda8 elementor-widget elementor-widget-icon-box\" data-id=\"a83eda8\" data-element_type=\"widget\" data-e-type=\"widget\" data-widget_type=\"icon-box.default\">\n\t\t\t\t<div class=\"elementor-widget-container\">\n\t\t\t\t\t\t\t<div class=\"elementor-icon-box-wrapper\">\n\n\t\t\t\n\t\t\t\t\t\t<div class=\"elementor-icon-box-content\">\n\n\t\t\t\t\t\t\t\t\t<h2 class=\"elementor-icon-box-title\">\n\t\t\t\t\t\t<span  >\n\t\t\t\t\t\t\tUne organisation \u00e0 plusieurs niveaux imbriqu\u00e9s\t\t\t\t\t\t<\/span>\n\t\t\t\t\t<\/h2>\n\t\t\t\t\n\t\t\t\t\n\t\t\t<\/div>\n\t\t\t\n\t\t<\/div>\n\t\t\t\t\t\t<\/div>\n\t\t\t\t<\/div>\n\t\t\t\t<div class=\"elementor-element elementor-element-ad67501 elementor-widget elementor-widget-text-editor\" data-id=\"ad67501\" data-element_type=\"widget\" data-e-type=\"widget\" data-widget_type=\"text-editor.default\">\n\t\t\t\t<div class=\"elementor-widget-container\">\n\t\t\t\t\t\t\t\t\t<ul><li>Les <strong>collectifs<\/strong>, niveau fondamental de l\u2019organisation de l\u2019IMBE<\/li><\/ul><p>Chaque membre de l\u2019Unit\u00e9 est rattach\u00e9 \u00e0 un collectif qui peut \u00eatre soit scientifique (l\u2019une des 8 <a href=\"https:\/\/www.imbe.fr\/fr\/recherche\/equipes-de-recherche\/\"><strong>\u00e9quipes de recherches<\/strong><\/a>), soit technique (l\u2019un des 5<a href=\"https:\/\/www.imbe.fr\/fr\/techniques\/\"><strong> p\u00f4les techniques\/8 services communs<\/strong><\/a>). Ces collectifs sont les entit\u00e9s au sein desquels les activit\u00e9s scientifiques et techniques de l\u2019IMBE se r\u00e9alisent.<\/p><ul><li>Les <a href=\"https:\/\/www.imbe.fr\/fr\/recherche\/thematiques\/\"><strong>axes th\u00e9matiques<\/strong><\/a>, niveau transversal scientifique et technique de l\u2019IMBE<\/li><\/ul><p>Les membres des collectifs de l\u2019Unit\u00e9 interagissent au sein de cinq axes th\u00e9matiques (biodiversit\u00e9, fonctionnement des \u00e9cosyst\u00e8mes, changements globaux, sant\u00e9 unique, coviabilit\u00e9 socio\u00e9cologique) qui permettent de <strong>d\u00e9cloisonner les activit\u00e9s disciplinaires des collectifs<\/strong>.<\/p><ul><li>Les <a href=\"https:\/\/www.imbe.fr\/fr\/limbe\/commissions\/\"><strong>cellules et commissions<\/strong><\/a>, niveau transversal d\u2019accompagnement de l\u2019IMBE<\/li><\/ul><p>Au sein des cellules et commissions sont trait\u00e9s les <strong>probl\u00e9matiques li\u00e9es indirectement aux activit\u00e9s scientifiques et techniques de l\u2019Unit\u00e9<\/strong>, tels que les probl\u00e9matiques d\u2019hygi\u00e8ne et s\u00e9curit\u00e9, de transition \u00e9cologique ou d\u2019accompagnement des personnels par exemple. Notre organisation int\u00e8gre \u00e9galement des <strong>commissions de sites<\/strong> pour traiter des probl\u00e9matiques sp\u00e9cifiques li\u00e9s aux cinq grands sites m\u00e9tropolitains de Marseille, Aix-en-Provence, Avignon.<\/p><ul><li>Les <strong>conseils et comit\u00e9s<\/strong>, niveau de gouvernance et de pilotage de l\u2019IMBE<\/li><\/ul><p>Le <strong>comit\u00e9 de direction<\/strong> (CODIR) coordonne le fonctionnement g\u00e9n\u00e9ral de l\u2019Unit\u00e9, au niveau administratif, strat\u00e9gique et fonctionnel.<\/p><p>Il s\u2019appuie sur le <strong>conseil d\u2019unit\u00e9<\/strong> (CU) qui se prononce sur la vie institutionnelle de l\u2019Unit\u00e9 et sur le <strong>comit\u00e9 de pilotage<\/strong> (COPIL) qui repr\u00e9sente les collectifs de l\u2019Unit\u00e9 et participe au pilotage des moyens humains, scientifiques et techniques.<\/p><p>Le <strong>conseil scientifique<\/strong> (CS) coordonne l\u2019animation scientifique de l\u2019Unit\u00e9, participe \u00e0 la prospective et \u00e0 l\u2019expertise scientifique et technique.<\/p>\t\t\t\t\t\t\t\t<\/div>\n\t\t\t\t<\/div>\n\t\t\t\t<\/div>\n\t\t\t\t<\/div>\n\t\t<div class=\"elementor-element elementor-element-d3f1908 e-con-full e-flex e-con e-parent\" data-id=\"d3f1908\" data-element_type=\"container\" data-e-type=\"container\">\n\t\t<div class=\"elementor-element elementor-element-f29578d e-con-full e-flex elementor-invisible e-con e-child\" data-id=\"f29578d\" data-element_type=\"container\" data-e-type=\"container\" data-settings=\"{&quot;animation&quot;:&quot;fadeInUp&quot;}\">\n\t\t\t\t<div class=\"elementor-element elementor-element-c0da820 elementor-widget elementor-widget-icon-box\" data-id=\"c0da820\" data-element_type=\"widget\" data-e-type=\"widget\" data-widget_type=\"icon-box.default\">\n\t\t\t\t<div class=\"elementor-widget-container\">\n\t\t\t\t\t\t\t<div class=\"elementor-icon-box-wrapper\">\n\n\t\t\t\n\t\t\t\t\t\t<div class=\"elementor-icon-box-content\">\n\n\t\t\t\t\t\t\t\t\t<h2 class=\"elementor-icon-box-title\">\n\t\t\t\t\t\t<span  >\n\t\t\t\t\t\t\tUn peu d'histoire\t\t\t\t\t\t<\/span>\n\t\t\t\t\t<\/h2>\n\t\t\t\t\n\t\t\t\t\n\t\t\t<\/div>\n\t\t\t\n\t\t<\/div>\n\t\t\t\t\t\t<\/div>\n\t\t\t\t<\/div>\n\t\t\t\t<div class=\"elementor-element elementor-element-3d7704f elementor-widget elementor-widget-text-editor\" data-id=\"3d7704f\" data-element_type=\"widget\" data-e-type=\"widget\" data-widget_type=\"text-editor.default\">\n\t\t\t\t<div class=\"elementor-widget-container\">\n\t\t\t\t\t\t\t\t\t<p>L\u2019IMBE est n\u00e9e du r<strong>egroupement concret et coh\u00e9rent de comp\u00e9tences pour une approche int\u00e9grative de l\u2019\u00e9cologie.<\/strong><\/p><ul><li>en 2012 regroupement de l\u2019Institut m\u00e9diterran\u00e9en d\u2019\u00e9cologie et de pal\u00e9o\u00e9cologie (UMR 6116 IMEP, CNRS \u2013 IRD \u2013 Universit\u00e9 Paul C\u00e9zanne \u2013 Universit\u00e9 de Provence) centr\u00e9 sur les milieux continentaux et de l\u2019UMR Diversit\u00e9, \u00e9volution et \u00e9cologie fonctionnelle marine (UMR 6540 DIMAR, CNRS \u2013 Universit\u00e9 de la M\u00e9diterran\u00e9e) centr\u00e9e sur les milieux marins.<\/li><li>Cette association fondatrice a \u00e9t\u00e9 renforc\u00e9e, d\u00e8s la cr\u00e9ation, par l\u2019int\u00e9gration d\u2019une \u00e9quipe explorant les relations \u00ab environnement et sant\u00e9 \u00bb (EA 1784 \u00ab Biog\u00e9notoxicologie et mutag\u00e9n\u00e8se environnementale \u00bb).<\/li><li>Fin 2016, le Laboratoire d\u2019Instrumentation et Sciences Analytiques (LISA, EA 4672) a int\u00e9gr\u00e9 l\u2019IMBE.<\/li><li>En 2018, l\u2019\u00e9quipe de pharmacognosie de l\u2019UMR MD3 (Interactions H\u00f4te-Parasite-Pharmacologie et Th\u00e9rapeutique) est venue renforc\u00e9e le potentiel scientifique et humain de l\u2019IMBE<\/li><\/ul>\t\t\t\t\t\t\t\t<\/div>\n\t\t\t\t<\/div>\n\t\t\t\t<\/div>\n\t\t\t\t<\/div>\n\t\t<div class=\"elementor-element elementor-element-84340f2 e-con-full e-flex e-con e-parent\" data-id=\"84340f2\" data-element_type=\"container\" data-e-type=\"container\">\n\t\t<div class=\"elementor-element elementor-element-aa4bfe5 e-con-full e-flex elementor-invisible e-con e-child\" data-id=\"aa4bfe5\" data-element_type=\"container\" data-e-type=\"container\" data-settings=\"{&quot;animation&quot;:&quot;fadeInUp&quot;}\">\n\t\t\t\t<div class=\"elementor-element elementor-element-93d1b29 elementor-widget elementor-widget-icon-box\" data-id=\"93d1b29\" data-element_type=\"widget\" data-e-type=\"widget\" data-widget_type=\"icon-box.default\">\n\t\t\t\t<div class=\"elementor-widget-container\">\n\t\t\t\t\t\t\t<div class=\"elementor-icon-box-wrapper\">\n\n\t\t\t\n\t\t\t\t\t\t<div class=\"elementor-icon-box-content\">\n\n\t\t\t\t\t\t\t\t\t<h2 class=\"elementor-icon-box-title\">\n\t\t\t\t\t\t<span  >\n\t\t\t\t\t\t\tDes valeurs qui guident notre projet\t\t\t\t\t\t<\/span>\n\t\t\t\t\t<\/h2>\n\t\t\t\t\n\t\t\t\t\n\t\t\t<\/div>\n\t\t\t\n\t\t<\/div>\n\t\t\t\t\t\t<\/div>\n\t\t\t\t<\/div>\n\t\t\t\t<div class=\"elementor-element elementor-element-21bdac1 elementor-widget elementor-widget-text-editor\" data-id=\"21bdac1\" data-element_type=\"widget\" data-e-type=\"widget\" data-widget_type=\"text-editor.default\">\n\t\t\t\t<div class=\"elementor-widget-container\">\n\t\t\t\t\t\t\t\t\t<p>Notre projet repose sur un triptyque de valeurs et d\u2019ambitions<\/p><ul><li>Qualit\u00e9 scientifique et technique ;<\/li><li>Synergies humaines et bien-\u00eatre ;<\/li><li>Engagement scientifique et technique au service de la soci\u00e9t\u00e9.<\/li><\/ul>\t\t\t\t\t\t\t\t<\/div>\n\t\t\t\t<\/div>\n\t\t\t\t<\/div>\n\t\t\t\t<\/div>\n\t\t\t\t<\/div>\n\t\t","protected":false},"excerpt":{"rendered":"<p>Une Unit\u00e9 de recherche d\u00e9di\u00e9e \u00e0 l&#8217;\u00e9tude de la Biodiversit\u00e9 et de l&#8217;Ecologie L\u2019IMBE est une Unit\u00e9 Mixte de Recherche regroupant deux Universit\u00e9s (Aix Marseille Univ. et Avignon Univ.) et [&hellip;]<\/p>\n","protected":false},"author":1,"featured_media":0,"parent":0,"menu_order":0,"comment_status":"closed","ping_status":"closed","template":"","meta":{"_acf_changed":false,"footnotes":""},"class_list":["post-46","page","type-page","status-publish","hentry"],"acf":[],"_links":{"self":[{"href":"https:\/\/www.imbe.fr\/fr\/wp-json\/wp\/v2\/pages\/46","targetHints":{"allow":["GET"]}}],"collection":[{"href":"https:\/\/www.imbe.fr\/fr\/wp-json\/wp\/v2\/pages"}],"about":[{"href":"https:\/\/www.imbe.fr\/fr\/wp-json\/wp\/v2\/types\/page"}],"author":[{"embeddable":true,"href":"https:\/\/www.imbe.fr\/fr\/wp-json\/wp\/v2\/users\/1"}],"replies":[{"embeddable":true,"href":"https:\/\/www.imbe.fr\/fr\/wp-json\/wp\/v2\/comments?post=46"}],"version-history":[{"count":85,"href":"https:\/\/www.imbe.fr\/fr\/wp-json\/wp\/v2\/pages\/46\/revisions"}],"predecessor-version":[{"id":8181,"href":"https:\/\/www.imbe.fr\/fr\/wp-json\/wp\/v2\/pages\/46\/revisions\/8181"}],"wp:attachment":[{"href":"https:\/\/www.imbe.fr\/fr\/wp-json\/wp\/v2\/media?parent=46"}],"curies":[{"name":"wp","href":"https:\/\/api.w.org\/{rel}","templated":true}]}}