{"id":50,"date":"2024-01-18T17:08:12","date_gmt":"2024-01-18T16:08:12","guid":{"rendered":"https:\/\/dev.imbe.fr\/?page_id=50"},"modified":"2024-11-12T15:02:46","modified_gmt":"2024-11-12T14:02:46","slug":"recherche","status":"publish","type":"page","link":"https:\/\/www.imbe.fr\/fr\/recherche\/","title":{"rendered":"Recherche"},"content":{"rendered":"\t\t<div data-elementor-type=\"wp-page\" data-elementor-id=\"50\" class=\"elementor elementor-50\" data-elementor-post-type=\"page\">\n\t\t\t\t<div class=\"elementor-element elementor-element-407e8ed e-con-full e-flex elementor-invisible e-con e-parent\" data-id=\"407e8ed\" data-element_type=\"container\" data-e-type=\"container\" data-settings=\"{&quot;background_background&quot;:&quot;classic&quot;,&quot;animation&quot;:&quot;fadeIn&quot;}\">\n\t\t\t\t<\/div>\n\t\t<div class=\"elementor-element elementor-element-52b81f73 e-con-full breadcrumb e-flex elementor-invisible e-con e-parent\" data-id=\"52b81f73\" data-element_type=\"container\" data-e-type=\"container\" data-settings=\"{&quot;animation&quot;:&quot;fadeInUp&quot;}\">\n\t\t<div class=\"elementor-element elementor-element-5346637b e-con-full e-flex e-con e-child\" data-id=\"5346637b\" data-element_type=\"container\" data-e-type=\"container\">\n\t\t\t\t<div class=\"elementor-element elementor-element-52800ceb elementor-widget elementor-widget-shortcode\" data-id=\"52800ceb\" data-element_type=\"widget\" data-e-type=\"widget\" data-widget_type=\"shortcode.default\">\n\t\t\t\t<div class=\"elementor-widget-container\">\n\t\t\t\t\t\t\t<div class=\"elementor-shortcode\"><nav aria-label=\"breadcrumbs\">\n            <div class=\"breadcrumb-container theme1\">\n                <ol>\n                                    <\/ol>\n            <\/div>\n        <\/nav>    <script type=\"application\/ld+json\">\n        {\n            \"@context\": \"http:\/\/schema.org\",\n            \"@type\": \"BreadcrumbList\",\n            \"itemListElement\": [\n                            ]\n        }\n    <\/script>\n   \n    <script>\n            <\/script>\n<\/div>\n\t\t\t\t\t\t<\/div>\n\t\t\t\t<\/div>\n\t\t\t\t<\/div>\n\t\t\t\t<\/div>\n\t\t<div class=\"elementor-element elementor-element-7c6fb2a3 e-con-full e-flex e-con e-parent\" data-id=\"7c6fb2a3\" data-element_type=\"container\" data-e-type=\"container\">\n\t\t<div class=\"elementor-element elementor-element-37471ff e-con-full e-flex elementor-invisible e-con e-child\" data-id=\"37471ff\" data-element_type=\"container\" data-e-type=\"container\" data-settings=\"{&quot;animation&quot;:&quot;fadeInUp&quot;}\">\n\t\t\t\t<div class=\"elementor-element elementor-element-4f5aa3da elementor-widget elementor-widget-icon-box\" data-id=\"4f5aa3da\" data-element_type=\"widget\" data-e-type=\"widget\" data-widget_type=\"icon-box.default\">\n\t\t\t\t<div class=\"elementor-widget-container\">\n\t\t\t\t\t\t\t<div class=\"elementor-icon-box-wrapper\">\n\n\t\t\t\n\t\t\t\t\t\t<div class=\"elementor-icon-box-content\">\n\n\t\t\t\t\t\t\t\t\t<h2 class=\"elementor-icon-box-title\">\n\t\t\t\t\t\t<span  >\n\t\t\t\t\t\t\tUne organisation autour de 5 axes th\u00e9matiques et 8 \u00e9quipes de recherche\t\t\t\t\t\t<\/span>\n\t\t\t\t\t<\/h2>\n\t\t\t\t\n\t\t\t\t\n\t\t\t<\/div>\n\t\t\t\n\t\t<\/div>\n\t\t\t\t\t\t<\/div>\n\t\t\t\t<\/div>\n\t\t\t\t<div class=\"elementor-element elementor-element-6340ae23 elementor-widget elementor-widget-text-editor\" data-id=\"6340ae23\" data-element_type=\"widget\" data-e-type=\"widget\" data-widget_type=\"text-editor.default\">\n\t\t\t\t<div class=\"elementor-widget-container\">\n\t\t\t\t\t\t\t\t\t<p>L&#8217;IMBE est une unit\u00e9 de recherche d\u00e9veloppant une approche int\u00e9grative et interdisciplinaire autour des probl\u00e9matiques de la Biodiversit\u00e9 et de l\u2019\u00c9cologie. Les grandes questions scientifiques \u00e9tudi\u00e9es par l\u2019IMBE sont structur\u00e9es autour de <strong><span style=\"color: #33cccc;\">5 axes th\u00e9matiques<\/span><\/strong> :<\/p><ul><li><a href=\"https:\/\/www.imbe.fr\/fr\/recherche\/biodiversite\/\"><strong>Biodiversit\u00e9<\/strong> <\/a>(d\u00e9crire la biodiversit\u00e9 et caract\u00e9riser son organisation).<\/li><li><a href=\"https:\/\/www.imbe.fr\/fr\/recherche\/ecosystemes\/\"><strong>Ecosyst\u00e8mes<\/strong><\/a> (comprendre le fonctionnement des syst\u00e8mes \u00e9cologiques et caract\u00e9riser leurs dynamiques spatiales et temporelles).<\/li><li><a href=\"https:\/\/www.imbe.fr\/fr\/recherche\/changements-globaux\/\"><strong>Changement global <\/strong><\/a>(\u00e9valuer les effets des changements globaux sur les syst\u00e8mes biologiques et \u00e9cologiques).\u00a0<strong><br \/><\/strong><\/li><li><a href=\"https:\/\/www.imbe.fr\/fr\/recherche\/sante-unique\/\"><strong>Sant\u00e9 unique <\/strong><\/a>(comprendre les relations entre biodiversit\u00e9, fonctionnement des \u00e9cosyst\u00e8mes, changements globaux\u00a0 et sant\u00e9 humaine). <strong><br \/><\/strong><\/li><li><a href=\"https:\/\/www.imbe.fr\/fr\/recherche\/coviabilite-socio-ecologique\/\"><strong>Coviabilit\u00e9 socio-\u00e9cologique<\/strong><\/a> (d\u00e9velopper des solutions bas\u00e9es sur la nature pour une coviabilit\u00e9 socio\u00e9cologique).<\/li><\/ul><p>Ces axes th\u00e9matiques offrent un contexte scientifique ad\u00e9quat pour la communication et les \u00e9changes scientifiques entre les<strong> <span style=\"color: #33cccc;\">8 \u00e9quipes de recherche<\/span><\/strong> qui constituent les \u00e9l\u00e9ments fonctionnels de notre recherche :<\/p><ul><li>L\u2019\u00e9quipe <a href=\"https:\/\/www.imbe.fr\/fr\/recherche\/equipes-de-recherche\/pahis-paleoecologie-et-ecologie-historique\/\"><strong>PAHIS<\/strong> <\/a>(Pal\u00e9o\u00e9cologie et \u00c9cologie Historique).<\/li><li>L&#8217;\u00e9quipe <a href=\"https:\/\/www.imbe.fr\/fr\/recherche\/equipes-de-recherche\/biologie-evolution-et-ecologie-moleculaires-beem-2\/\"><strong>BEEM<\/strong> <\/a>(Biologie, Evolution et Ecologie Mol\u00e9culaires).<\/li><li>L&#8217;\u00e9quipe <a href=\"https:\/\/www.imbe.fr\/fr\/ecologie-ecotoxicologie-chimie-appliquees-a-lagroecologie-et-a-la-restauration\/\"><strong>EECAR<\/strong><\/a> (\u00c9cologie, \u00c9cotoxicologie et Chimie appliqu\u00e9es \u00e0 l\u2019Agro\u00e9cologie et \u00e0 la Restauration).<\/li><li>L\u2019\u00e9quipe <a href=\"https:\/\/www.imbe.fr\/fr\/recherche\/equipes-de-recherche\/popco-populations-paysages-communautes-conservation\/\"><strong>POPCO<\/strong><\/a> (POpulations, Paysages, Communaut\u00e9s &amp; cOnservation).<\/li><li>L&#8217;\u00e9quipe <a href=\"https:\/\/www.imbe.fr\/fr\/recherche\/equipes-de-recherche\/ecosom-ecologie-fonctionnelle-des-systemes-socioecologiques-aux-molecules\/\"><strong>EcoSoM<\/strong><\/a> (\u00c9cologie fonctionnelle : des syst\u00e8mes socio-\u00e9cologiques aux mol\u00e9cules).<\/li><li>L&#8217;\u00e9quipe <a href=\"https:\/\/www.imbe.fr\/fr\/recherche\/equipes-de-recherche\/equipe-santes-sante-et-toxicologie-environnementales\/\"><strong>SANTES<\/strong> <\/a>(SANt\u00e9 et Toxicologie EnvironnementaleS).<\/li><li>L&#8217;\u00e9quipe <a href=\"https:\/\/www.imbe.fr\/fr\/recherche\/equipes-de-recherche\/equipe-chimiometrie-plan-dexperiences-systemes-experts\/\"><strong>CHIPS<\/strong><\/a> (CHImiom\u00e9trie, Plans d\u2019exp\u00e9riences, Syst\u00e8mes experts).<\/li><li>L&#8217;\u00e9quipe <a href=\"https:\/\/www.imbe.fr\/equipe-nemo-nature-ecologie-marine-et-oceans\/\"><strong>NEMO<\/strong><\/a> (Nature, \u00c9cologie Marine et Oc\u00e9an).<\/li><\/ul>\t\t\t\t\t\t\t\t<\/div>\n\t\t\t\t<\/div>\n\t\t\t\t<\/div>\n\t\t\t\t<\/div>\n\t\t\t\t<\/div>\n\t\t","protected":false},"excerpt":{"rendered":"<p>Une organisation autour de 5 axes th\u00e9matiques et 8 \u00e9quipes de recherche L&#8217;IMBE est une unit\u00e9 de recherche d\u00e9veloppant une approche int\u00e9grative et interdisciplinaire autour des probl\u00e9matiques de la Biodiversit\u00e9 [&hellip;]<\/p>\n","protected":false},"author":1,"featured_media":0,"parent":0,"menu_order":0,"comment_status":"closed","ping_status":"closed","template":"","meta":{"_acf_changed":false,"footnotes":""},"class_list":["post-50","page","type-page","status-publish","hentry"],"acf":[],"_links":{"self":[{"href":"https:\/\/www.imbe.fr\/fr\/wp-json\/wp\/v2\/pages\/50","targetHints":{"allow":["GET"]}}],"collection":[{"href":"https:\/\/www.imbe.fr\/fr\/wp-json\/wp\/v2\/pages"}],"about":[{"href":"https:\/\/www.imbe.fr\/fr\/wp-json\/wp\/v2\/types\/page"}],"author":[{"embeddable":true,"href":"https:\/\/www.imbe.fr\/fr\/wp-json\/wp\/v2\/users\/1"}],"replies":[{"embeddable":true,"href":"https:\/\/www.imbe.fr\/fr\/wp-json\/wp\/v2\/comments?post=50"}],"version-history":[{"count":69,"href":"https:\/\/www.imbe.fr\/fr\/wp-json\/wp\/v2\/pages\/50\/revisions"}],"predecessor-version":[{"id":7505,"href":"https:\/\/www.imbe.fr\/fr\/wp-json\/wp\/v2\/pages\/50\/revisions\/7505"}],"wp:attachment":[{"href":"https:\/\/www.imbe.fr\/fr\/wp-json\/wp\/v2\/media?parent=50"}],"curies":[{"name":"wp","href":"https:\/\/api.w.org\/{rel}","templated":true}]}}