{"id":52,"date":"2024-01-18T17:08:11","date_gmt":"2024-01-18T16:08:11","guid":{"rendered":"https:\/\/dev.imbe.fr\/?page_id=52"},"modified":"2026-02-25T16:35:22","modified_gmt":"2026-02-25T15:35:22","slug":"techniques","status":"publish","type":"page","link":"https:\/\/www.imbe.fr\/fr\/techniques\/","title":{"rendered":"Techniques"},"content":{"rendered":"\t\t<div data-elementor-type=\"wp-page\" data-elementor-id=\"52\" class=\"elementor elementor-52\" data-elementor-post-type=\"page\">\n\t\t\t\t<div class=\"elementor-element elementor-element-96ede9e e-con-full e-flex elementor-invisible e-con e-parent\" data-id=\"96ede9e\" data-element_type=\"container\" data-e-type=\"container\" data-settings=\"{&quot;background_background&quot;:&quot;classic&quot;,&quot;animation&quot;:&quot;fadeIn&quot;}\">\n\t\t\t\t<\/div>\n\t\t<div class=\"elementor-element elementor-element-3fc509b7 e-con-full breadcrumb e-flex elementor-invisible e-con e-parent\" data-id=\"3fc509b7\" data-element_type=\"container\" data-e-type=\"container\" data-settings=\"{&quot;animation&quot;:&quot;fadeInUp&quot;}\">\n\t\t<div class=\"elementor-element elementor-element-5b0e5c89 e-con-full e-flex e-con e-child\" data-id=\"5b0e5c89\" data-element_type=\"container\" data-e-type=\"container\">\n\t\t\t\t<div class=\"elementor-element elementor-element-3caaf21b elementor-widget elementor-widget-shortcode\" data-id=\"3caaf21b\" data-element_type=\"widget\" data-e-type=\"widget\" data-widget_type=\"shortcode.default\">\n\t\t\t\t<div class=\"elementor-widget-container\">\n\t\t\t\t\t\t\t<div class=\"elementor-shortcode\"><nav aria-label=\"breadcrumbs\">\n            <div class=\"breadcrumb-container theme1\">\n                <ol>\n                                    <\/ol>\n            <\/div>\n        <\/nav>    <script type=\"application\/ld+json\">\n        {\n            \"@context\": \"http:\/\/schema.org\",\n            \"@type\": \"BreadcrumbList\",\n            \"itemListElement\": [\n                            ]\n        }\n    <\/script>\n   \n    <script>\n            <\/script>\n<\/div>\n\t\t\t\t\t\t<\/div>\n\t\t\t\t<\/div>\n\t\t\t\t<\/div>\n\t\t\t\t<\/div>\n\t\t<div class=\"elementor-element elementor-element-4a36ce2f e-con-full e-flex e-con e-parent\" data-id=\"4a36ce2f\" data-element_type=\"container\" data-e-type=\"container\">\n\t\t<div class=\"elementor-element elementor-element-5efcb147 e-con-full e-flex elementor-invisible e-con e-child\" data-id=\"5efcb147\" data-element_type=\"container\" data-e-type=\"container\" data-settings=\"{&quot;animation&quot;:&quot;fadeInUp&quot;}\">\n\t\t\t\t<div class=\"elementor-element elementor-element-34788a94 elementor-widget elementor-widget-icon-box\" data-id=\"34788a94\" data-element_type=\"widget\" data-e-type=\"widget\" data-widget_type=\"icon-box.default\">\n\t\t\t\t<div class=\"elementor-widget-container\">\n\t\t\t\t\t\t\t<div class=\"elementor-icon-box-wrapper\">\n\n\t\t\t\n\t\t\t\t\t\t<div class=\"elementor-icon-box-content\">\n\n\t\t\t\t\t\t\t\t\t<h2 class=\"elementor-icon-box-title\">\n\t\t\t\t\t\t<span  >\n\t\t\t\t\t\t\tUne organisation autour de 5 p\u00f4les techniques et 8 services communs\t\t\t\t\t\t<\/span>\n\t\t\t\t\t<\/h2>\n\t\t\t\t\n\t\t\t\t\n\t\t\t<\/div>\n\t\t\t\n\t\t<\/div>\n\t\t\t\t\t\t<\/div>\n\t\t\t\t<\/div>\n\t\t\t\t<div class=\"elementor-element elementor-element-f329d79 elementor-widget elementor-widget-text-editor\" data-id=\"f329d79\" data-element_type=\"widget\" data-e-type=\"widget\" data-widget_type=\"text-editor.default\">\n\t\t\t\t<div class=\"elementor-widget-container\">\n\t\t\t\t\t\t\t\t\t<p>La richesse des comp\u00e9tences techniques disponibles \u00e0 l&#8217;IMBE constitue une de ses grandes forces.\u00a0<\/p><p>Dans un triple objectif d&#8217;une meilleure visibilit\u00e9 de l&#8217;ensemble de nos comp\u00e9tences techniques au sein de notre unit\u00e9, d\u2019un d\u00e9cloisonnement \u00e0 l\u2019\u00e9chelle des services, d&#8217;une mutualisation des \u00e9quipements et d\u2019une plus grande synergie entre les personnels IT, les services communs (SC) se structurent au sein de 5 p\u00f4les techniques de soutien \u00e0 la recherche :<\/p><ul><li>P\u00f4le Biologie<ul><li><a href=\"https:\/\/www.imbe.fr\/fr\/techniques\/pole-biologie\/service-biologie-moleculaire-et-cellulaire\/\">Le Service Biologie Mol\u00e9culaire et Cellulaire<\/a><\/li><li><a href=\"https:\/\/www.imbe.fr\/fr\/techniques\/pole-biologie\/service-toxicologie-et-pharmacologie-environnementales\/\">Le Service Toxicologie et Pharmacologie Environnementales<\/a><\/li><li><a href=\"https:\/\/www.imbe.fr\/fr\/techniques\/pole-biologie\/service-spot\/\">Le Service Pr\u00e9paration des \u00e9chantillons pour l&#8217;ObservaTion et la production d\u2019images<\/a><\/li><\/ul><\/li><li>P\u00f4le chimie<ul><li><a href=\"https:\/\/www.imbe.fr\/fr\/techniques\/pole-chimie\/service-analyses-chimiques-pour-lecologie\/\">Service Analyses Chimiques pour l\u2019\u00c9cologie<\/a><\/li><li><a href=\"https:\/\/www.imbe.fr\/fr\/techniques\/pole-chimie\/service-msn-metabolomique-et-chimie-des-substances-naturelles\/\">Service M\u00e9tabolomique et Chimie des Substances Naturelle<\/a>s<\/li><\/ul><\/li><li><a href=\"https:\/\/www.imbe.fr\/fr\/techniques\/pole-observatoires-et-experimentations\/\">P\u00f4le Observatoires et Exp\u00e9rimentations<\/a><ul><li><a href=\"https:\/\/www.imbe.fr\/fr\/techniques\/pole-observatoires-et-experimentations\/semm\/\">Service Exp\u00e9rimentations et Moyens \u00e0 la Mer<\/a><\/li><li><a href=\"https:\/\/www.imbe.fr\/fr\/techniques\/pole-observatoires-et-experimentations\/service-sites-instrumentes-et-observatoires\/\">Service Sites Instrumentalis\u00e9s et Observatoires<\/a><\/li><li><a href=\"https:\/\/www.imbe.fr\/fr\/techniques\/pole-observatoires-et-experimentations\/service-experimentations-et-terrains\/\">Service Exp\u00e9rimentations et Terrains<\/a><\/li><\/ul><\/li><li><a href=\"https:\/\/www.imbe.fr\/fr\/techniques\/pole-informatique-et-donnees\/\">P\u00f4le Informatique et Donn\u00e9es<\/a><\/li><li><a href=\"https:\/\/www.imbe.fr\/fr\/techniques\/pole-administratif\/\">P\u00f4le Administratif et Logistique<\/a><\/li><\/ul>\t\t\t\t\t\t\t\t<\/div>\n\t\t\t\t<\/div>\n\t\t\t\t<\/div>\n\t\t\t\t<\/div>\n\t\t\t\t<\/div>\n\t\t","protected":false},"excerpt":{"rendered":"<p>Une organisation autour de 5 p\u00f4les techniques et 8 services communs La richesse des comp\u00e9tences techniques disponibles \u00e0 l&#8217;IMBE constitue une de ses grandes forces.\u00a0 Dans un triple objectif d&#8217;une [&hellip;]<\/p>\n","protected":false},"author":1,"featured_media":0,"parent":0,"menu_order":0,"comment_status":"closed","ping_status":"closed","template":"","meta":{"_acf_changed":false,"footnotes":""},"class_list":["post-52","page","type-page","status-publish","hentry"],"acf":[],"_links":{"self":[{"href":"https:\/\/www.imbe.fr\/fr\/wp-json\/wp\/v2\/pages\/52","targetHints":{"allow":["GET"]}}],"collection":[{"href":"https:\/\/www.imbe.fr\/fr\/wp-json\/wp\/v2\/pages"}],"about":[{"href":"https:\/\/www.imbe.fr\/fr\/wp-json\/wp\/v2\/types\/page"}],"author":[{"embeddable":true,"href":"https:\/\/www.imbe.fr\/fr\/wp-json\/wp\/v2\/users\/1"}],"replies":[{"embeddable":true,"href":"https:\/\/www.imbe.fr\/fr\/wp-json\/wp\/v2\/comments?post=52"}],"version-history":[{"count":67,"href":"https:\/\/www.imbe.fr\/fr\/wp-json\/wp\/v2\/pages\/52\/revisions"}],"predecessor-version":[{"id":10368,"href":"https:\/\/www.imbe.fr\/fr\/wp-json\/wp\/v2\/pages\/52\/revisions\/10368"}],"wp:attachment":[{"href":"https:\/\/www.imbe.fr\/fr\/wp-json\/wp\/v2\/media?parent=52"}],"curies":[{"name":"wp","href":"https:\/\/api.w.org\/{rel}","templated":true}]}}