{"id":54,"date":"2024-01-18T17:08:11","date_gmt":"2024-01-18T16:08:11","guid":{"rendered":"https:\/\/dev.imbe.fr\/?page_id=54"},"modified":"2025-07-21T11:46:43","modified_gmt":"2025-07-21T09:46:43","slug":"communication","status":"publish","type":"page","link":"https:\/\/www.imbe.fr\/fr\/communication\/","title":{"rendered":"Communication"},"content":{"rendered":"\t\t<div data-elementor-type=\"wp-page\" data-elementor-id=\"54\" class=\"elementor elementor-54\" data-elementor-post-type=\"page\">\n\t\t\t\t<div class=\"elementor-element elementor-element-8ad895e e-con-full e-flex elementor-invisible e-con e-parent\" data-id=\"8ad895e\" data-element_type=\"container\" data-e-type=\"container\" data-settings=\"{&quot;background_background&quot;:&quot;classic&quot;,&quot;animation&quot;:&quot;fadeIn&quot;}\">\n\t\t\t\t<\/div>\n\t\t<div class=\"elementor-element elementor-element-fdfb2cd e-con-full e-flex e-con e-parent\" data-id=\"fdfb2cd\" data-element_type=\"container\" data-e-type=\"container\">\n\t\t<div class=\"elementor-element elementor-element-33331e5 e-con-full e-flex elementor-invisible e-con e-child\" data-id=\"33331e5\" data-element_type=\"container\" data-e-type=\"container\" data-settings=\"{&quot;animation&quot;:&quot;fadeInUp&quot;}\">\n\t\t\t\t<div class=\"elementor-element elementor-element-2a0b7f5 elementor-widget elementor-widget-text-editor\" data-id=\"2a0b7f5\" data-element_type=\"widget\" data-e-type=\"widget\" data-widget_type=\"text-editor.default\">\n\t\t\t\t<div class=\"elementor-widget-container\">\n\t\t\t\t\t\t\t\t\t<p>La diffusion de nos r\u00e9sultats scientifiques est au c\u0153ur de notre mission : elle permet de partager et de rendre accessibles les avanc\u00e9es en recherche \u00e0 un public \u00e9largi. Au-del\u00e0 des publications dans des revues sp\u00e9cialis\u00e9es, l\u2019IMBE d\u00e9ploie de nombreux moyens pour vulgariser les connaissances et les rendre compr\u00e9hensibles et attractives \u00e0 des audiences diversifi\u00e9es. Par des actions concr\u00e8tes et des outils innovants, nous nous engageons \u00e0 rapprocher la science de tous, afin d\u2019\u00e9tablir un dialogue permanent entre les sciences, la recherche et l\u2019ensemble de la population, notamment les plus jeunes.<\/p>\t\t\t\t\t\t\t\t<\/div>\n\t\t\t\t<\/div>\n\t\t\t\t<\/div>\n\t\t\t\t<\/div>\n\t\t\t\t<\/div>\n\t\t","protected":false},"excerpt":{"rendered":"<p>La diffusion de nos r\u00e9sultats scientifiques est au c\u0153ur de notre mission : elle permet de partager et de rendre accessibles les avanc\u00e9es en recherche \u00e0 un public \u00e9largi. Au-del\u00e0 [&hellip;]<\/p>\n","protected":false},"author":1,"featured_media":0,"parent":0,"menu_order":0,"comment_status":"closed","ping_status":"closed","template":"","meta":{"_acf_changed":false,"footnotes":""},"class_list":["post-54","page","type-page","status-publish","hentry"],"acf":[],"_links":{"self":[{"href":"https:\/\/www.imbe.fr\/fr\/wp-json\/wp\/v2\/pages\/54","targetHints":{"allow":["GET"]}}],"collection":[{"href":"https:\/\/www.imbe.fr\/fr\/wp-json\/wp\/v2\/pages"}],"about":[{"href":"https:\/\/www.imbe.fr\/fr\/wp-json\/wp\/v2\/types\/page"}],"author":[{"embeddable":true,"href":"https:\/\/www.imbe.fr\/fr\/wp-json\/wp\/v2\/users\/1"}],"replies":[{"embeddable":true,"href":"https:\/\/www.imbe.fr\/fr\/wp-json\/wp\/v2\/comments?post=54"}],"version-history":[{"count":12,"href":"https:\/\/www.imbe.fr\/fr\/wp-json\/wp\/v2\/pages\/54\/revisions"}],"predecessor-version":[{"id":9201,"href":"https:\/\/www.imbe.fr\/fr\/wp-json\/wp\/v2\/pages\/54\/revisions\/9201"}],"wp:attachment":[{"href":"https:\/\/www.imbe.fr\/fr\/wp-json\/wp\/v2\/media?parent=54"}],"curies":[{"name":"wp","href":"https:\/\/api.w.org\/{rel}","templated":true}]}}