{"id":898,"date":"2024-02-01T10:48:57","date_gmt":"2024-02-01T09:48:57","guid":{"rendered":"https:\/\/dev.imbe.fr\/?page_id=898"},"modified":"2026-01-30T13:48:24","modified_gmt":"2026-01-30T12:48:24","slug":"commissions","status":"publish","type":"page","link":"https:\/\/www.imbe.fr\/fr\/limbe\/commissions\/","title":{"rendered":"Commissions"},"content":{"rendered":"\t\t<div data-elementor-type=\"wp-page\" data-elementor-id=\"898\" class=\"elementor elementor-898\" data-elementor-post-type=\"page\">\n\t\t\t\t<div class=\"elementor-element elementor-element-6af286db e-con-full e-flex elementor-invisible e-con e-parent\" data-id=\"6af286db\" data-element_type=\"container\" data-e-type=\"container\" data-settings=\"{&quot;background_background&quot;:&quot;classic&quot;,&quot;animation&quot;:&quot;fadeIn&quot;}\">\n\t\t\t\t<\/div>\n\t\t<div class=\"elementor-element elementor-element-6d1a13a6 e-con-full breadcrumb e-flex elementor-invisible e-con e-parent\" data-id=\"6d1a13a6\" data-element_type=\"container\" data-e-type=\"container\" data-settings=\"{&quot;animation&quot;:&quot;fadeInUp&quot;}\">\n\t\t<div class=\"elementor-element elementor-element-489cf828 e-con-full e-flex e-con e-child\" data-id=\"489cf828\" data-element_type=\"container\" data-e-type=\"container\">\n\t\t\t\t<div class=\"elementor-element elementor-element-2baea17a elementor-widget elementor-widget-shortcode\" data-id=\"2baea17a\" data-element_type=\"widget\" data-e-type=\"widget\" data-widget_type=\"shortcode.default\">\n\t\t\t\t<div class=\"elementor-widget-container\">\n\t\t\t\t\t\t\t<div class=\"elementor-shortcode\"><nav aria-label=\"breadcrumbs\">\n            <div class=\"breadcrumb-container theme1\">\n                <ol>\n                                    <\/ol>\n            <\/div>\n        <\/nav>    <script type=\"application\/ld+json\">\n        {\n            \"@context\": \"http:\/\/schema.org\",\n            \"@type\": \"BreadcrumbList\",\n            \"itemListElement\": [\n                            ]\n        }\n    <\/script>\n   \n    <script>\n            <\/script>\n<\/div>\n\t\t\t\t\t\t<\/div>\n\t\t\t\t<\/div>\n\t\t\t\t<\/div>\n\t\t\t\t<\/div>\n\t\t<div class=\"elementor-element elementor-element-6e14a108 e-con-full e-flex e-con e-parent\" data-id=\"6e14a108\" data-element_type=\"container\" data-e-type=\"container\">\n\t\t<div class=\"elementor-element elementor-element-10682e97 e-con-full e-flex elementor-invisible e-con e-child\" data-id=\"10682e97\" data-element_type=\"container\" data-e-type=\"container\" data-settings=\"{&quot;animation&quot;:&quot;fadeInUp&quot;}\">\n\t\t\t\t<div class=\"elementor-element elementor-element-3daf914e elementor-widget elementor-widget-icon-box\" data-id=\"3daf914e\" data-element_type=\"widget\" data-e-type=\"widget\" data-widget_type=\"icon-box.default\">\n\t\t\t\t<div class=\"elementor-widget-container\">\n\t\t\t\t\t\t\t<div class=\"elementor-icon-box-wrapper\">\n\n\t\t\t\n\t\t\t\t\t\t<div class=\"elementor-icon-box-content\">\n\n\t\t\t\t\t\t\t\t\t<h2 class=\"elementor-icon-box-title\">\n\t\t\t\t\t\t<span  >\n\t\t\t\t\t\t\tUne organisation fonctionnelle compl\u00e9mentaire : les commissions et cellules\t\t\t\t\t\t<\/span>\n\t\t\t\t\t<\/h2>\n\t\t\t\t\n\t\t\t\t\n\t\t\t<\/div>\n\t\t\t\n\t\t<\/div>\n\t\t\t\t\t\t<\/div>\n\t\t\t\t<\/div>\n\t\t\t\t<div class=\"elementor-element elementor-element-54c4859f elementor-widget elementor-widget-text-editor\" data-id=\"54c4859f\" data-element_type=\"widget\" data-e-type=\"widget\" data-widget_type=\"text-editor.default\">\n\t\t\t\t<div class=\"elementor-widget-container\">\n\t\t\t\t\t\t\t\t\t<p>L\u2019IMBE est un <strong>groupe humain<\/strong>, que nous concevons soud\u00e9 et solidaire, avec ses disparit\u00e9s et ses compl\u00e9mentarit\u00e9s. Bien-\u00eatre au travail, respect mutuel, \u00e9thique, sont des valeurs que nous d\u00e9fendons. Coll\u00e9gialit\u00e9 et accompagnement dans les carri\u00e8res sont des principes que nous travaillons \u00e0 consolider. La communication interne et l\u2019animation scientifique et technique constitue une cl\u00e9 de vo\u00fbte pour maintenir la coh\u00e9rence et les synergies dans l\u2019Unit\u00e9.<\/p><p>Pour cela, l&#8217;IMBE s&#8217;appuie sur un ensemble de <strong>8 cellules et commissions<\/strong> :<\/p><ul><li>Commission Hygi\u00e8ne &amp; S\u00e9curit\u00e9<\/li><li>Commission Maintenance et R\u00e9paration des \u00c9quipements<\/li><li>Commissions de sites<\/li><li>Commission des doctorants<\/li><li>Commission enseignement<\/li><li>Commission des Personnels<\/li><li>Cellule Verte<\/li><li>Cellule Communication<\/li><\/ul>\t\t\t\t\t\t\t\t<\/div>\n\t\t\t\t<\/div>\n\t\t\t\t<\/div>\n\t\t\t\t<\/div>\n\t\t\t\t<\/div>\n\t\t","protected":false},"excerpt":{"rendered":"<p>Une organisation fonctionnelle compl\u00e9mentaire : les commissions et cellules L\u2019IMBE est un groupe humain, que nous concevons soud\u00e9 et solidaire, avec ses disparit\u00e9s et ses compl\u00e9mentarit\u00e9s. Bien-\u00eatre au travail, respect [&hellip;]<\/p>\n","protected":false},"author":1,"featured_media":0,"parent":46,"menu_order":0,"comment_status":"closed","ping_status":"closed","template":"","meta":{"_acf_changed":false,"footnotes":""},"class_list":["post-898","page","type-page","status-publish","hentry"],"acf":[],"_links":{"self":[{"href":"https:\/\/www.imbe.fr\/fr\/wp-json\/wp\/v2\/pages\/898","targetHints":{"allow":["GET"]}}],"collection":[{"href":"https:\/\/www.imbe.fr\/fr\/wp-json\/wp\/v2\/pages"}],"about":[{"href":"https:\/\/www.imbe.fr\/fr\/wp-json\/wp\/v2\/types\/page"}],"author":[{"embeddable":true,"href":"https:\/\/www.imbe.fr\/fr\/wp-json\/wp\/v2\/users\/1"}],"replies":[{"embeddable":true,"href":"https:\/\/www.imbe.fr\/fr\/wp-json\/wp\/v2\/comments?post=898"}],"version-history":[{"count":22,"href":"https:\/\/www.imbe.fr\/fr\/wp-json\/wp\/v2\/pages\/898\/revisions"}],"predecessor-version":[{"id":10121,"href":"https:\/\/www.imbe.fr\/fr\/wp-json\/wp\/v2\/pages\/898\/revisions\/10121"}],"up":[{"embeddable":true,"href":"https:\/\/www.imbe.fr\/fr\/wp-json\/wp\/v2\/pages\/46"}],"wp:attachment":[{"href":"https:\/\/www.imbe.fr\/fr\/wp-json\/wp\/v2\/media?parent=898"}],"curies":[{"name":"wp","href":"https:\/\/api.w.org\/{rel}","templated":true}]}}