{"id":901,"date":"2024-02-01T10:49:15","date_gmt":"2024-02-01T09:49:15","guid":{"rendered":"https:\/\/dev.imbe.fr\/?page_id=901"},"modified":"2024-04-28T19:15:03","modified_gmt":"2024-04-28T17:15:03","slug":"instituts","status":"publish","type":"page","link":"https:\/\/www.imbe.fr\/fr\/limbe\/instituts\/","title":{"rendered":"Instituts"},"content":{"rendered":"\t\t<div data-elementor-type=\"wp-page\" data-elementor-id=\"901\" class=\"elementor elementor-901\" data-elementor-post-type=\"page\">\n\t\t\t\t<div class=\"elementor-element elementor-element-6af286db e-con-full e-flex elementor-invisible e-con e-parent\" data-id=\"6af286db\" data-element_type=\"container\" data-e-type=\"container\" data-settings=\"{&quot;background_background&quot;:&quot;classic&quot;,&quot;animation&quot;:&quot;fadeIn&quot;}\">\n\t\t\t\t<\/div>\n\t\t<div class=\"elementor-element elementor-element-6d1a13a6 e-con-full breadcrumb e-flex elementor-invisible e-con e-parent\" data-id=\"6d1a13a6\" data-element_type=\"container\" data-e-type=\"container\" data-settings=\"{&quot;animation&quot;:&quot;fadeInUp&quot;}\">\n\t\t<div class=\"elementor-element elementor-element-489cf828 e-con-full e-flex e-con e-child\" data-id=\"489cf828\" data-element_type=\"container\" data-e-type=\"container\">\n\t\t\t\t<div class=\"elementor-element elementor-element-2baea17a elementor-widget elementor-widget-shortcode\" data-id=\"2baea17a\" data-element_type=\"widget\" data-e-type=\"widget\" data-widget_type=\"shortcode.default\">\n\t\t\t\t<div class=\"elementor-widget-container\">\n\t\t\t\t\t\t\t<div class=\"elementor-shortcode\"><nav aria-label=\"breadcrumbs\">\n            <div class=\"breadcrumb-container theme1\">\n                <ol>\n                                    <\/ol>\n            <\/div>\n        <\/nav>    <script type=\"application\/ld+json\">\n        {\n            \"@context\": \"http:\/\/schema.org\",\n            \"@type\": \"BreadcrumbList\",\n            \"itemListElement\": [\n                            ]\n        }\n    <\/script>\n   \n    <script>\n            <\/script>\n<\/div>\n\t\t\t\t\t\t<\/div>\n\t\t\t\t<\/div>\n\t\t\t\t<\/div>\n\t\t\t\t<\/div>\n\t\t<div class=\"elementor-element elementor-element-489f1bb9 e-con-full e-flex e-con e-parent\" data-id=\"489f1bb9\" data-element_type=\"container\" data-e-type=\"container\">\n\t\t<div class=\"elementor-element elementor-element-7adbbcf0 e-con-full e-flex elementor-invisible e-con e-child\" data-id=\"7adbbcf0\" data-element_type=\"container\" data-e-type=\"container\" data-settings=\"{&quot;animation&quot;:&quot;fadeInUp&quot;}\">\n\t\t\t\t<div class=\"elementor-element elementor-element-601bb30b elementor-widget elementor-widget-icon-box\" data-id=\"601bb30b\" data-element_type=\"widget\" data-e-type=\"widget\" data-widget_type=\"icon-box.default\">\n\t\t\t\t<div class=\"elementor-widget-container\">\n\t\t\t\t\t\t\t<div class=\"elementor-icon-box-wrapper\">\n\n\t\t\t\n\t\t\t\t\t\t<div class=\"elementor-icon-box-content\">\n\n\t\t\t\t\t\t\t\t\t<h2 class=\"elementor-icon-box-title\">\n\t\t\t\t\t\t<span  >\n\t\t\t\t\t\t\tUne Unit\u00e9 multitutelles\t\t\t\t\t\t<\/span>\n\t\t\t\t\t<\/h2>\n\t\t\t\t\n\t\t\t\t\n\t\t\t<\/div>\n\t\t\t\n\t\t<\/div>\n\t\t\t\t\t\t<\/div>\n\t\t\t\t<\/div>\n\t\t\t\t<div class=\"elementor-element elementor-element-28e1847d elementor-widget elementor-widget-text-editor\" data-id=\"28e1847d\" data-element_type=\"widget\" data-e-type=\"widget\" data-widget_type=\"text-editor.default\">\n\t\t\t\t<div class=\"elementor-widget-container\">\n\t\t\t\t\t\t\t\t\t<p>L&#8217;imbe est rattach\u00e9e \u00e0 4 tutelles, 2 Universit\u00e9s et 2 EPST :<\/p><ul><li>Aix Marseille Universit\u00e9<\/li><li>Avignon Universit\u00e9<\/li><li>CNRS, DR12<\/li><li>IRD, d\u00e9l\u00e9gation r\u00e9gionale Noum\u00e9a, d\u00e9l\u00e9gation r\u00e9gionale S\u00e9n\u00e9gal<\/li><\/ul>\t\t\t\t\t\t\t\t<\/div>\n\t\t\t\t<\/div>\n\t\t\t\t<\/div>\n\t\t\t\t<\/div>\n\t\t<div class=\"elementor-element elementor-element-52cddc7e e-con-full e-flex e-con e-parent\" data-id=\"52cddc7e\" data-element_type=\"container\" data-e-type=\"container\">\n\t\t<div class=\"elementor-element elementor-element-17b63d76 e-con-full e-flex elementor-invisible e-con e-child\" data-id=\"17b63d76\" data-element_type=\"container\" data-e-type=\"container\" data-settings=\"{&quot;animation&quot;:&quot;fadeInUp&quot;}\">\n\t\t\t\t<div class=\"elementor-element elementor-element-23a4770a elementor-widget elementor-widget-icon-box\" data-id=\"23a4770a\" data-element_type=\"widget\" data-e-type=\"widget\" data-widget_type=\"icon-box.default\">\n\t\t\t\t<div class=\"elementor-widget-container\">\n\t\t\t\t\t\t\t<div class=\"elementor-icon-box-wrapper\">\n\n\t\t\t\n\t\t\t\t\t\t<div class=\"elementor-icon-box-content\">\n\n\t\t\t\t\t\t\t\t\t<h2 class=\"elementor-icon-box-title\">\n\t\t\t\t\t\t<span  >\n\t\t\t\t\t\t\tUne Unit\u00e9 multicomposantes\t\t\t\t\t\t<\/span>\n\t\t\t\t\t<\/h2>\n\t\t\t\t\n\t\t\t\t\n\t\t\t<\/div>\n\t\t\t\n\t\t<\/div>\n\t\t\t\t\t\t<\/div>\n\t\t\t\t<\/div>\n\t\t\t\t<div class=\"elementor-element elementor-element-b3e8aa5 elementor-widget elementor-widget-text-editor\" data-id=\"b3e8aa5\" data-element_type=\"widget\" data-e-type=\"widget\" data-widget_type=\"text-editor.default\">\n\t\t\t\t<div class=\"elementor-widget-container\">\n\t\t\t\t\t\t\t\t\t<p>L\u2019IMBE est rattach\u00e9 \u00e0 11 composantes universitaires, d\u00e9partements ou instituts :<\/p><ul><li>A Aix-Marseille Universit\u00e9, l&#8217;IMBE est rattach\u00e9 \u00e0 5 composantes<ul><li>l\u2019Observatoire des Sciences de l\u2019Univers (OSU) &#8211; Institut Pyth\u00e9as (Composante principale)<\/li><li>La Facult\u00e9 des Sciences<\/li><li>La Facult\u00e9 de Pharmacie<\/li><li>La Facult\u00e9 des Sciences M\u00e9dicales et Param\u00e9dicales<\/li><li>L&#8217;IUT<\/li><\/ul><\/li><li>A Avignon Universit\u00e9, l&#8217;IMBE est rattach\u00e9 \u00e0 2 composantes<ul><li>L&#8217;UFR Sciences, Technologies, Sant\u00e9<\/li><li>L&#8217;IUT.<\/li><\/ul><\/li><li>Au CNRS, L&#8217;IMBE ne d\u00e9pend que d&#8217;un seul institut\u00a0<ul><li>L&#8217;Institut\u00a0 &#8220;\u00c9cologie &amp; Environnement&#8221;<\/li><\/ul><\/li><li>A l&#8217;IRD, l&#8217;IMBE est rattach\u00e9 \u00e0 2 d\u00e9partements<ul><li>Le d\u00e9partement &#8220;\u00c9cologie, Biodiversit\u00e9 et Fonctionnement des \u00c9cosyst\u00e8mes Continentaux (ECOBIO) &#8220;<\/li><li>Le d\u00e9partement &#8220;Oc\u00e9ans, climat et ressources (OCEANS)&#8221;<\/li><\/ul><\/li><\/ul>\t\t\t\t\t\t\t\t<\/div>\n\t\t\t\t<\/div>\n\t\t\t\t<\/div>\n\t\t\t\t<\/div>\n\t\t<div class=\"elementor-element elementor-element-b448e98 e-con-full e-flex e-con e-parent\" data-id=\"b448e98\" data-element_type=\"container\" data-e-type=\"container\">\n\t\t<div class=\"elementor-element elementor-element-28496f6 e-con-full e-flex elementor-invisible e-con e-child\" data-id=\"28496f6\" data-element_type=\"container\" data-e-type=\"container\" data-settings=\"{&quot;animation&quot;:&quot;fadeInUp&quot;}\">\n\t\t\t\t<div class=\"elementor-element elementor-element-aeb6820 elementor-widget elementor-widget-icon-box\" data-id=\"aeb6820\" data-element_type=\"widget\" data-e-type=\"widget\" data-widget_type=\"icon-box.default\">\n\t\t\t\t<div class=\"elementor-widget-container\">\n\t\t\t\t\t\t\t<div class=\"elementor-icon-box-wrapper\">\n\n\t\t\t\n\t\t\t\t\t\t<div class=\"elementor-icon-box-content\">\n\n\t\t\t\t\t\t\t\t\t<h2 class=\"elementor-icon-box-title\">\n\t\t\t\t\t\t<span  >\n\t\t\t\t\t\t\tL\u2019IMBE est membre de quatre instituts d\u2019\u00e9tablissement \u00e0 AMU\t\t\t\t\t\t<\/span>\n\t\t\t\t\t<\/h2>\n\t\t\t\t\n\t\t\t\t\n\t\t\t<\/div>\n\t\t\t\n\t\t<\/div>\n\t\t\t\t\t\t<\/div>\n\t\t\t\t<\/div>\n\t\t\t\t<div class=\"elementor-element elementor-element-34b7619 elementor-widget elementor-widget-text-editor\" data-id=\"34b7619\" data-element_type=\"widget\" data-e-type=\"widget\" data-widget_type=\"text-editor.default\">\n\t\t\t\t<div class=\"elementor-widget-container\">\n\t\t\t\t\t\t\t\t\t<ul><li>L\u2019Institut M\u00e9diterran\u00e9en pour la Transition Environnementale (ITEM), engag\u00e9 dans la compr\u00e9hension des effets du changement global sur la soci\u00e9t\u00e9 et les ressources naturelles, ainsi que des solutions pour parvenir au respect des objectifs de d\u00e9veloppement durable ;<\/li><li>\u00a0L\u2019Institut des Sciences de l\u2019Oc\u00e9an (OCEAN), articulant recherche, formation et ing\u00e9nierie autour de l\u2019oc\u00e9anographie, notamment biologique ;<\/li><li>L\u2019Institut d\u2019arch\u00e9ologie m\u00e9diterran\u00e9enne (ARKAIA), f\u00e9d\u00e9rant les arch\u00e9osciences y compris les approches pal\u00e9o\u00e9cologiques ;<\/li><li>L\u2019Institut ORIGINES (\u00ab De la formation des plan\u00e8tes \u00e0 l\u2019\u00e9mergence de la vie \u00bb), qui met son interdisciplinarit\u00e9 au service de la compr\u00e9hension des origines de la vie sur terre.<\/li><\/ul>\t\t\t\t\t\t\t\t<\/div>\n\t\t\t\t<\/div>\n\t\t\t\t<\/div>\n\t\t\t\t<\/div>\n\t\t<div class=\"elementor-element elementor-element-9846c08 e-con-full e-flex e-con e-parent\" data-id=\"9846c08\" data-element_type=\"container\" data-e-type=\"container\">\n\t\t<div class=\"elementor-element elementor-element-66e00f7 e-con-full e-flex elementor-invisible e-con e-child\" data-id=\"66e00f7\" data-element_type=\"container\" data-e-type=\"container\" data-settings=\"{&quot;animation&quot;:&quot;fadeInUp&quot;}\">\n\t\t\t\t<div class=\"elementor-element elementor-element-993b1e4 elementor-widget elementor-widget-icon-box\" data-id=\"993b1e4\" data-element_type=\"widget\" data-e-type=\"widget\" data-widget_type=\"icon-box.default\">\n\t\t\t\t<div class=\"elementor-widget-container\">\n\t\t\t\t\t\t\t<div class=\"elementor-icon-box-wrapper\">\n\n\t\t\t\n\t\t\t\t\t\t<div class=\"elementor-icon-box-content\">\n\n\t\t\t\t\t\t\t\t\t<h2 class=\"elementor-icon-box-title\">\n\t\t\t\t\t\t<span  >\n\t\t\t\t\t\t\tL\u2019IMBE fait partie de quatre f\u00e9d\u00e9rations de recherche\t\t\t\t\t\t<\/span>\n\t\t\t\t\t<\/h2>\n\t\t\t\t\n\t\t\t\t\n\t\t\t<\/div>\n\t\t\t\n\t\t<\/div>\n\t\t\t\t\t\t<\/div>\n\t\t\t\t<\/div>\n\t\t\t\t<div class=\"elementor-element elementor-element-711df5f elementor-widget elementor-widget-text-editor\" data-id=\"711df5f\" data-element_type=\"widget\" data-e-type=\"widget\" data-widget_type=\"text-editor.default\">\n\t\t\t\t<div class=\"elementor-widget-container\">\n\t\t\t\t\t\t\t\t\t<ul><li>\u00c9cosyst\u00e8mes continentaux et risques environnementaux (ECCOREV) ;<\/li><li>Culture, patrimoine, soci\u00e9t\u00e9s num\u00e9riques (AGORANTIC) ;<\/li><li>Valorisation des Produits V\u00e9g\u00e9taux Naturels \u2013 Qualit\u00e9 et Environnement (TERSYS) ;<\/li><li>La F\u00e9d\u00e9ration des Sciences Chimiques de Marseille (FSCM ; FR1739) qui d\u00e9veloppe et g\u00e8re des moyens analytiques tr\u00e8s cons\u00e9quents sur sept plateaux-techniques \u00e0 Marseille.<\/li><\/ul>\t\t\t\t\t\t\t\t<\/div>\n\t\t\t\t<\/div>\n\t\t\t\t<\/div>\n\t\t\t\t<\/div>\n\t\t<div class=\"elementor-element elementor-element-a13b74e e-con-full e-flex e-con e-parent\" data-id=\"a13b74e\" data-element_type=\"container\" data-e-type=\"container\">\n\t\t<div class=\"elementor-element elementor-element-e9bc0f2 e-con-full e-flex elementor-invisible e-con e-child\" data-id=\"e9bc0f2\" data-element_type=\"container\" data-e-type=\"container\" data-settings=\"{&quot;animation&quot;:&quot;fadeInUp&quot;}\">\n\t\t\t\t<div class=\"elementor-element elementor-element-fe5f40c elementor-widget elementor-widget-icon-box\" data-id=\"fe5f40c\" data-element_type=\"widget\" data-e-type=\"widget\" data-widget_type=\"icon-box.default\">\n\t\t\t\t<div class=\"elementor-widget-container\">\n\t\t\t\t\t\t\t<div class=\"elementor-icon-box-wrapper\">\n\n\t\t\t\n\t\t\t\t\t\t<div class=\"elementor-icon-box-content\">\n\n\t\t\t\t\t\t\t\t\t<h2 class=\"elementor-icon-box-title\">\n\t\t\t\t\t\t<span  >\n\t\t\t\t\t\t\tL\u2019IMBE est membre de cinq p\u00f4les de comp\u00e9titivit\u00e9\t\t\t\t\t\t<\/span>\n\t\t\t\t\t<\/h2>\n\t\t\t\t\n\t\t\t\t\n\t\t\t<\/div>\n\t\t\t\n\t\t<\/div>\n\t\t\t\t\t\t<\/div>\n\t\t\t\t<\/div>\n\t\t\t\t<div class=\"elementor-element elementor-element-7d65f11 elementor-widget elementor-widget-text-editor\" data-id=\"7d65f11\" data-element_type=\"widget\" data-e-type=\"widget\" data-widget_type=\"text-editor.default\">\n\t\t\t\t<div class=\"elementor-widget-container\">\n\t\t\t\t\t\t\t\t\t<ul><li>Mer M\u00e9diterran\u00e9e, centr\u00e9e sur le d\u00e9veloppement \u00e9conomique des zones littorales et maritimes en M\u00e9diterran\u00e9e ;<\/li><li>Culture et Patrimoines, bas\u00e9 \u00e0 Arles et portant sur les fili\u00e8res de la Culture et du Patrimoine ;<\/li><li>Innov\u2019Alliance, en faveur d\u2019une agriculture plus durable et de produits respectueux de l\u2019environnement ;<\/li><li>CAP\u2019Energies, centr\u00e9 sur les fili\u00e8res \u00e9nerg\u00e9tiques et la transition \u00e9nerg\u00e9tique ;<\/li><li>SAFE, int\u00e9grant la d\u00e9fense et pr\u00e9vention des risques environnementaux.<\/li><\/ul>\t\t\t\t\t\t\t\t<\/div>\n\t\t\t\t<\/div>\n\t\t\t\t<\/div>\n\t\t\t\t<\/div>\n\t\t\t\t<\/div>\n\t\t","protected":false},"excerpt":{"rendered":"<p>Une Unit\u00e9 multitutelles L&#8217;imbe est rattach\u00e9e \u00e0 4 tutelles, 2 Universit\u00e9s et 2 EPST : Aix Marseille Universit\u00e9 Avignon Universit\u00e9 CNRS, DR12 IRD, d\u00e9l\u00e9gation r\u00e9gionale Noum\u00e9a, d\u00e9l\u00e9gation r\u00e9gionale S\u00e9n\u00e9gal Une [&hellip;]<\/p>\n","protected":false},"author":1,"featured_media":0,"parent":46,"menu_order":0,"comment_status":"closed","ping_status":"closed","template":"","meta":{"_acf_changed":false,"footnotes":""},"class_list":["post-901","page","type-page","status-publish","hentry"],"acf":[],"_links":{"self":[{"href":"https:\/\/www.imbe.fr\/fr\/wp-json\/wp\/v2\/pages\/901","targetHints":{"allow":["GET"]}}],"collection":[{"href":"https:\/\/www.imbe.fr\/fr\/wp-json\/wp\/v2\/pages"}],"about":[{"href":"https:\/\/www.imbe.fr\/fr\/wp-json\/wp\/v2\/types\/page"}],"author":[{"embeddable":true,"href":"https:\/\/www.imbe.fr\/fr\/wp-json\/wp\/v2\/users\/1"}],"replies":[{"embeddable":true,"href":"https:\/\/www.imbe.fr\/fr\/wp-json\/wp\/v2\/comments?post=901"}],"version-history":[{"count":17,"href":"https:\/\/www.imbe.fr\/fr\/wp-json\/wp\/v2\/pages\/901\/revisions"}],"predecessor-version":[{"id":1946,"href":"https:\/\/www.imbe.fr\/fr\/wp-json\/wp\/v2\/pages\/901\/revisions\/1946"}],"up":[{"embeddable":true,"href":"https:\/\/www.imbe.fr\/fr\/wp-json\/wp\/v2\/pages\/46"}],"wp:attachment":[{"href":"https:\/\/www.imbe.fr\/fr\/wp-json\/wp\/v2\/media?parent=901"}],"curies":[{"name":"wp","href":"https:\/\/api.w.org\/{rel}","templated":true}]}}